{"id":738921,"date":"2025-08-27T23:59:52","date_gmt":"2025-08-27T20:59:52","guid":{"rendered":"https:\/\/roveyayinevi.com.tr\/index.php\/urun\/ben-ve-balina\/"},"modified":"2026-04-16T02:49:17","modified_gmt":"2026-04-15T23:49:17","slug":"ben-ve-balina","status":"publish","type":"product","link":"https:\/\/roveyayinevi.com.tr\/index.php\/urun\/ben-ve-balina\/","title":{"rendered":"Ben ve Balina"},"content":{"rendered":"<p>Okumay\u0131 yazmay\u0131 \u00f6\u011frendi\u011fimde en b\u00fcy\u00fck hayalim kitap yazmakt\u0131. Mutluyum \u00e7\u00fcnk\u00fc bu hayalimi ger\u00e7ekle\u015ftirdim. Sizler de benim bu mutlulu\u011fumu payla\u015fmak istiyorsan\u0131z \u201cBen ve Balina\u201d ad\u0131n\u0131 verdi\u011fim kitab\u0131m\u0131 okuyabilirsiniz.<\/p>\n","protected":false},"excerpt":{"rendered":"<p>Okumay\u0131 yazmay\u0131 \u00f6\u011frendi\u011fimde en b\u00fcy\u00fck hayalim kitap yazmakt\u0131. Mutluyum \u00e7\u00fcnk\u00fc bu hayalimi ger\u00e7ekle\u015ftirdim. Sizler de benim bu mutlulu\u011fumu payla\u015fmak istiyorsan\u0131z \u201cBen ve Balina\u201d ad\u0131n\u0131 verdi\u011fim kitab\u0131m\u0131<span class=\"excerpt-hellip\"> [\u2026]<\/span><\/p>\n","protected":false},"featured_media":0,"template":"","meta":{"_monsterinsights_skip_tracking":false,"_monsterinsights_sitenote_active":false,"_monsterinsights_sitenote_note":"","_monsterinsights_sitenote_category":0},"product_brand":[],"product_cat":[12274,12523],"product_tag":[],"class_list":{"0":"post-738921","1":"product","2":"type-product","3":"status-publish","5":"product_cat-cocuk-ve-genclik-kitaplari","6":"product_cat-masallar","7":"pa_cilt-ciltsiz","8":"pa_tur-kitap","9":"pa_yayinevi-yade-yayinlari","10":"pa_yazar-almila-bolater","12":"first","13":"instock","14":"sale","15":"shipping-taxable","16":"purchasable","17":"product-type-simple"},"_links":{"self":[{"href":"https:\/\/roveyayinevi.com.tr\/index.php\/wp-json\/wp\/v2\/product\/738921","targetHints":{"allow":["GET"]}}],"collection":[{"href":"https:\/\/roveyayinevi.com.tr\/index.php\/wp-json\/wp\/v2\/product"}],"about":[{"href":"https:\/\/roveyayinevi.com.tr\/index.php\/wp-json\/wp\/v2\/types\/product"}],"wp:attachment":[{"href":"https:\/\/roveyayinevi.com.tr\/index.php\/wp-json\/wp\/v2\/media?parent=738921"}],"wp:term":[{"taxonomy":"product_brand","embeddable":true,"href":"https:\/\/roveyayinevi.com.tr\/index.php\/wp-json\/wp\/v2\/product_brand?post=738921"},{"taxonomy":"product_cat","embeddable":true,"href":"https:\/\/roveyayinevi.com.tr\/index.php\/wp-json\/wp\/v2\/product_cat?post=738921"},{"taxonomy":"product_tag","embeddable":true,"href":"https:\/\/roveyayinevi.com.tr\/index.php\/wp-json\/wp\/v2\/product_tag?post=738921"}],"curies":[{"name":"wp","href":"https:\/\/api.w.org\/{rel}","templated":true}]}}