{"id":738918,"date":"2025-08-27T23:59:49","date_gmt":"2025-08-27T20:59:49","guid":{"rendered":"https:\/\/roveyayinevi.com.tr\/index.php\/urun\/kadinin-adi-var-2\/"},"modified":"2026-04-16T02:49:17","modified_gmt":"2026-04-15T23:49:17","slug":"kadinin-adi-var-2","status":"publish","type":"product","link":"https:\/\/roveyayinevi.com.tr\/index.php\/urun\/kadinin-adi-var-2\/","title":{"rendered":"Kad\u0131n\u0131n Ad\u0131 Var"},"content":{"rendered":"<p>\u0130slam \u00fclkelerinde kad\u0131n olmak zordur. Kendini din alimi gibi g\u00f6ren \u00f6yle softalar var ki, kad\u0131n\u0131 horlar, kad\u0131n\u0131 a\u015fa\u011f\u0131layan kocalar, kay\u0131nvalideler, ma\u00e7olar, insan k\u0131l\u0131\u011f\u0131na b\u00fcr\u00fcnm\u00fc\u015f erkekler kad\u0131n\u0131 yaln\u0131zca &#8220;di\u015fi&#8221; olarak g\u00f6r\u00fcr, onlara mal, bir k\u00f6le muamelesi yapar. Tarlada, ba\u011fda, bah\u00e7ede \u00e7al\u0131\u015fan, evde anne e\u015f olarak hizmet eden kad\u0131n\u0131n \u00e7al\u0131\u015fan insanlar gibi 08:00&#8242; de ba\u015flay\u0131p ak\u015fam 17:00&#8242; de biten sekiz saatlik bir mesaisi yoktur. Kad\u0131n resmen k\u00f6le gibi kullan\u0131l\u0131r. \u0130nsan oldu\u011fu unutulur.Kad\u0131nlar\u0131n Allah kat\u0131nda ne kadar kutsal birer varl\u0131k olduklar\u0131 hat\u0131rlanmaz. Bu y\u00fczdendir ki kad\u0131n cinayetleri, kad\u0131na \u015fiddet engellenemiyor. Devlet, kad\u0131n haklar\u0131n\u0131 koruyacak yasalar \u00e7\u0131karm\u0131\u015f olsa da hala yetersiz. Kad\u0131n\u0131 e\u015fya gibi g\u00f6ren bir toplumda yasalar i\u015fe yaramaz. Kad\u0131n, hala &#8220;g\u00fclmenin g\u00fcnah&#8221; oldu\u011funu d\u00fc\u015f\u00fcnen bir toplumda ya\u015fama m\u00fccadelesi veriyor. B\u00f6yle d\u00fc\u015f\u00fcnen insanlara g\u00f6re kad\u0131na g\u00fclmek yasak! Kad\u0131n a\u011flamak, itilmek ve kak\u0131lmak i\u00e7in yarat\u0131lm\u0131\u015f!Beng\u00fcl Dedeo\u011flu&#8217;nun e\u015fsiz kaleminden gelen \u00f6yk\u00fcn\u00fcn 3. bask\u0131s\u0131d\u0131r. Bir kad\u0131n olarak, kad\u0131n sorunlar\u0131n\u0131 g\u00fczel bir anlat\u0131m ile okuyucuya aktaran yazar, T\u00fcrk toplumunda kad\u0131n olman\u0131n zorluklar\u0131n\u0131 g\u00f6zler \u00f6n\u00fcne sermektedir. Kendinizden bir \u015feyleri bulaca\u011f\u0131n\u0131z bu kitab\u0131 zevkle okuyacaks\u0131n\u0131z.<\/p>\n","protected":false},"excerpt":{"rendered":"<p>\u0130slam \u00fclkelerinde kad\u0131n olmak zordur. Kendini din alimi gibi g\u00f6ren \u00f6yle softalar var ki, kad\u0131n\u0131 horlar, kad\u0131n\u0131 a\u015fa\u011f\u0131layan kocalar, kay\u0131nvalideler, ma\u00e7olar, insan k\u0131l\u0131\u011f\u0131na b\u00fcr\u00fcnm\u00fc\u015f erkekler kad\u0131n\u0131<span class=\"excerpt-hellip\"> [\u2026]<\/span><\/p>\n","protected":false},"featured_media":0,"template":"","meta":{"_monsterinsights_skip_tracking":false,"_monsterinsights_sitenote_active":false,"_monsterinsights_sitenote_note":"","_monsterinsights_sitenote_category":0},"product_brand":[],"product_cat":[12291,12711],"product_tag":[],"class_list":{"0":"post-738918","1":"product","2":"type-product","3":"status-publish","5":"product_cat-edebiyat","6":"product_cat-roman-oyku","7":"pa_cilt-ciltsiz","8":"pa_tur-kitap","9":"pa_yayinevi-herdem-kitap","10":"pa_yazar-bengul-dedeoglu","12":"first","13":"instock","14":"sale","15":"shipping-taxable","16":"purchasable","17":"product-type-simple"},"_links":{"self":[{"href":"https:\/\/roveyayinevi.com.tr\/index.php\/wp-json\/wp\/v2\/product\/738918","targetHints":{"allow":["GET"]}}],"collection":[{"href":"https:\/\/roveyayinevi.com.tr\/index.php\/wp-json\/wp\/v2\/product"}],"about":[{"href":"https:\/\/roveyayinevi.com.tr\/index.php\/wp-json\/wp\/v2\/types\/product"}],"wp:attachment":[{"href":"https:\/\/roveyayinevi.com.tr\/index.php\/wp-json\/wp\/v2\/media?parent=738918"}],"wp:term":[{"taxonomy":"product_brand","embeddable":true,"href":"https:\/\/roveyayinevi.com.tr\/index.php\/wp-json\/wp\/v2\/product_brand?post=738918"},{"taxonomy":"product_cat","embeddable":true,"href":"https:\/\/roveyayinevi.com.tr\/index.php\/wp-json\/wp\/v2\/product_cat?post=738918"},{"taxonomy":"product_tag","embeddable":true,"href":"https:\/\/roveyayinevi.com.tr\/index.php\/wp-json\/wp\/v2\/product_tag?post=738918"}],"curies":[{"name":"wp","href":"https:\/\/api.w.org\/{rel}","templated":true}]}}