{"id":738917,"date":"2025-08-27T23:59:47","date_gmt":"2025-08-27T20:59:47","guid":{"rendered":"https:\/\/roveyayinevi.com.tr\/index.php\/urun\/kurtaricim-beyna-3\/"},"modified":"2026-04-16T02:49:17","modified_gmt":"2026-04-15T23:49:17","slug":"kurtaricim-beyna-3","status":"publish","type":"product","link":"https:\/\/roveyayinevi.com.tr\/index.php\/urun\/kurtaricim-beyna-3\/","title":{"rendered":"Kurtar\u0131c\u0131m Beyna &#8211; 3"},"content":{"rendered":"<p>&#8220;Hayalin ne, Uygar? Bir hayalin var m\u0131?&#8221; diye sormu\u015ftum ona televizyon izledi\u011fimiz bir anda. &#8220;Var,&#8221; demi\u015fti sakin ve yumu\u015fak bir ses tonuyla. &#8220;Her insan\u0131n hayali olur.&#8221; diye eklemi\u015fti. \u015ea\u015f\u0131rm\u0131\u015ft\u0131m ve hayalini merak etmi\u015ftim. Heyecanla sordum &#8220;Ne peki?&#8221; Bunu sorarken hayalinin ne oldu\u011funu kesinlikle tahmin edememi\u015ftim. G\u00fcl\u00fcmsemi\u015f ve sa\u00e7lar\u0131m\u0131 ok\u015fam\u0131\u015ft\u0131. &#8220;Hayalim, senin t\u00fcm hayallerini ger\u00e7ekle\u015ftirmek.&#8221; \u0130ki el aras\u0131nda olu\u015fan sevgi, Beyna.<\/p>\n","protected":false},"excerpt":{"rendered":"<p>&#8220;Hayalin ne, Uygar? Bir hayalin var m\u0131?&#8221; diye sormu\u015ftum ona televizyon izledi\u011fimiz bir anda. &#8220;Var,&#8221; demi\u015fti sakin ve yumu\u015fak bir ses tonuyla. &#8220;Her insan\u0131n hayali olur.&#8221;<span class=\"excerpt-hellip\"> [\u2026]<\/span><\/p>\n","protected":false},"featured_media":0,"template":"","meta":{"_monsterinsights_skip_tracking":false,"_monsterinsights_sitenote_active":false,"_monsterinsights_sitenote_note":"","_monsterinsights_sitenote_category":0},"product_brand":[],"product_cat":[12291,12711],"product_tag":[],"class_list":{"0":"post-738917","1":"product","2":"type-product","3":"status-publish","5":"product_cat-edebiyat","6":"product_cat-roman-oyku","7":"pa_cilt-ciltsiz","8":"pa_tur-kitap","9":"pa_yayinevi-herdem-kitap","10":"pa_yazar-merve-senturk-gezici","12":"first","13":"instock","14":"sale","15":"shipping-taxable","16":"purchasable","17":"product-type-simple"},"_links":{"self":[{"href":"https:\/\/roveyayinevi.com.tr\/index.php\/wp-json\/wp\/v2\/product\/738917","targetHints":{"allow":["GET"]}}],"collection":[{"href":"https:\/\/roveyayinevi.com.tr\/index.php\/wp-json\/wp\/v2\/product"}],"about":[{"href":"https:\/\/roveyayinevi.com.tr\/index.php\/wp-json\/wp\/v2\/types\/product"}],"wp:attachment":[{"href":"https:\/\/roveyayinevi.com.tr\/index.php\/wp-json\/wp\/v2\/media?parent=738917"}],"wp:term":[{"taxonomy":"product_brand","embeddable":true,"href":"https:\/\/roveyayinevi.com.tr\/index.php\/wp-json\/wp\/v2\/product_brand?post=738917"},{"taxonomy":"product_cat","embeddable":true,"href":"https:\/\/roveyayinevi.com.tr\/index.php\/wp-json\/wp\/v2\/product_cat?post=738917"},{"taxonomy":"product_tag","embeddable":true,"href":"https:\/\/roveyayinevi.com.tr\/index.php\/wp-json\/wp\/v2\/product_tag?post=738917"}],"curies":[{"name":"wp","href":"https:\/\/api.w.org\/{rel}","templated":true}]}}