{"id":738915,"date":"2025-08-27T23:59:45","date_gmt":"2025-08-27T20:59:45","guid":{"rendered":"https:\/\/roveyayinevi.com.tr\/index.php\/urun\/modern-turk-siiri-okumalari\/"},"modified":"2026-04-16T02:49:17","modified_gmt":"2026-04-15T23:49:17","slug":"modern-turk-siiri-okumalari","status":"publish","type":"product","link":"https:\/\/roveyayinevi.com.tr\/index.php\/urun\/modern-turk-siiri-okumalari\/","title":{"rendered":"Modern T\u00fcrk \u015eiiri Okumalar\u0131"},"content":{"rendered":"<p>G\u00f6khan Tun\u00e7, bu \u00e7al\u0131\u015fmas\u0131nda kavramlar ve kuramlar\u0131n rehberli\u011finde modern T\u00fcrk \u015fiirinin \u00e7etin, dolamba\u00e7l\u0131 ama bir o kadar da sakl\u0131 ve g\u00f6rkemli d\u00fcnyas\u0131nda ke\u015fif yolculu\u011funa \u00e7\u0131kar\u0131yor okuru. Bu yolculuk s\u00fcresince bir yandan \u201ca\u00e7\u0131k yap\u0131t\u201d niteli\u011finde olan \u015fiirleri, kavramlar ya da kuramlar\u0131n e\u015fli\u011finde yeniden in\u015fa ederken di\u011fer yandan modern T\u00fcrk edebiyat\u0131n\u0131n \u00f6nemli \u015fairlerinin \u00fcr\u00fcnlerini merkeze alarak \u00e7a\u011fda\u015f \u015fiirin anlam haritas\u0131n\u0131 \u00e7\u0131kar\u0131yor. Tun\u00e7, bahsedilen u\u011fra\u015f\u0131nda ilkin, g\u00fcncel ve temel kaynaklara ba\u015fvurarak kavram ya da kuramlar\u0131n \u00e7etrefilli do\u011fas\u0131na a\u00e7\u0131kl\u0131k getirmeye, onlar\u0131 daha anla\u015f\u0131l\u0131r k\u0131lmaya \u00e7al\u0131\u015f\u0131yor. Bununla birlikte bir \u015fiirin kap\u0131s\u0131n\u0131 her kavram ya da kuram\u0131n a\u00e7amayaca\u011f\u0131n\u0131n bilincinde olarak do\u011fru \u015fiirle do\u011fru kavram veya kuram\u0131 herhangi bir hiyerar\u015fi g\u00f6zetmeden bir araya getiriyor. Diyalog zemininde bu bir araya geli\u015f, hem kavramlar\u0131n ve kuramlar\u0131n hem de \u015fiirin zenginle\u015fmesi ile neticeleniyor. B\u00f6ylelikle Tun\u00e7, \u015fiirin \u00e7a\u011fr\u0131\u015f\u0131msal d\u00fcnyas\u0131n\u0131n zenginli\u011fine ayk\u0131r\u0131 d\u00fc\u015fmeden nesnel bir \u015fiir ele\u015ftirisinin nas\u0131l yap\u0131labilece\u011fine dair yorumlama modelleri sunmu\u015f oluyor.  Kitapta, edebiyat ara\u015ft\u0131rmalar\u0131nda s\u0131kl\u0131kla kullan\u0131lan baz\u0131 kavramlar\u0131n yan\u0131 s\u0131ra \u00e7ok bilinmedik kavramlar arac\u0131l\u0131\u011f\u0131yla \u015fiirlerde bir anlam ve s\u00f6ylem kaz\u0131s\u0131 ger\u00e7ekle\u015ftiriliyor. Ayr\u0131ca daha \u00f6nce etkileme arzusu kavram\u0131n\u0131 geli\u015ftiren Tun\u00e7, kaos teorisi ve transh\u00fcmanizm merkezinde yeni okuma modelleri \u00f6neriyor.   \u00c7al\u0131\u015fmada metafor, imge, alegori, ironi, metinleraras\u0131l\u0131k, palimpsest, etkilenme endi\u015fesi, hipermetin, kronotop, g\u00f6rsel \u015fiir, dilbilimsel ele\u015ftiri, Rus bi\u00e7imcili\u011fi, yap\u0131salc\u0131l\u0131k, al\u0131mlama kuram\u0131, psikanalitik ele\u015ftiri, avangart kuram\u0131 ve postmodern ele\u015ftiri gibi yirmi be\u015f kavram ya da kuramla \u015fiir okumalar\u0131 ger\u00e7ekle\u015ftiriliyor.<\/p>\n","protected":false},"excerpt":{"rendered":"<p>G\u00f6khan Tun\u00e7, bu \u00e7al\u0131\u015fmas\u0131nda kavramlar ve kuramlar\u0131n rehberli\u011finde modern T\u00fcrk \u015fiirinin \u00e7etin, dolamba\u00e7l\u0131 ama bir o kadar da sakl\u0131 ve g\u00f6rkemli d\u00fcnyas\u0131nda ke\u015fif yolculu\u011funa \u00e7\u0131kar\u0131yor okuru.<span class=\"excerpt-hellip\"> [\u2026]<\/span><\/p>\n","protected":false},"featured_media":0,"template":"","meta":{"_monsterinsights_skip_tracking":false,"_monsterinsights_sitenote_active":false,"_monsterinsights_sitenote_note":"","_monsterinsights_sitenote_category":0},"product_brand":[],"product_cat":[13072,12291],"product_tag":[],"class_list":{"0":"post-738915","1":"product","2":"type-product","3":"status-publish","5":"product_cat-arastirma-inceleme-referans","6":"product_cat-edebiyat","7":"pa_cilt-ciltsiz","8":"pa_tur-kitap","9":"pa_yayinevi-otuken-nesriyat","10":"pa_yazar-gokhan-tunc","12":"first","13":"instock","14":"sale","15":"shipping-taxable","16":"purchasable","17":"product-type-simple"},"_links":{"self":[{"href":"https:\/\/roveyayinevi.com.tr\/index.php\/wp-json\/wp\/v2\/product\/738915","targetHints":{"allow":["GET"]}}],"collection":[{"href":"https:\/\/roveyayinevi.com.tr\/index.php\/wp-json\/wp\/v2\/product"}],"about":[{"href":"https:\/\/roveyayinevi.com.tr\/index.php\/wp-json\/wp\/v2\/types\/product"}],"wp:attachment":[{"href":"https:\/\/roveyayinevi.com.tr\/index.php\/wp-json\/wp\/v2\/media?parent=738915"}],"wp:term":[{"taxonomy":"product_brand","embeddable":true,"href":"https:\/\/roveyayinevi.com.tr\/index.php\/wp-json\/wp\/v2\/product_brand?post=738915"},{"taxonomy":"product_cat","embeddable":true,"href":"https:\/\/roveyayinevi.com.tr\/index.php\/wp-json\/wp\/v2\/product_cat?post=738915"},{"taxonomy":"product_tag","embeddable":true,"href":"https:\/\/roveyayinevi.com.tr\/index.php\/wp-json\/wp\/v2\/product_tag?post=738915"}],"curies":[{"name":"wp","href":"https:\/\/api.w.org\/{rel}","templated":true}]}}