{"id":738913,"date":"2025-08-27T23:59:42","date_gmt":"2025-08-27T20:59:42","guid":{"rendered":"https:\/\/roveyayinevi.com.tr\/index.php\/urun\/kovulmus\/"},"modified":"2026-04-16T02:49:17","modified_gmt":"2026-04-15T23:49:17","slug":"kovulmus","status":"publish","type":"product","link":"https:\/\/roveyayinevi.com.tr\/index.php\/urun\/kovulmus\/","title":{"rendered":"Kovulmu\u015f"},"content":{"rendered":"<p>\u0130blis\u2019e a\u015f\u0131k bir melek, mele\u011fi \u00f6ld\u00fcrmek isteyen bir iblis. \u201cBen cehennemin en dibinden geliyorum.  Cehennemdeki g\u00fcnahkar ruhlar\u0131 g\u00f6rd\u00fcm. Onlar\u0131n aras\u0131ndan geliyorum.\u201d  Daniel Kevin   \u201cKana susam\u0131\u015f ve ac\u0131nas\u0131 gecenin yarat\u0131klar\u0131 kirli ve karanl\u0131\u011f\u0131n \u00e7ocuklar\u0131neden yard\u0131m etsinler bana?\u201d  Litavis Clark <\/p>\n","protected":false},"excerpt":{"rendered":"<p>\u0130blis\u2019e a\u015f\u0131k bir melek, mele\u011fi \u00f6ld\u00fcrmek isteyen bir iblis. \u201cBen cehennemin en dibinden geliyorum. Cehennemdeki g\u00fcnahkar ruhlar\u0131 g\u00f6rd\u00fcm. Onlar\u0131n aras\u0131ndan geliyorum.\u201d Daniel Kevin \u201cKana susam\u0131\u015f ve<span class=\"excerpt-hellip\"> [\u2026]<\/span><\/p>\n","protected":false},"featured_media":0,"template":"","meta":{"_monsterinsights_skip_tracking":false,"_monsterinsights_sitenote_active":false,"_monsterinsights_sitenote_note":"","_monsterinsights_sitenote_category":0},"product_brand":[],"product_cat":[12291,12711],"product_tag":[],"class_list":{"0":"post-738913","1":"product","2":"type-product","3":"status-publish","5":"product_cat-edebiyat","6":"product_cat-roman-oyku","7":"pa_cilt-ciltsiz","8":"pa_tur-kitap","9":"pa_yayinevi-kitap-muptelasi-yayinlari","10":"pa_yazar-dilan-ates","12":"first","13":"instock","14":"sale","15":"shipping-taxable","16":"purchasable","17":"product-type-simple"},"_links":{"self":[{"href":"https:\/\/roveyayinevi.com.tr\/index.php\/wp-json\/wp\/v2\/product\/738913","targetHints":{"allow":["GET"]}}],"collection":[{"href":"https:\/\/roveyayinevi.com.tr\/index.php\/wp-json\/wp\/v2\/product"}],"about":[{"href":"https:\/\/roveyayinevi.com.tr\/index.php\/wp-json\/wp\/v2\/types\/product"}],"wp:attachment":[{"href":"https:\/\/roveyayinevi.com.tr\/index.php\/wp-json\/wp\/v2\/media?parent=738913"}],"wp:term":[{"taxonomy":"product_brand","embeddable":true,"href":"https:\/\/roveyayinevi.com.tr\/index.php\/wp-json\/wp\/v2\/product_brand?post=738913"},{"taxonomy":"product_cat","embeddable":true,"href":"https:\/\/roveyayinevi.com.tr\/index.php\/wp-json\/wp\/v2\/product_cat?post=738913"},{"taxonomy":"product_tag","embeddable":true,"href":"https:\/\/roveyayinevi.com.tr\/index.php\/wp-json\/wp\/v2\/product_tag?post=738913"}],"curies":[{"name":"wp","href":"https:\/\/api.w.org\/{rel}","templated":true}]}}