{"id":738912,"date":"2025-08-27T23:59:41","date_gmt":"2025-08-27T20:59:41","guid":{"rendered":"https:\/\/roveyayinevi.com.tr\/index.php\/urun\/ikili-denge\/"},"modified":"2026-04-08T02:57:20","modified_gmt":"2026-04-07T23:57:20","slug":"ikili-denge","status":"publish","type":"product","link":"https:\/\/roveyayinevi.com.tr\/index.php\/urun\/ikili-denge\/","title":{"rendered":"\u0130kili Denge"},"content":{"rendered":"<p>Her \u015fey z\u0131dd\u0131yla ya\u015fanmaktayd\u0131. Her \u015fey z\u0131dd\u0131yla bir, z\u0131dd\u0131yla b\u00fct\u00fcn, z\u0131dd\u0131yla anlaml\u0131yd\u0131.   Peki, \u2018z\u0131tl\u0131k\u2019 neydi? Dualite\u2026 Hayat\u0131 iyiyle k\u00f6t\u00fc, g\u00fczel ile \u00e7irkin, ya\u015fam ile \u00f6l\u00fcm, gece ile g\u00fcnd\u00fcz, karanl\u0131k ile ayd\u0131nl\u0131k, r\u00fcya ile ger\u00e7ek diye ay\u0131rt ederek anlam\u0131yor muyduk? Oysaki bir yerlerde ne kadar iyiysen o kadar da \u2018k\u00f6t\u00fc\u2019 var olmak zorundayd\u0131. Evrenin d\u00fczeni b\u00f6yleydi\u2026 Denge i\u00e7in\u2026 \u0130lahi sistem i\u00e7in\u2026  Hepimiz anlamaya \u00e7al\u0131\u015ft\u0131\u011f\u0131m\u0131z hayat\u0131m\u0131z\u0131 tan\u0131mlamak i\u00e7in birtak\u0131m tariflere ihtiya\u00e7 duymaktayd\u0131k. Olumlu dedi\u011fimiz de olumsuz dedi\u011fimiz de \u201cB\u0130R\u201ddi asl\u0131nda. \u00d6nemli olan nereden bakt\u0131\u011f\u0131m\u0131zd\u0131\u2026 Ya da nereye bakaca\u011f\u0131m\u0131z\u2026  \u0130\u015fte t\u00fcm bu ikilikler aras\u0131nda asl\u0131nda m\u00fckemmel bir uyum vard\u0131. Bir denge\u2026 \u0130kili Denge\u2026 S\u00f6zl\u00fck anlam\u0131 ise dualite. Elinizde tuttu\u011funuz bu kitap, bir yolculuktu asl\u0131nda. Bir aray\u0131\u015ft\u0131, denge aray\u0131\u015f\u0131\u2026 Hi\u00e7 kolay olmayan bir hayat yolculu\u011funda, hepimizin ne kadar da bir oldu\u011funun, t\u00fcm z\u0131tl\u0131klar\u0131n asl\u0131nda ne kadar da birbirine benzer oldu\u011funun fark\u0131ndal\u0131k \u00e7abas\u0131yd\u0131. Bir sonu, bir sonucu yoktu. Okuyan\u0131n kendi yazaca\u011f\u0131 sonu\u00e7lar farkl\u0131 olsa da asl\u0131nda t\u00fcm farkl\u0131l\u0131klar ayr\u0131 bir tat, ayr\u0131 bir renkti ve hayat, t\u00fcm renkleriyle kusursuzdu\u2026 Evrende kusur yoktu. Her \u015fey olmas\u0131 gerekti\u011fi gibiydi\u2026   Ve olan her \u015fey, t\u00fcm olas\u0131l\u0131klar i\u00e7erisinde ya\u015fanmas\u0131 gerekenlerdi. T\u00fcm sistem, bir dengeydi. Denge \u00fczerine kurulmu\u015ftu. \u0130kili Denge\u2026   <\/p>\n","protected":false},"excerpt":{"rendered":"<p>Her \u015fey z\u0131dd\u0131yla ya\u015fanmaktayd\u0131. Her \u015fey z\u0131dd\u0131yla bir, z\u0131dd\u0131yla b\u00fct\u00fcn, z\u0131dd\u0131yla anlaml\u0131yd\u0131. Peki, \u2018z\u0131tl\u0131k\u2019 neydi? Dualite\u2026 Hayat\u0131 iyiyle k\u00f6t\u00fc, g\u00fczel ile \u00e7irkin, ya\u015fam ile \u00f6l\u00fcm, gece<span class=\"excerpt-hellip\"> [\u2026]<\/span><\/p>\n","protected":false},"featured_media":0,"template":"","meta":{"_monsterinsights_skip_tracking":false,"_monsterinsights_sitenote_active":false,"_monsterinsights_sitenote_note":"","_monsterinsights_sitenote_category":0},"product_brand":[],"product_cat":[12364,12376],"product_tag":[],"class_list":{"0":"post-738912","1":"product","2":"type-product","3":"status-publish","5":"product_cat-genel-konular","6":"product_cat-kisisel-gelisim","7":"pa_cilt-ciltsiz","8":"pa_tur-kitap","9":"pa_yayinevi-kitap-muptelasi-yayinlari","10":"pa_yazar-gamze-kurban","12":"first","13":"instock","14":"sale","15":"shipping-taxable","16":"purchasable","17":"product-type-simple"},"_links":{"self":[{"href":"https:\/\/roveyayinevi.com.tr\/index.php\/wp-json\/wp\/v2\/product\/738912","targetHints":{"allow":["GET"]}}],"collection":[{"href":"https:\/\/roveyayinevi.com.tr\/index.php\/wp-json\/wp\/v2\/product"}],"about":[{"href":"https:\/\/roveyayinevi.com.tr\/index.php\/wp-json\/wp\/v2\/types\/product"}],"wp:attachment":[{"href":"https:\/\/roveyayinevi.com.tr\/index.php\/wp-json\/wp\/v2\/media?parent=738912"}],"wp:term":[{"taxonomy":"product_brand","embeddable":true,"href":"https:\/\/roveyayinevi.com.tr\/index.php\/wp-json\/wp\/v2\/product_brand?post=738912"},{"taxonomy":"product_cat","embeddable":true,"href":"https:\/\/roveyayinevi.com.tr\/index.php\/wp-json\/wp\/v2\/product_cat?post=738912"},{"taxonomy":"product_tag","embeddable":true,"href":"https:\/\/roveyayinevi.com.tr\/index.php\/wp-json\/wp\/v2\/product_tag?post=738912"}],"curies":[{"name":"wp","href":"https:\/\/api.w.org\/{rel}","templated":true}]}}