{"id":738910,"date":"2025-08-27T23:59:39","date_gmt":"2025-08-27T20:59:39","guid":{"rendered":"https:\/\/roveyayinevi.com.tr\/index.php\/urun\/tarih-neye-yarar\/"},"modified":"2026-04-16T02:49:17","modified_gmt":"2026-04-15T23:49:17","slug":"tarih-neye-yarar","status":"publish","type":"product","link":"https:\/\/roveyayinevi.com.tr\/index.php\/urun\/tarih-neye-yarar\/","title":{"rendered":"Tarih Neye Yarar"},"content":{"rendered":"<p>Usta tarih\u00e7i Koray \u015eerbet\u00e7i, Tarih Neye Yarar\u2019da t\u00fcm co\u011frafyay\u0131 dola\u015f\u0131p insanl\u0131k tarihinin ba\u015flang\u0131c\u0131ndan g\u00fcn\u00fcm\u00fcze kadar iz b\u0131rakm\u0131\u015f hik\u00e2yelerini topluyor. Tarihin perde arkas\u0131n\u0131 farkl\u0131 bak\u0131\u015f a\u00e7\u0131lar\u0131yla ele al\u0131p e\u011flenceli \u00fcslubuyla anlatan \u015eerbet\u00e7i, do\u011fru sorular sorarak ger\u00e7e\u011fi \u00f6\u011frenmenin yollar\u0131n\u0131 g\u00f6zler \u00f6n\u00fcne seriyor.     \u201c\u0130yi bir y\u00f6netici nas\u0131l olmal\u0131?\u201d, \u201c\u0130nsanl\u0131k binler y\u0131l boyunca ne kadar ilerleyebildi?\u201d, \u201cTarihe alt\u0131n harflerle kaz\u0131nan kad\u0131nlar kimlerdir?\u201d, \u201cKibir insan\u0131 nas\u0131l k\u00f6r eder?\u201d, \u201cE\u011fitim nas\u0131l ba\u015flad\u0131?\u201d sorular\u0131n\u0131n ve dahas\u0131n\u0131n yan\u0131tlar\u0131n\u0131, ilgin\u00e7 hik\u00e2yeleri ve damga vurmu\u015f \u015fahsiyetleri merak edenler i\u00e7in Tarih Neye Yarar? ba\u015fucu olmaya aday.   *Bu kitapta karekod uygulamas\u0131na yer verilmi\u015ftir.* <\/p>\n","protected":false},"excerpt":{"rendered":"<p>Usta tarih\u00e7i Koray \u015eerbet\u00e7i, Tarih Neye Yarar\u2019da t\u00fcm co\u011frafyay\u0131 dola\u015f\u0131p insanl\u0131k tarihinin ba\u015flang\u0131c\u0131ndan g\u00fcn\u00fcm\u00fcze kadar iz b\u0131rakm\u0131\u015f hik\u00e2yelerini topluyor. Tarihin perde arkas\u0131n\u0131 farkl\u0131 bak\u0131\u015f a\u00e7\u0131lar\u0131yla ele<span class=\"excerpt-hellip\"> [\u2026]<\/span><\/p>\n","protected":false},"featured_media":0,"template":"","meta":{"_monsterinsights_skip_tracking":false,"_monsterinsights_sitenote_active":false,"_monsterinsights_sitenote_note":"","_monsterinsights_sitenote_category":0},"product_brand":[],"product_cat":[12312,12304],"product_tag":[],"class_list":{"0":"post-738910","1":"product","2":"type-product","3":"status-publish","5":"product_cat-diger","6":"product_cat-tarih","7":"pa_cilt-ciltsiz","8":"pa_tur-kitap","9":"pa_yayinevi-bilge-kultur-sanat","10":"pa_yazar-koray-serbetci","12":"first","13":"instock","14":"sale","15":"shipping-taxable","16":"purchasable","17":"product-type-simple"},"_links":{"self":[{"href":"https:\/\/roveyayinevi.com.tr\/index.php\/wp-json\/wp\/v2\/product\/738910","targetHints":{"allow":["GET"]}}],"collection":[{"href":"https:\/\/roveyayinevi.com.tr\/index.php\/wp-json\/wp\/v2\/product"}],"about":[{"href":"https:\/\/roveyayinevi.com.tr\/index.php\/wp-json\/wp\/v2\/types\/product"}],"wp:attachment":[{"href":"https:\/\/roveyayinevi.com.tr\/index.php\/wp-json\/wp\/v2\/media?parent=738910"}],"wp:term":[{"taxonomy":"product_brand","embeddable":true,"href":"https:\/\/roveyayinevi.com.tr\/index.php\/wp-json\/wp\/v2\/product_brand?post=738910"},{"taxonomy":"product_cat","embeddable":true,"href":"https:\/\/roveyayinevi.com.tr\/index.php\/wp-json\/wp\/v2\/product_cat?post=738910"},{"taxonomy":"product_tag","embeddable":true,"href":"https:\/\/roveyayinevi.com.tr\/index.php\/wp-json\/wp\/v2\/product_tag?post=738910"}],"curies":[{"name":"wp","href":"https:\/\/api.w.org\/{rel}","templated":true}]}}