{"id":738909,"date":"2025-08-27T23:59:38","date_gmt":"2025-08-27T20:59:38","guid":{"rendered":"https:\/\/roveyayinevi.com.tr\/index.php\/urun\/newtonin-elmasi-ve-bilime-iliskin-diger-mitler\/"},"modified":"2026-04-16T02:49:16","modified_gmt":"2026-04-15T23:49:16","slug":"newtonin-elmasi-ve-bilime-iliskin-diger-mitler","status":"publish","type":"product","link":"https:\/\/roveyayinevi.com.tr\/index.php\/urun\/newtonin-elmasi-ve-bilime-iliskin-diger-mitler\/","title":{"rendered":"Newton\u2019\u0131n Elmas\u0131  ve Bilime \u0130li\u015fkin Di\u011fer Mitler"},"content":{"rendered":"<p>\u00abBu kitab\u0131n ele\u015ftirel bir okuyucusu \u201ckimin umurunda?\u201d diye sorabilir. Newton\u2019\u0131n elmas\u0131 veya Mendel\u2019in bezelyesi kimin umurunda? Neden birileri bu kitapta tart\u0131\u015f\u0131lan tarihsel olaylar ve fikirler hakk\u0131nda daha fazla bilgi edinmek istesin ki? Ola ki bir biyolog Darwin veya Mendel hakk\u0131nda, bir fizik\u00e7i Newton ve Einstein hakk\u0131nda, bir kimyager W\u00f6hler ve Pauling hakk\u0131nda, vb. daha fazla \u015fey bilmelidir. Ama, ola ki, de\u011fil mi? Belki de bilim \u00f6\u011frencileri ve bilim insanlar\u0131 bile, kendi bran\u015flar\u0131n\u0131n devlerinin hayatlar\u0131n\u0131n ve \u00e7al\u0131\u015fmalar\u0131n\u0131n ayr\u0131nt\u0131lar\u0131n\u0131 \u00f6\u011frenmek konusunda \u00e7ok fazla endi\u015felenmemelidir. Her h\u00e2l\u00fck\u00e2rda, bu devler \u00e7oktan \u00f6ld\u00fc ve teorileri de\u011fi\u015fti veya ortadan kayboldu. \u00c7a\u011fda\u015f bilim, ge\u00e7mi\u015fte \u201cbilim insanlar\u0131\u201dn\u0131n yapt\u0131klar\u0131ndan \u00e7ok farkl\u0131d\u0131r. Asl\u0131nda, bu kitaptaki tarih\u00ee fig\u00fcrlerin yakla\u015f\u0131k yar\u0131s\u0131, \u015fimdi bilim dedi\u011fimiz \u015feyden ziy\u00e2de, do\u011fa tarihi veya do\u011fa felsefesiyle ilgiliydi. Bu nedenle, belirli bran\u015flar i\u00e7in ezoterik g\u00f6r\u00fcnen hik\u00e2yelerin ayr\u0131nt\u0131lar\u0131n\u0131 bilmek i\u00e7in neden zahmete giresin ki? \u201cKimin umurunda?\u201d makul sorusunun cevab\u0131 basit ve nettir, ama her zaman a\u00e7\u0131k ve anla\u015f\u0131l\u0131r de\u011fildir: Bilimle ilgili tarihsel mitler, bilim okuryazarl\u0131\u011f\u0131n\u0131 engelledi\u011fi ve bilimin ge\u00e7mi\u015fte nas\u0131l yap\u0131ld\u0131\u011f\u0131na -ve nas\u0131l oldu\u011funa- dair \u00e7arp\u0131k bir tasviri ayakta tuttu\u011fu i\u00e7in \u00f6nemsenmelidir\u00bb. Bu eser, tek kelimeyle, bilim tarihine m\u00e2l edilmi\u015f yan\u0131lg\u0131l\u0131 ve basmakal\u0131p kan\u0131lar\u0131n ipli\u011fini pazara \u00e7\u0131kar\u0131yor. \u201cYunan Antik\u00e7a\u011f\u0131 ile Bilimsel Devrim aras\u0131nda pek bir bilimsel faaliyet olmad\u0131\u011f\u0131\u201d mitinden tutunuz da \u201csimyan\u0131n ve astrolojinin bilime ve bilimsel zihniyete katk\u0131 sa\u011flamayan, b\u00e2t\u0131l inanca dayal\u0131 me\u015fgaleler oldu\u011fu\u201d mitine ve \u201cdinin genellikle bilimin ilerlemesini engelledi\u011fi\u201d mitine kadar yirmi yedi kli\u015feyi g\u00fc\u00e7l\u00fc arg\u00fcmanlar e\u015fli\u011finde ele\u015ftiriye t\u00e2bi tutuyor. Zihninizde yeni ufuklar a\u00e7acak bir bilim tarihi \u015faheseri&#8230; <\/p>\n","protected":false},"excerpt":{"rendered":"<p>\u00abBu kitab\u0131n ele\u015ftirel bir okuyucusu \u201ckimin umurunda?\u201d diye sorabilir. Newton\u2019\u0131n elmas\u0131 veya Mendel\u2019in bezelyesi kimin umurunda? Neden birileri bu kitapta tart\u0131\u015f\u0131lan tarihsel olaylar ve fikirler hakk\u0131nda<span class=\"excerpt-hellip\"> [\u2026]<\/span><\/p>\n","protected":false},"featured_media":0,"template":"","meta":{"_monsterinsights_skip_tracking":false,"_monsterinsights_sitenote_active":false,"_monsterinsights_sitenote_note":"","_monsterinsights_sitenote_category":0},"product_brand":[],"product_cat":[13005,37328],"product_tag":[],"class_list":{"0":"post-738909","1":"product","2":"type-product","3":"status-publish","5":"product_cat-bilim-muhendislik","6":"product_cat-diger-bilim-muhendislik","7":"pa_cilt-ciltsiz","8":"pa_tur-kitap","9":"pa_yayinevi-bilge-kultur-sanat","10":"pa_yazar-ronald-l-numbers-kostas-kampourakis","12":"first","13":"instock","14":"sale","15":"shipping-taxable","16":"purchasable","17":"product-type-simple"},"_links":{"self":[{"href":"https:\/\/roveyayinevi.com.tr\/index.php\/wp-json\/wp\/v2\/product\/738909","targetHints":{"allow":["GET"]}}],"collection":[{"href":"https:\/\/roveyayinevi.com.tr\/index.php\/wp-json\/wp\/v2\/product"}],"about":[{"href":"https:\/\/roveyayinevi.com.tr\/index.php\/wp-json\/wp\/v2\/types\/product"}],"wp:attachment":[{"href":"https:\/\/roveyayinevi.com.tr\/index.php\/wp-json\/wp\/v2\/media?parent=738909"}],"wp:term":[{"taxonomy":"product_brand","embeddable":true,"href":"https:\/\/roveyayinevi.com.tr\/index.php\/wp-json\/wp\/v2\/product_brand?post=738909"},{"taxonomy":"product_cat","embeddable":true,"href":"https:\/\/roveyayinevi.com.tr\/index.php\/wp-json\/wp\/v2\/product_cat?post=738909"},{"taxonomy":"product_tag","embeddable":true,"href":"https:\/\/roveyayinevi.com.tr\/index.php\/wp-json\/wp\/v2\/product_tag?post=738909"}],"curies":[{"name":"wp","href":"https:\/\/api.w.org\/{rel}","templated":true}]}}