{"id":738908,"date":"2025-08-27T23:59:37","date_gmt":"2025-08-27T20:59:37","guid":{"rendered":"https:\/\/roveyayinevi.com.tr\/index.php\/urun\/666-hayat-vizesi\/"},"modified":"2026-04-16T02:49:16","modified_gmt":"2026-04-15T23:49:16","slug":"666-hayat-vizesi","status":"publish","type":"product","link":"https:\/\/roveyayinevi.com.tr\/index.php\/urun\/666-hayat-vizesi\/","title":{"rendered":"666 Hayat Vizesi"},"content":{"rendered":"<p>Kissinger:.Tohumu elinde tutan insanl\u0131\u011f\u0131 elinde tutar.\u0130srailli haham Pezo:.Yahudi olmayan herkes yahudiye hizmet etmek i\u00e7in vard\u0131r.J.lennon:.Bu d\u00fcnyay\u0131 \u00e7\u0131ld\u0131rm\u0131\u015flar g\u00fcd\u00fcyor\u00c7\u0131lg\u0131n ama\u00e7lar\u0131 i\u00e7inve beni asacaklar i\u015fte \u00e7\u0131lg\u0131n bu diye.<\/p>\n","protected":false},"excerpt":{"rendered":"<p>Kissinger:.Tohumu elinde tutan insanl\u0131\u011f\u0131 elinde tutar.\u0130srailli haham Pezo:.Yahudi olmayan herkes yahudiye hizmet etmek i\u00e7in vard\u0131r.J.lennon:.Bu d\u00fcnyay\u0131 \u00e7\u0131ld\u0131rm\u0131\u015flar g\u00fcd\u00fcyor\u00c7\u0131lg\u0131n ama\u00e7lar\u0131 i\u00e7inve beni asacaklar i\u015fte \u00e7\u0131lg\u0131n bu diye.<\/p>\n","protected":false},"featured_media":0,"template":"","meta":{"_monsterinsights_skip_tracking":false,"_monsterinsights_sitenote_active":false,"_monsterinsights_sitenote_note":"","_monsterinsights_sitenote_category":0},"product_brand":[],"product_cat":[12291,12711],"product_tag":[],"class_list":{"0":"post-738908","1":"product","2":"type-product","3":"status-publish","5":"product_cat-edebiyat","6":"product_cat-roman-oyku","7":"pa_cilt-ciltsiz","8":"pa_tur-kitap","9":"pa_yayinevi-herdem-kitap","10":"pa_yazar-yahya-ergun","12":"first","13":"instock","14":"sale","15":"shipping-taxable","16":"purchasable","17":"product-type-simple"},"_links":{"self":[{"href":"https:\/\/roveyayinevi.com.tr\/index.php\/wp-json\/wp\/v2\/product\/738908","targetHints":{"allow":["GET"]}}],"collection":[{"href":"https:\/\/roveyayinevi.com.tr\/index.php\/wp-json\/wp\/v2\/product"}],"about":[{"href":"https:\/\/roveyayinevi.com.tr\/index.php\/wp-json\/wp\/v2\/types\/product"}],"wp:attachment":[{"href":"https:\/\/roveyayinevi.com.tr\/index.php\/wp-json\/wp\/v2\/media?parent=738908"}],"wp:term":[{"taxonomy":"product_brand","embeddable":true,"href":"https:\/\/roveyayinevi.com.tr\/index.php\/wp-json\/wp\/v2\/product_brand?post=738908"},{"taxonomy":"product_cat","embeddable":true,"href":"https:\/\/roveyayinevi.com.tr\/index.php\/wp-json\/wp\/v2\/product_cat?post=738908"},{"taxonomy":"product_tag","embeddable":true,"href":"https:\/\/roveyayinevi.com.tr\/index.php\/wp-json\/wp\/v2\/product_tag?post=738908"}],"curies":[{"name":"wp","href":"https:\/\/api.w.org\/{rel}","templated":true}]}}