{"id":738907,"date":"2025-08-27T23:59:36","date_gmt":"2025-08-27T20:59:36","guid":{"rendered":"https:\/\/roveyayinevi.com.tr\/index.php\/urun\/antik-roma-romulustan-iustinianusa\/"},"modified":"2026-04-16T02:49:16","modified_gmt":"2026-04-15T23:49:16","slug":"antik-roma-romulustan-iustinianusa","status":"publish","type":"product","link":"https:\/\/roveyayinevi.com.tr\/index.php\/urun\/antik-roma-romulustan-iustinianusa\/","title":{"rendered":"Antik Roma- Romulus&#8217;tan Iustinianus&#8217;a"},"content":{"rendered":"<p>M\u00d6 8. y\u00fczy\u0131l\u0131n ortalar\u0131nda k\u00fc\u00e7\u00fck bir kent yerle\u015fmesinden \u00fc\u00e7 k\u0131taya yay\u0131larak Akdeniz havzas\u0131n\u0131n t\u00fcm\u00fcne egemen, emperyal bir g\u00fcce evrilen Roma, tarihin en uzun \u00f6m\u00fcrl\u00fc devletlerinden biridir. Bug\u00fcn uzay\u0131 fethetme yolunda dev ad\u0131mlarla ilerleyen uygarl\u0131\u011f\u0131m\u0131z Antik Roma\u2019ya maddi ve manevi alanlarda pek \u00e7ok \u015fey bor\u00e7ludur. Etr\u00fcskler ve Yunanlar\u0131n etkisiyle kendine \u00f6zg\u00fc parlak bir uygarl\u0131\u011f\u0131n yarat\u0131c\u0131s\u0131 olan Romal\u0131lar i\u00e7in baz\u0131 tarih\u00e7ilerin dillendirdi\u011fi \u201cHepimiz bir par\u00e7a Romal\u0131y\u0131z\u201d s\u00f6ylemi bu ger\u00e7e\u011fin \u00e7arp\u0131c\u0131 bir ifadesidir. Antik Yunan ve Roma tarihi uzmanl\u0131k alan\u0131n\u0131n sayg\u0131n isimlerinden Prof. Thomas R. Martin, Roma\u2019n\u0131n kent olarak kurulu\u015fundan \u0130mparator I. Iustinianus d\u00f6nemine kadarki tarihini anlatt\u0131\u011f\u0131 bu kitab\u0131nda Romal\u0131lar\u0131n y\u00fckseli\u015f ve \u00e7\u00f6k\u00fc\u015f\u00fcn\u00fc mercek alt\u0131na al\u0131yor. Ak\u0131llara durgunluk veren bu destans\u0131 y\u00fckseli\u015f ve inan\u0131lmaz trajik \u00e7\u00f6k\u00fc\u015f\u00fcn nedenlerinin izini s\u00fcr\u00fcyor. Onlar\u0131n aile, dinsel inan\u00e7lar, gelenek g\u00f6renekler gibi toplumsal ve etik de\u011ferlerini masaya yat\u0131rmakla, antik d\u00fcnyan\u0131n ku\u015fkusuz en g\u00f6rkemli uygarl\u0131\u011f\u0131na farkl\u0131 bir bak\u0131\u015f a\u00e7\u0131s\u0131 kazand\u0131r\u0131yor. G\u00f6zlem ve incelemelerini ustaca bir yakla\u015f\u0131mla yapan yazar, antik yazarlara ve metinlere s\u0131kl\u0131kla at\u0131fta bulunarak tarih\u00e7ileri ana kaynaklara e\u011filmeye te\u015fvik ediyor. Roma\u2019n\u0131n s\u00fcrekli de\u011fi\u015fen talih ve yazg\u0131s\u0131n\u0131n kolay anla\u015f\u0131l\u0131r bir \u00fcslupla \u00f6zl\u00fc bir panoramas\u0131n\u0131n sunuldu\u011fu eser, Eski\u00e7a\u011f tarih\u00e7ileri ve arkeologlar i\u00e7in oldu\u011fu kadar, Roma hukuku, Hristiyanl\u0131k tarihi ve Hristiyan ilahiyat\u0131na ilgi duyanlar i\u00e7in de \u00f6nemli bir el kitab\u0131 ve ba\u015fvuru kayna\u011f\u0131 niteli\u011fini ta\u015f\u0131yor. Prof. Dr. Ahmet Vedat \u00c7elgin <\/p>\n","protected":false},"excerpt":{"rendered":"<p>M\u00d6 8. y\u00fczy\u0131l\u0131n ortalar\u0131nda k\u00fc\u00e7\u00fck bir kent yerle\u015fmesinden \u00fc\u00e7 k\u0131taya yay\u0131larak Akdeniz havzas\u0131n\u0131n t\u00fcm\u00fcne egemen, emperyal bir g\u00fcce evrilen Roma, tarihin en uzun \u00f6m\u00fcrl\u00fc devletlerinden biridir.<span class=\"excerpt-hellip\"> [\u2026]<\/span><\/p>\n","protected":false},"featured_media":0,"template":"","meta":{"_monsterinsights_skip_tracking":false,"_monsterinsights_sitenote_active":false,"_monsterinsights_sitenote_note":"","_monsterinsights_sitenote_category":0},"product_brand":[],"product_cat":[12312,12304],"product_tag":[],"class_list":{"0":"post-738907","1":"product","2":"type-product","3":"status-publish","5":"product_cat-diger","6":"product_cat-tarih","7":"pa_cilt-ciltsiz","8":"pa_tur-kitap","9":"pa_yayinevi-bilge-kultur-sanat","10":"pa_yazar-thomas-r-martin","12":"first","13":"instock","14":"sale","15":"shipping-taxable","16":"purchasable","17":"product-type-simple"},"_links":{"self":[{"href":"https:\/\/roveyayinevi.com.tr\/index.php\/wp-json\/wp\/v2\/product\/738907","targetHints":{"allow":["GET"]}}],"collection":[{"href":"https:\/\/roveyayinevi.com.tr\/index.php\/wp-json\/wp\/v2\/product"}],"about":[{"href":"https:\/\/roveyayinevi.com.tr\/index.php\/wp-json\/wp\/v2\/types\/product"}],"wp:attachment":[{"href":"https:\/\/roveyayinevi.com.tr\/index.php\/wp-json\/wp\/v2\/media?parent=738907"}],"wp:term":[{"taxonomy":"product_brand","embeddable":true,"href":"https:\/\/roveyayinevi.com.tr\/index.php\/wp-json\/wp\/v2\/product_brand?post=738907"},{"taxonomy":"product_cat","embeddable":true,"href":"https:\/\/roveyayinevi.com.tr\/index.php\/wp-json\/wp\/v2\/product_cat?post=738907"},{"taxonomy":"product_tag","embeddable":true,"href":"https:\/\/roveyayinevi.com.tr\/index.php\/wp-json\/wp\/v2\/product_tag?post=738907"}],"curies":[{"name":"wp","href":"https:\/\/api.w.org\/{rel}","templated":true}]}}