{"id":738905,"date":"2025-08-27T23:59:33","date_gmt":"2025-08-27T20:59:33","guid":{"rendered":"https:\/\/roveyayinevi.com.tr\/index.php\/urun\/pacinko\/"},"modified":"2025-11-21T07:47:21","modified_gmt":"2025-11-21T04:47:21","slug":"pacinko","status":"publish","type":"product","link":"https:\/\/roveyayinevi.com.tr\/index.php\/urun\/pacinko\/","title":{"rendered":"Pa\u00e7inko"},"content":{"rendered":"<p>ULUSLARARASI \u00c7OKSATAN   \u201cYa\u015fad\u0131\u011f\u0131m\u0131z \u00e7a\u011fa dair b\u00fcy\u00fcleyici bir masal\u2026 Tek kelimeyle muhte\u015fem!\u201d  -Daily Mirror   \u201cLee, Koreli bir ailenin d\u00f6rt jenerasyonu aras\u0131nda gezinirken g\u00f6rkemli bir efsane yarat\u0131yor.\u201d -San Francisco Chronicle     \u201cYaln\u0131zca birka\u00e7 ki\u015finin kazand\u0131\u011f\u0131 ve say\u0131s\u0131z kaybedeni olan bir oyundu bu. Yine de oynamaya devam ettik \u00e7\u00fcnk\u00fc \u015fansl\u0131 ki\u015filer olabilece\u011fimizi umuyorduk.\u201d     1900&#8217;lerin ba\u015f\u0131nda, Koreli sakat bir bal\u0131k\u00e7\u0131n\u0131n k\u0131z\u0131 Sunja, evlerinin yak\u0131n\u0131ndaki deniz k\u0131y\u0131s\u0131nda kar\u015f\u0131la\u015ft\u0131\u011f\u0131 zengin bir yabanc\u0131ya \u00e2\u015f\u0131k olur. Bu gizemli adam, gen\u00e7 kad\u0131na b\u00fcy\u00fck vaatlerde bulunarak onu ba\u015ftan \u00e7\u0131kar\u0131p hamile b\u0131rakt\u0131ktan sonra asl\u0131nda evli oldu\u011fu a\u00e7\u0131\u011fa \u00e7\u0131kar. \u00c7ok sevdi\u011fi ailesini bu planlanmam\u0131\u015f hamilelikle utand\u0131rmak istemeyen Sunja, kurtulu\u015fu gen\u00e7 ve hasta bir din adam\u0131n\u0131n kendisini Japonya\u2019ya g\u00f6t\u00fcrmeyi teklif edi\u015finde bulur. Sunja, evini terk etmesi ve o\u011flunun imtiyaz sahibi babas\u0131n\u0131 reddetmesi anlam\u0131na gelen bu karar\u0131 ald\u0131\u011f\u0131nda yank\u0131s\u0131 nesiller boyu s\u00fcrecek dramatik bir destan\u0131 da ba\u015flatm\u0131\u015f olur.    Hareketli sokak pazarlar\u0131ndan Japonya&#8217;n\u0131n en iyi \u00fcniversitelerinin salonlar\u0131na ve yeralt\u0131 su\u00e7 d\u00fcnyas\u0131n\u0131n pa\u00e7inko odalar\u0131na dek iz s\u00fcren bu eser, okurunu Japonya\u2019da ya\u015fayan Koreli g\u00f6\u00e7menlerin hayat\u0131na dahil ediyor. Lee&#8217;nin karma\u015f\u0131k ve tutkulu karakterleri vas\u0131tas\u0131yla yoksulluk, istismar, sava\u015f, intihar ve servet birikiminin birden fazla nesil \u00fczerindeki etkisine tan\u0131k olurken bize \u00e7ok uzak g\u00f6r\u00fcnen bir k\u00fclt\u00fcr\u00fcn kap\u0131lar\u0131n\u0131 aral\u0131yoruz.   Zengin dili, derin duygulara hitap eden hik\u00e2ye edi\u015f tarz\u0131yla Pa\u00e7inko bir a\u015fk, fedak\u00e2rl\u0131k, h\u0131rs ve sadakat \u00f6yk\u00fcs\u00fc.<\/p>\n","protected":false},"excerpt":{"rendered":"<p>ULUSLARARASI \u00c7OKSATAN \u201cYa\u015fad\u0131\u011f\u0131m\u0131z \u00e7a\u011fa dair b\u00fcy\u00fcleyici bir masal\u2026 Tek kelimeyle muhte\u015fem!\u201d -Daily Mirror \u201cLee, Koreli bir ailenin d\u00f6rt jenerasyonu aras\u0131nda gezinirken g\u00f6rkemli bir efsane yarat\u0131yor.\u201d -San<span class=\"excerpt-hellip\"> [\u2026]<\/span><\/p>\n","protected":false},"featured_media":0,"template":"","meta":{"_monsterinsights_skip_tracking":false,"_monsterinsights_sitenote_active":false,"_monsterinsights_sitenote_note":"","_monsterinsights_sitenote_category":0},"product_brand":[],"product_cat":[12291,50487],"product_tag":[],"class_list":{"0":"post-738905","1":"product","2":"type-product","3":"status-publish","5":"product_cat-edebiyat","6":"product_cat-kurgu","7":"pa_cilt-ciltsiz","8":"pa_tur-kitap","9":"pa_yayinevi-epsilon-yayinlari","10":"pa_yazar-min-jin-lee","12":"first","13":"instock","14":"sale","15":"shipping-taxable","16":"purchasable","17":"product-type-simple"},"_links":{"self":[{"href":"https:\/\/roveyayinevi.com.tr\/index.php\/wp-json\/wp\/v2\/product\/738905","targetHints":{"allow":["GET"]}}],"collection":[{"href":"https:\/\/roveyayinevi.com.tr\/index.php\/wp-json\/wp\/v2\/product"}],"about":[{"href":"https:\/\/roveyayinevi.com.tr\/index.php\/wp-json\/wp\/v2\/types\/product"}],"wp:attachment":[{"href":"https:\/\/roveyayinevi.com.tr\/index.php\/wp-json\/wp\/v2\/media?parent=738905"}],"wp:term":[{"taxonomy":"product_brand","embeddable":true,"href":"https:\/\/roveyayinevi.com.tr\/index.php\/wp-json\/wp\/v2\/product_brand?post=738905"},{"taxonomy":"product_cat","embeddable":true,"href":"https:\/\/roveyayinevi.com.tr\/index.php\/wp-json\/wp\/v2\/product_cat?post=738905"},{"taxonomy":"product_tag","embeddable":true,"href":"https:\/\/roveyayinevi.com.tr\/index.php\/wp-json\/wp\/v2\/product_tag?post=738905"}],"curies":[{"name":"wp","href":"https:\/\/api.w.org\/{rel}","templated":true}]}}