{"id":738902,"date":"2025-08-27T23:59:30","date_gmt":"2025-08-27T20:59:30","guid":{"rendered":"https:\/\/roveyayinevi.com.tr\/index.php\/urun\/ustaca-yasam\/"},"modified":"2026-04-16T02:49:16","modified_gmt":"2026-04-15T23:49:16","slug":"ustaca-yasam","status":"publish","type":"product","link":"https:\/\/roveyayinevi.com.tr\/index.php\/urun\/ustaca-yasam\/","title":{"rendered":"Ustaca Ya\u015fam"},"content":{"rendered":"<p>YA\u015eAMINIZI DAHA KOLAY VE ANLAMLI KILACAK \u00d6NER\u0130LER Bilimin temeli evrimdir. Evrimsel d\u00fc\u015f\u00fcnce t\u00fcm pozitif bilimlerin \u00e7\u0131k\u0131\u015f noktas\u0131d\u0131r. Peki evrimsel d\u00fc\u015f\u00fcnce sadece bilim alan\u0131nda m\u0131 i\u015fimize yarar? T\u00fcrlerin geli\u015fimini mi bize anlat\u0131r? Sadece bilimsel ger\u00e7eklikleri a\u00e7\u0131klamada m\u0131 kullan\u0131r\u0131z evrimi? Hay\u0131r! Prof. Ali Demirsoy, atom alt\u0131 par\u00e7ac\u0131ktan muhte\u015fem bir canl\u0131ya d\u00f6n\u00fc\u015fen insan\u0131n g\u00fcndelik hayat\u0131na da evrim \u0131\u015f\u0131\u011f\u0131n\u0131 y\u00f6neltiyor! G\u00fcndelik ev hayat\u0131m\u0131zdan, kar\u0131 koca ili\u015fkisine, kariyer planlamas\u0131ndan siyasi ve soysal se\u00e7imlerimize kadar geni\u015f bir yelpazede evrimsel d\u00fc\u015f\u00fcnceyi kullanmam\u0131z\u0131 \u00f6neriyor. Bilimsel akl\u0131 teklif ediyor. Neden adrenalin salg\u0131lar\u0131m\u0131z\u0131 denetlemeyi \u00f6\u011frenmeliyiz? Do\u011fru d\u00fc\u015f\u00fcnmeyi biliyor muyuz? Do\u011fru d\u00fc\u015f\u00fcnmek neden Adaletin temelidir? \u0130nsanl\u0131\u011f\u0131n en son kazand\u0131\u011f\u0131 duygu olan utanma, y\u0131llar i\u00e7erisinde kaybetti\u011fimiz ilk duygumuz haline nas\u0131l geldi? Recep \u0130vedik filmlerinin kapal\u0131 gi\u015fe oynad\u0131\u011f\u0131 bir \u00fclkede, Magna Carta yaz\u0131labilir mi? Ustaca Ya\u015fam\u2019\u0131 bir \u00f6m\u00fcr boyu ba\u015fucunuzdan ay\u0131ramayacaks\u0131n\u0131z. Ya\u015fam\u0131n\u0131z\u0131 daha kolay ve anlaml\u0131 k\u0131lmak i\u00e7in&#8230; Kendinizi ger\u00e7ekle\u015ftirmek i\u00e7in&#8230;<\/p>\n","protected":false},"excerpt":{"rendered":"<p>YA\u015eAMINIZI DAHA KOLAY VE ANLAMLI KILACAK \u00d6NER\u0130LER Bilimin temeli evrimdir. Evrimsel d\u00fc\u015f\u00fcnce t\u00fcm pozitif bilimlerin \u00e7\u0131k\u0131\u015f noktas\u0131d\u0131r. Peki evrimsel d\u00fc\u015f\u00fcnce sadece bilim alan\u0131nda m\u0131 i\u015fimize yarar?<span class=\"excerpt-hellip\"> [\u2026]<\/span><\/p>\n","protected":false},"featured_media":0,"template":"","meta":{"_monsterinsights_skip_tracking":false,"_monsterinsights_sitenote_active":false,"_monsterinsights_sitenote_note":"","_monsterinsights_sitenote_category":0},"product_brand":[],"product_cat":[13005,13006],"product_tag":[],"class_list":{"0":"post-738902","1":"product","2":"type-product","3":"status-publish","5":"product_cat-bilim-muhendislik","6":"product_cat-populer-bilim","7":"pa_cilt-ciltsiz","8":"pa_tur-kitap","9":"pa_yayinevi-akil-celen-kitaplar","10":"pa_yazar-ali-demirsoy","12":"first","13":"instock","14":"sale","15":"shipping-taxable","16":"purchasable","17":"product-type-simple"},"_links":{"self":[{"href":"https:\/\/roveyayinevi.com.tr\/index.php\/wp-json\/wp\/v2\/product\/738902","targetHints":{"allow":["GET"]}}],"collection":[{"href":"https:\/\/roveyayinevi.com.tr\/index.php\/wp-json\/wp\/v2\/product"}],"about":[{"href":"https:\/\/roveyayinevi.com.tr\/index.php\/wp-json\/wp\/v2\/types\/product"}],"wp:attachment":[{"href":"https:\/\/roveyayinevi.com.tr\/index.php\/wp-json\/wp\/v2\/media?parent=738902"}],"wp:term":[{"taxonomy":"product_brand","embeddable":true,"href":"https:\/\/roveyayinevi.com.tr\/index.php\/wp-json\/wp\/v2\/product_brand?post=738902"},{"taxonomy":"product_cat","embeddable":true,"href":"https:\/\/roveyayinevi.com.tr\/index.php\/wp-json\/wp\/v2\/product_cat?post=738902"},{"taxonomy":"product_tag","embeddable":true,"href":"https:\/\/roveyayinevi.com.tr\/index.php\/wp-json\/wp\/v2\/product_tag?post=738902"}],"curies":[{"name":"wp","href":"https:\/\/api.w.org\/{rel}","templated":true}]}}