{"id":738901,"date":"2025-08-27T23:59:29","date_gmt":"2025-08-27T20:59:29","guid":{"rendered":"https:\/\/roveyayinevi.com.tr\/index.php\/urun\/dus-dokunuslu-zamanlara-sigindik\/"},"modified":"2026-04-16T02:49:16","modified_gmt":"2026-04-15T23:49:16","slug":"dus-dokunuslu-zamanlara-sigindik","status":"publish","type":"product","link":"https:\/\/roveyayinevi.com.tr\/index.php\/urun\/dus-dokunuslu-zamanlara-sigindik\/","title":{"rendered":"D\u00fc\u015f Dokunu\u015flu Zamanlara S\u0131\u011f\u0131nd\u0131k"},"content":{"rendered":"<p>&#8230;G\u00f6r\u00fcnmez zerresiyimr\u00fczg\u00e2rlarla s\u00fcr\u00fcklenenbilinmez maceran\u0131nEvrenin kusurlu \u00e7ocu\u011fudev aynas\u0131nda g\u00f6rse de kendiniNarkissos aldatmacas\u0131ndaUstal\u0131k r\u00fcyas\u0131ndaait oldu\u011fu yere akanbir gizem yolculu\u011fu hayat\u0131m&#8230;<\/p>\n","protected":false},"excerpt":{"rendered":"<p>&#8230;G\u00f6r\u00fcnmez zerresiyimr\u00fczg\u00e2rlarla s\u00fcr\u00fcklenenbilinmez maceran\u0131nEvrenin kusurlu \u00e7ocu\u011fudev aynas\u0131nda g\u00f6rse de kendiniNarkissos aldatmacas\u0131ndaUstal\u0131k r\u00fcyas\u0131ndaait oldu\u011fu yere akanbir gizem yolculu\u011fu hayat\u0131m&#8230;<\/p>\n","protected":false},"featured_media":0,"template":"","meta":{"_monsterinsights_skip_tracking":false,"_monsterinsights_sitenote_active":false,"_monsterinsights_sitenote_note":"","_monsterinsights_sitenote_category":0},"product_brand":[],"product_cat":[12291,12509],"product_tag":[],"class_list":{"0":"post-738901","1":"product","2":"type-product","3":"status-publish","5":"product_cat-edebiyat","6":"product_cat-siir","7":"pa_cilt-ciltsiz","8":"pa_tur-kitap","9":"pa_yayinevi-gulnar-yayinlari","10":"pa_yazar-beste-bekir","12":"first","13":"instock","14":"sale","15":"shipping-taxable","16":"purchasable","17":"product-type-simple"},"_links":{"self":[{"href":"https:\/\/roveyayinevi.com.tr\/index.php\/wp-json\/wp\/v2\/product\/738901","targetHints":{"allow":["GET"]}}],"collection":[{"href":"https:\/\/roveyayinevi.com.tr\/index.php\/wp-json\/wp\/v2\/product"}],"about":[{"href":"https:\/\/roveyayinevi.com.tr\/index.php\/wp-json\/wp\/v2\/types\/product"}],"wp:attachment":[{"href":"https:\/\/roveyayinevi.com.tr\/index.php\/wp-json\/wp\/v2\/media?parent=738901"}],"wp:term":[{"taxonomy":"product_brand","embeddable":true,"href":"https:\/\/roveyayinevi.com.tr\/index.php\/wp-json\/wp\/v2\/product_brand?post=738901"},{"taxonomy":"product_cat","embeddable":true,"href":"https:\/\/roveyayinevi.com.tr\/index.php\/wp-json\/wp\/v2\/product_cat?post=738901"},{"taxonomy":"product_tag","embeddable":true,"href":"https:\/\/roveyayinevi.com.tr\/index.php\/wp-json\/wp\/v2\/product_tag?post=738901"}],"curies":[{"name":"wp","href":"https:\/\/api.w.org\/{rel}","templated":true}]}}