{"id":738900,"date":"2025-08-27T23:59:28","date_gmt":"2025-08-27T20:59:28","guid":{"rendered":"https:\/\/roveyayinevi.com.tr\/index.php\/urun\/demir-kanatli-kuslar\/"},"modified":"2026-04-08T02:57:20","modified_gmt":"2026-04-07T23:57:20","slug":"demir-kanatli-kuslar","status":"publish","type":"product","link":"https:\/\/roveyayinevi.com.tr\/index.php\/urun\/demir-kanatli-kuslar\/","title":{"rendered":"Demir Kanatl\u0131 Ku\u015flar"},"content":{"rendered":"<p>Bir mermiyle ka\u00e7 insan \u00f6l\u00fcr hi\u00e7 d\u00fc\u015f\u00fcnd\u00fcn\u00fcz m\u00fc?Bir anda patlayan top mermileri ve bombalar\u0131n i\u00e7inde kalan savunmas\u0131z insanlar\u0131n, \u00f6l\u00fcmden ka\u00e7arken ailesini kaybeden \u00e7ocuklar\u0131n yerine kendinizi koydunuz mu hi\u00e7? Ayn\u0131 durum benim ba\u015f\u0131ma gelse ne yapard\u0131m diye d\u00fc\u015f\u00fcnd\u00fcn\u00fcz m\u00fc ? Sava\u015f\u0131n kazanan\u0131 her zaman silah satanlar olmu\u015ftur. Emek\u00e7ilerin al\u0131n teriyle kazand\u0131\u011f\u0131 paradan toplanan vergiyle al\u0131nan silahlar, sava\u015fan iki taraf\u0131n emek\u00e7i gen\u00e7lerini \u00f6ld\u00fcrd\u00fc.<\/p>\n","protected":false},"excerpt":{"rendered":"<p>Bir mermiyle ka\u00e7 insan \u00f6l\u00fcr hi\u00e7 d\u00fc\u015f\u00fcnd\u00fcn\u00fcz m\u00fc?Bir anda patlayan top mermileri ve bombalar\u0131n i\u00e7inde kalan savunmas\u0131z insanlar\u0131n, \u00f6l\u00fcmden ka\u00e7arken ailesini kaybeden \u00e7ocuklar\u0131n yerine kendinizi koydunuz<span class=\"excerpt-hellip\"> [\u2026]<\/span><\/p>\n","protected":false},"featured_media":0,"template":"","meta":{"_monsterinsights_skip_tracking":false,"_monsterinsights_sitenote_active":false,"_monsterinsights_sitenote_note":"","_monsterinsights_sitenote_category":0},"product_brand":[],"product_cat":[12291,12711],"product_tag":[],"class_list":{"0":"post-738900","1":"product","2":"type-product","3":"status-publish","5":"product_cat-edebiyat","6":"product_cat-roman-oyku","7":"pa_cilt-ciltsiz","8":"pa_tur-kitap","9":"pa_yayinevi-herdem-kitap","10":"pa_yazar-senel-gulbudak","12":"first","13":"instock","14":"sale","15":"shipping-taxable","16":"purchasable","17":"product-type-simple"},"_links":{"self":[{"href":"https:\/\/roveyayinevi.com.tr\/index.php\/wp-json\/wp\/v2\/product\/738900","targetHints":{"allow":["GET"]}}],"collection":[{"href":"https:\/\/roveyayinevi.com.tr\/index.php\/wp-json\/wp\/v2\/product"}],"about":[{"href":"https:\/\/roveyayinevi.com.tr\/index.php\/wp-json\/wp\/v2\/types\/product"}],"wp:attachment":[{"href":"https:\/\/roveyayinevi.com.tr\/index.php\/wp-json\/wp\/v2\/media?parent=738900"}],"wp:term":[{"taxonomy":"product_brand","embeddable":true,"href":"https:\/\/roveyayinevi.com.tr\/index.php\/wp-json\/wp\/v2\/product_brand?post=738900"},{"taxonomy":"product_cat","embeddable":true,"href":"https:\/\/roveyayinevi.com.tr\/index.php\/wp-json\/wp\/v2\/product_cat?post=738900"},{"taxonomy":"product_tag","embeddable":true,"href":"https:\/\/roveyayinevi.com.tr\/index.php\/wp-json\/wp\/v2\/product_tag?post=738900"}],"curies":[{"name":"wp","href":"https:\/\/api.w.org\/{rel}","templated":true}]}}