{"id":738898,"date":"2025-08-27T23:59:25","date_gmt":"2025-08-27T20:59:25","guid":{"rendered":"https:\/\/roveyayinevi.com.tr\/index.php\/urun\/azicik-aklim-karisti-annem-beni-seviyor-mu\/"},"modified":"2026-04-16T02:49:16","modified_gmt":"2026-04-15T23:49:16","slug":"azicik-aklim-karisti-annem-beni-seviyor-mu","status":"publish","type":"product","link":"https:\/\/roveyayinevi.com.tr\/index.php\/urun\/azicik-aklim-karisti-annem-beni-seviyor-mu\/","title":{"rendered":"Az\u0131c\u0131k Akl\u0131m Kar\u0131\u015ft\u0131 &#8211; Annem Beni Seviyor Mu"},"content":{"rendered":"<p>Az\u0131c\u0131k akl\u0131m kar\u0131\u015f\u0131r &#8220;Annem beni seviyor mu?&#8221; diye. Dur \u00fcz\u00fclme, bazen olur b\u00f6yle! K\u00f6t\u00fc d\u00fc\u015f\u00fcnceler yerine g\u00fczel d\u00fc\u015f\u00fcnceleri koymak i\u00e7in akl\u0131ndan ge\u00e7en d\u00fc\u015f\u00fcnceleri yeniden okumaya haz\u0131r m\u0131s\u0131n\u0131z?<\/p>\n","protected":false},"excerpt":{"rendered":"<p>Az\u0131c\u0131k akl\u0131m kar\u0131\u015f\u0131r &#8220;Annem beni seviyor mu?&#8221; diye. Dur \u00fcz\u00fclme, bazen olur b\u00f6yle! K\u00f6t\u00fc d\u00fc\u015f\u00fcnceler yerine g\u00fczel d\u00fc\u015f\u00fcnceleri koymak i\u00e7in akl\u0131ndan ge\u00e7en d\u00fc\u015f\u00fcnceleri yeniden okumaya haz\u0131r<span class=\"excerpt-hellip\"> [\u2026]<\/span><\/p>\n","protected":false},"featured_media":0,"template":"","meta":{"_monsterinsights_skip_tracking":false,"_monsterinsights_sitenote_active":false,"_monsterinsights_sitenote_note":"","_monsterinsights_sitenote_category":0},"product_brand":[],"product_cat":[12274,12284],"product_tag":[],"class_list":{"0":"post-738898","1":"product","2":"type-product","3":"status-publish","5":"product_cat-cocuk-ve-genclik-kitaplari","6":"product_cat-hikayeler","7":"pa_cilt-ciltsiz","8":"pa_tur-kitap","9":"pa_yayinevi-sincap-kitap","10":"pa_yazar-mehmet-teber","12":"first","13":"instock","14":"sale","15":"shipping-taxable","16":"purchasable","17":"product-type-simple"},"_links":{"self":[{"href":"https:\/\/roveyayinevi.com.tr\/index.php\/wp-json\/wp\/v2\/product\/738898","targetHints":{"allow":["GET"]}}],"collection":[{"href":"https:\/\/roveyayinevi.com.tr\/index.php\/wp-json\/wp\/v2\/product"}],"about":[{"href":"https:\/\/roveyayinevi.com.tr\/index.php\/wp-json\/wp\/v2\/types\/product"}],"wp:attachment":[{"href":"https:\/\/roveyayinevi.com.tr\/index.php\/wp-json\/wp\/v2\/media?parent=738898"}],"wp:term":[{"taxonomy":"product_brand","embeddable":true,"href":"https:\/\/roveyayinevi.com.tr\/index.php\/wp-json\/wp\/v2\/product_brand?post=738898"},{"taxonomy":"product_cat","embeddable":true,"href":"https:\/\/roveyayinevi.com.tr\/index.php\/wp-json\/wp\/v2\/product_cat?post=738898"},{"taxonomy":"product_tag","embeddable":true,"href":"https:\/\/roveyayinevi.com.tr\/index.php\/wp-json\/wp\/v2\/product_tag?post=738898"}],"curies":[{"name":"wp","href":"https:\/\/api.w.org\/{rel}","templated":true}]}}