{"id":738897,"date":"2025-08-27T23:59:24","date_gmt":"2025-08-27T20:59:24","guid":{"rendered":"https:\/\/roveyayinevi.com.tr\/index.php\/urun\/tiyatro-oyunlarim\/"},"modified":"2026-04-16T02:49:16","modified_gmt":"2026-04-15T23:49:16","slug":"tiyatro-oyunlarim","status":"publish","type":"product","link":"https:\/\/roveyayinevi.com.tr\/index.php\/urun\/tiyatro-oyunlarim\/","title":{"rendered":"Tiyatro Oyunlar\u0131m"},"content":{"rendered":"<p>Biz Kimiz?Evet. McLuhan hakl\u0131yd\u0131: d\u00fcnya art\u0131k k\u00fcresel bir k\u00f6y. Ve art\u0131k hepimizin ortak bir k\u00fclt\u00fcr\u00fc var. Peki kendi k\u00fclt\u00fcr\u00fcm\u00fcz, de\u011ferlerimiz&#8230; Bunlar\u0131n hayat\u0131m\u0131zda ne kadar yeri var? Ve biz kendi k\u00fclt\u00fcr\u00fcm\u00fcz\u00fc unutuyor muyuz yoksa ondan utan\u0131yor muyuz? Ayr\u0131ca insanlara ortak davran\u0131\u015f kal\u0131plar\u0131. ortak e\u011flence anlay\u0131\u015f\u0131. ortak mutlu olma standard\u0131 sunan ve bize biricik oldu\u011fumuzu unutturan bu sistem de neyin nesi? Ve t\u00fcm bu kaosun I\u00e7inde biz kimiz?\u015eimdiki NesilOyunun ad\u0131na bakmay\u0131n siz, oyun asl\u0131nda \u015fimdiki nesle de\u011fil onu yeti\u015ftiren nesle sesteniyor. Siz sevgili yeti\u015fkinler! Yeni nesilden s\u00fcrekli \u015fikayet edip duruyorsunuz. Ama mademki bu nesli eksik ve kusurlu buluyorsunuz: hatan\u0131n biraz\u0131n\u0131 neden kendinizde aram\u0131yorsunuz? Ebeveyn olun veya olmay\u0131n. toplumdaki yeti\u015fkinler toplumun \u00e7ocuklar\u0131n\u0131 b\u00fcy\u00fct\u00fcrler. Sorar\u0131m size. mahsul kotu \u00e7\u0131ktrysa -ki bence de\u011fil- \u00e7ift\u00e7inin hi\u00e7 su\u00e7u yok mudur?Teknolojik \u0130simsizlerOyundaki ailenin her bir ferdi teknoloji ba\u011f\u0131ml\u0131l\u0131\u011f\u0131n\u0131n farkl\u0131 bir zarann\u0131 ve tehlikesini temsil ediyor. Oyun ba\u011f\u0131ml\u0131s\u0131 olan evin o\u011flu telefon ba\u015f\u0131nda bo\u015fa ge\u00e7en zaman\u0131m\u0131z\u0131, tembelle\u015fmemizi ve ama\u00e7s\u0131zla\u015fmam\u0131z\u0131: ablas\u0131 hayat\u0131m\u0131z\u0131 sosyal medyaya g\u00f6re \u015fekillendirmemizi ve bunun bize getirdi\u011fi \u00f6zguvensiz ve mutsuz ruh halini: annesi bilgilerin gizlili\u011fi ve g\u00fcvenilirli\u011fi konusunda ya\u015fad\u0131\u011f\u0131m\u0131z \u015f\u00fcphenin bizde yaratt\u0131\u011f\u0131 korku ve paranoyay\u0131: babas\u0131 ise sosyal medyada farkl\u0131 bir kimlik alman\u0131n ne kadar kolay oldu\u011funu. sosyal medya kimliklerinin sahteligini ve daha da tehlikelisi bu sahte klmliklerimize yava\u015f yava\u015f kendimizin bile inan\u0131\u015f\u0131n anlat\u0131yor.<\/p>\n","protected":false},"excerpt":{"rendered":"<p>Biz Kimiz?Evet. McLuhan hakl\u0131yd\u0131: d\u00fcnya art\u0131k k\u00fcresel bir k\u00f6y. Ve art\u0131k hepimizin ortak bir k\u00fclt\u00fcr\u00fc var. Peki kendi k\u00fclt\u00fcr\u00fcm\u00fcz, de\u011ferlerimiz&#8230; Bunlar\u0131n hayat\u0131m\u0131zda ne kadar yeri var?<span class=\"excerpt-hellip\"> [\u2026]<\/span><\/p>\n","protected":false},"featured_media":0,"template":"","meta":{"_monsterinsights_skip_tracking":false,"_monsterinsights_sitenote_active":false,"_monsterinsights_sitenote_note":"","_monsterinsights_sitenote_category":0},"product_brand":[],"product_cat":[12291,15566],"product_tag":[],"class_list":{"0":"post-738897","1":"product","2":"type-product","3":"status-publish","5":"product_cat-edebiyat","6":"product_cat-oyun","7":"pa_cilt-ciltsiz","8":"pa_tur-kitap","9":"pa_yayinevi-herdem-kitap","10":"pa_yazar-merve-yakut","12":"first","13":"instock","14":"sale","15":"shipping-taxable","16":"purchasable","17":"product-type-simple"},"_links":{"self":[{"href":"https:\/\/roveyayinevi.com.tr\/index.php\/wp-json\/wp\/v2\/product\/738897","targetHints":{"allow":["GET"]}}],"collection":[{"href":"https:\/\/roveyayinevi.com.tr\/index.php\/wp-json\/wp\/v2\/product"}],"about":[{"href":"https:\/\/roveyayinevi.com.tr\/index.php\/wp-json\/wp\/v2\/types\/product"}],"wp:attachment":[{"href":"https:\/\/roveyayinevi.com.tr\/index.php\/wp-json\/wp\/v2\/media?parent=738897"}],"wp:term":[{"taxonomy":"product_brand","embeddable":true,"href":"https:\/\/roveyayinevi.com.tr\/index.php\/wp-json\/wp\/v2\/product_brand?post=738897"},{"taxonomy":"product_cat","embeddable":true,"href":"https:\/\/roveyayinevi.com.tr\/index.php\/wp-json\/wp\/v2\/product_cat?post=738897"},{"taxonomy":"product_tag","embeddable":true,"href":"https:\/\/roveyayinevi.com.tr\/index.php\/wp-json\/wp\/v2\/product_tag?post=738897"}],"curies":[{"name":"wp","href":"https:\/\/api.w.org\/{rel}","templated":true}]}}