{"id":738892,"date":"2025-08-27T23:59:17","date_gmt":"2025-08-27T20:59:17","guid":{"rendered":"https:\/\/roveyayinevi.com.tr\/index.php\/urun\/365-gunde-peygamberimin-arkadaslari-fleksi-cilt\/"},"modified":"2026-04-16T02:49:15","modified_gmt":"2026-04-15T23:49:15","slug":"365-gunde-peygamberimin-arkadaslari-fleksi-cilt","status":"publish","type":"product","link":"https:\/\/roveyayinevi.com.tr\/index.php\/urun\/365-gunde-peygamberimin-arkadaslari-fleksi-cilt\/","title":{"rendered":"365 G\u00fcnde Peygamberimin Arkada\u015flar\u0131 (Fleksi Cilt)"},"content":{"rendered":"<p>Sevgili Peygamberimizin, \u201cAshab\u0131m g\u00f6kteki y\u0131ld\u0131zlar gibidir. Hangisine uyarsan\u0131z, kurtulu\u015fa erersiniz.\u201d hadisinde buyurdu\u011fu \u00fczere, Mutluluk \u00c7a\u011f\u0131\u2019ndan g\u00f6n\u00fcl d\u00fcnyam\u0131za inen y\u0131ld\u0131zlard\u0131r onlar\u2026Vefas\u0131 ve fedak\u00e2rl\u0131\u011f\u0131yla Hz. Hatice, sadakatiyle Hz. Ebu Bekir, adaletiyle Hz. \u00d6mer, edebiyle Hz. Osman, cesaretiyle Hz. Ali, kahramanl\u0131\u011f\u0131yla Hz. Hamza, onlardan en \u00e7ok duyduklar\u0131m\u0131z\u2026 Peki ya di\u011ferleri?..Sevgili Peygamberimizin, \u201cAshab\u0131m g\u00f6kteki y\u0131ld\u0131zlar gibidir. Hangisine uyarsan\u0131z, kurtulu\u015fa erersiniz.\u201d hadisinde buyurdu\u011fu \u00fczere, Mutluluk \u00c7a\u011f\u0131\u2019ndan g\u00f6n\u00fcl d\u00fcnyam\u0131za inen y\u0131ld\u0131zlard\u0131r onlar\u2026Vefas\u0131 ve fedak\u00e2rl\u0131\u011f\u0131yla Hz. Hatice, sadakatiyle Hz. Ebu Bekir, adaletiyle Hz. \u00d6mer, edebiyle Hz. Osman, cesaretiyle Hz. Ali, kahramanl\u0131\u011f\u0131yla Hz. Hamza, onlardan en \u00e7ok duyduklar\u0131m\u0131z\u2026 Peki ya di\u011ferleri?..<\/p>\n","protected":false},"excerpt":{"rendered":"<p>Sevgili Peygamberimizin, \u201cAshab\u0131m g\u00f6kteki y\u0131ld\u0131zlar gibidir. Hangisine uyarsan\u0131z, kurtulu\u015fa erersiniz.\u201d hadisinde buyurdu\u011fu \u00fczere, Mutluluk \u00c7a\u011f\u0131\u2019ndan g\u00f6n\u00fcl d\u00fcnyam\u0131za inen y\u0131ld\u0131zlard\u0131r onlar\u2026Vefas\u0131 ve fedak\u00e2rl\u0131\u011f\u0131yla Hz. Hatice, sadakatiyle Hz.<span class=\"excerpt-hellip\"> [\u2026]<\/span><\/p>\n","protected":false},"featured_media":0,"template":"","meta":{"_monsterinsights_skip_tracking":false,"_monsterinsights_sitenote_active":false,"_monsterinsights_sitenote_note":"","_monsterinsights_sitenote_category":0},"product_brand":[],"product_cat":[12274,15842],"product_tag":[],"class_list":{"0":"post-738892","1":"product","2":"type-product","3":"status-publish","5":"product_cat-cocuk-ve-genclik-kitaplari","6":"product_cat-egitici-kitaplar","7":"pa_cilt-ciltsiz","8":"pa_tur-kitap","9":"pa_yayinevi-gulce-kitap","10":"pa_yazar-nazmi-taha-kilinc","12":"first","13":"instock","14":"sale","15":"shipping-taxable","16":"purchasable","17":"product-type-simple"},"_links":{"self":[{"href":"https:\/\/roveyayinevi.com.tr\/index.php\/wp-json\/wp\/v2\/product\/738892","targetHints":{"allow":["GET"]}}],"collection":[{"href":"https:\/\/roveyayinevi.com.tr\/index.php\/wp-json\/wp\/v2\/product"}],"about":[{"href":"https:\/\/roveyayinevi.com.tr\/index.php\/wp-json\/wp\/v2\/types\/product"}],"wp:attachment":[{"href":"https:\/\/roveyayinevi.com.tr\/index.php\/wp-json\/wp\/v2\/media?parent=738892"}],"wp:term":[{"taxonomy":"product_brand","embeddable":true,"href":"https:\/\/roveyayinevi.com.tr\/index.php\/wp-json\/wp\/v2\/product_brand?post=738892"},{"taxonomy":"product_cat","embeddable":true,"href":"https:\/\/roveyayinevi.com.tr\/index.php\/wp-json\/wp\/v2\/product_cat?post=738892"},{"taxonomy":"product_tag","embeddable":true,"href":"https:\/\/roveyayinevi.com.tr\/index.php\/wp-json\/wp\/v2\/product_tag?post=738892"}],"curies":[{"name":"wp","href":"https:\/\/api.w.org\/{rel}","templated":true}]}}