{"id":738889,"date":"2025-08-27T23:59:14","date_gmt":"2025-08-27T20:59:14","guid":{"rendered":"https:\/\/roveyayinevi.com.tr\/index.php\/urun\/eksik-parcanin-gizemi-neredesin-105\/"},"modified":"2026-04-16T02:49:15","modified_gmt":"2026-04-15T23:49:15","slug":"eksik-parcanin-gizemi-neredesin-105","status":"publish","type":"product","link":"https:\/\/roveyayinevi.com.tr\/index.php\/urun\/eksik-parcanin-gizemi-neredesin-105\/","title":{"rendered":"Eksik Par\u00e7an\u0131n Gizemi &#8211; Neredesin 105"},"content":{"rendered":"<p>Defne\u2019nin evinde garip bir hareketlilik vard\u0131r. Lila, Miro ve G\u00fc\u00e7l\u00fc\u2019n\u00fcn hayali di\u011fer par\u00e7alarla birle\u015fip bir tablo olarak duvara as\u0131lmakt\u0131r. Ancak \u00fc\u00e7l\u00fcn\u00fcn bu hayali, evin k\u0131skan\u00e7 kedisi Ven\u00fcs taraf\u0131ndan sars\u0131l\u0131r. Ven\u00fcs, yapbozun bulundu\u011fu masa \u00f6rt\u00fcs\u00fcn\u00fc b\u00fcy\u00fck bir zevkle \u00e7eker ve par\u00e7alar\u0131 da\u011f\u0131t\u0131r. Par\u00e7alar bu zelzeleden sonra toparlan\u0131r ama ortada \u00e7ok b\u00fcy\u00fck bir sorun vard\u0131r. \u2018105\u2019 isimli par\u00e7a esrarengiz bir \u015fekilde kaybolmu\u015ftur. Arkada\u015flar\u0131n\u0131 arad\u0131klar\u0131 hi\u00e7bir yerde bulamayan kafadar par\u00e7alar, yapbozun \u00fcretildi\u011fi fabrikaya giderek 105\u2019i kopyalamaya karar verirler. \u00dc\u00e7 arkada\u015f, 105\u2019i ait oldu\u011fu yapboza d\u00f6nd\u00fcr\u00fcp hayallerini ger\u00e7ekle\u015ftirebilecek mi? Macera, gizem, sanat ve e\u011flence dolus\u0131ra d\u0131\u015f\u0131 bir hik\u00e2ye&#8230;<\/p>\n","protected":false},"excerpt":{"rendered":"<p>Defne\u2019nin evinde garip bir hareketlilik vard\u0131r. Lila, Miro ve G\u00fc\u00e7l\u00fc\u2019n\u00fcn hayali di\u011fer par\u00e7alarla birle\u015fip bir tablo olarak duvara as\u0131lmakt\u0131r. Ancak \u00fc\u00e7l\u00fcn\u00fcn bu hayali, evin k\u0131skan\u00e7 kedisi<span class=\"excerpt-hellip\"> [\u2026]<\/span><\/p>\n","protected":false},"featured_media":0,"template":"","meta":{"_monsterinsights_skip_tracking":false,"_monsterinsights_sitenote_active":false,"_monsterinsights_sitenote_note":"","_monsterinsights_sitenote_category":0},"product_brand":[],"product_cat":[12274,12284],"product_tag":[],"class_list":{"0":"post-738889","1":"product","2":"type-product","3":"status-publish","5":"product_cat-cocuk-ve-genclik-kitaplari","6":"product_cat-hikayeler","7":"pa_cilt-ciltsiz","8":"pa_tur-kitap","9":"pa_yayinevi-genc-timas","10":"pa_yazar-nazan-tarim","12":"first","13":"instock","14":"sale","15":"shipping-taxable","16":"purchasable","17":"product-type-simple"},"_links":{"self":[{"href":"https:\/\/roveyayinevi.com.tr\/index.php\/wp-json\/wp\/v2\/product\/738889","targetHints":{"allow":["GET"]}}],"collection":[{"href":"https:\/\/roveyayinevi.com.tr\/index.php\/wp-json\/wp\/v2\/product"}],"about":[{"href":"https:\/\/roveyayinevi.com.tr\/index.php\/wp-json\/wp\/v2\/types\/product"}],"wp:attachment":[{"href":"https:\/\/roveyayinevi.com.tr\/index.php\/wp-json\/wp\/v2\/media?parent=738889"}],"wp:term":[{"taxonomy":"product_brand","embeddable":true,"href":"https:\/\/roveyayinevi.com.tr\/index.php\/wp-json\/wp\/v2\/product_brand?post=738889"},{"taxonomy":"product_cat","embeddable":true,"href":"https:\/\/roveyayinevi.com.tr\/index.php\/wp-json\/wp\/v2\/product_cat?post=738889"},{"taxonomy":"product_tag","embeddable":true,"href":"https:\/\/roveyayinevi.com.tr\/index.php\/wp-json\/wp\/v2\/product_tag?post=738889"}],"curies":[{"name":"wp","href":"https:\/\/api.w.org\/{rel}","templated":true}]}}