{"id":738887,"date":"2025-08-27T23:59:11","date_gmt":"2025-08-27T20:59:11","guid":{"rendered":"https:\/\/roveyayinevi.com.tr\/index.php\/urun\/aura\/"},"modified":"2026-04-16T02:49:15","modified_gmt":"2026-04-15T23:49:15","slug":"aura","status":"publish","type":"product","link":"https:\/\/roveyayinevi.com.tr\/index.php\/urun\/aura\/","title":{"rendered":"Aura"},"content":{"rendered":"<p>\u0130nsanlar mant\u0131klar\u0131yla hareket eden canl\u0131lard\u0131r. Medeniyetimiz akl\u0131m\u0131z\u0131n \u00fcr\u00fcn\u00fcd\u00fcr. Ya \u00f6yle de\u011filse?Ya duygular\u0131m\u0131z\u0131n kontrol\u00fcndeysek?\u0130nsan tarihini dolduran sava\u015flar, akl\u0131m\u0131z\u0131n de\u011fil de kontrols\u00fcz duygular\u0131m\u0131z\u0131n \u00fcr\u00fcn\u00fc olmas\u0131n sak\u0131n!  Bir g\u00fcn Beril, insanlar\u0131n \u00e7evresini kaplayan renkleri g\u00f6rmeye ba\u015flar. Renklerin ne anlama geldi\u011fini bulmas\u0131 zaman al\u0131r. G\u00f6rd\u00fckleri, kendini de\u011fi\u015ftirmesi gerekti\u011fini fark ettirir ona. Kendi yolunu ararken tehlikeli bir maceran\u0131n i\u00e7ine d\u00fc\u015fer.  Duygular\u0131m\u0131z\u0131 kontrol etmezsek onlar bizi kontrol eder. Hi\u00e7 d\u00fc\u015f\u00fcnd\u00fcn m\u00fc, seni kontrol eden mant\u0131\u011f\u0131n m\u0131, duygular\u0131n m\u0131?<\/p>\n","protected":false},"excerpt":{"rendered":"<p>\u0130nsanlar mant\u0131klar\u0131yla hareket eden canl\u0131lard\u0131r. Medeniyetimiz akl\u0131m\u0131z\u0131n \u00fcr\u00fcn\u00fcd\u00fcr. Ya \u00f6yle de\u011filse?Ya duygular\u0131m\u0131z\u0131n kontrol\u00fcndeysek?\u0130nsan tarihini dolduran sava\u015flar, akl\u0131m\u0131z\u0131n de\u011fil de kontrols\u00fcz duygular\u0131m\u0131z\u0131n \u00fcr\u00fcn\u00fc olmas\u0131n sak\u0131n! Bir g\u00fcn<span class=\"excerpt-hellip\"> [\u2026]<\/span><\/p>\n","protected":false},"featured_media":0,"template":"","meta":{"_monsterinsights_skip_tracking":false,"_monsterinsights_sitenote_active":false,"_monsterinsights_sitenote_note":"","_monsterinsights_sitenote_category":0},"product_brand":[],"product_cat":[12291,12711],"product_tag":[],"class_list":{"0":"post-738887","1":"product","2":"type-product","3":"status-publish","5":"product_cat-edebiyat","6":"product_cat-roman-oyku","7":"pa_cilt-ciltsiz","8":"pa_tur-kitap","9":"pa_yayinevi-genc-timas","10":"pa_yazar-birsen-ekim-ozen","12":"first","13":"instock","14":"sale","15":"shipping-taxable","16":"purchasable","17":"product-type-simple"},"_links":{"self":[{"href":"https:\/\/roveyayinevi.com.tr\/index.php\/wp-json\/wp\/v2\/product\/738887","targetHints":{"allow":["GET"]}}],"collection":[{"href":"https:\/\/roveyayinevi.com.tr\/index.php\/wp-json\/wp\/v2\/product"}],"about":[{"href":"https:\/\/roveyayinevi.com.tr\/index.php\/wp-json\/wp\/v2\/types\/product"}],"wp:attachment":[{"href":"https:\/\/roveyayinevi.com.tr\/index.php\/wp-json\/wp\/v2\/media?parent=738887"}],"wp:term":[{"taxonomy":"product_brand","embeddable":true,"href":"https:\/\/roveyayinevi.com.tr\/index.php\/wp-json\/wp\/v2\/product_brand?post=738887"},{"taxonomy":"product_cat","embeddable":true,"href":"https:\/\/roveyayinevi.com.tr\/index.php\/wp-json\/wp\/v2\/product_cat?post=738887"},{"taxonomy":"product_tag","embeddable":true,"href":"https:\/\/roveyayinevi.com.tr\/index.php\/wp-json\/wp\/v2\/product_tag?post=738887"}],"curies":[{"name":"wp","href":"https:\/\/api.w.org\/{rel}","templated":true}]}}