{"id":738886,"date":"2025-08-27T23:59:09","date_gmt":"2025-08-27T20:59:09","guid":{"rendered":"https:\/\/roveyayinevi.com.tr\/index.php\/urun\/bar-filozoflari\/"},"modified":"2026-04-16T02:49:15","modified_gmt":"2026-04-15T23:49:15","slug":"bar-filozoflari","status":"publish","type":"product","link":"https:\/\/roveyayinevi.com.tr\/index.php\/urun\/bar-filozoflari\/","title":{"rendered":"Bar Filozoflar\u0131"},"content":{"rendered":"<p>Rauf ve Faik abinin yeni a\u00e7t\u0131\u011f\u0131 Bar Filozoflar\u0131\u2019nda Bar\u0131\u015f\u2019\u0131n ya\u015fam\u0131nda derin izler b\u0131rakan olaylar\u0131n bir muhasebesi niteli\u011finde olan bu ince ama bir o kadar da yo\u011fun kitap, ge\u00e7mi\u015fte kurulan ba\u011flar\u0131n g\u00fcc\u00fcne g\u00f6nderme yapmaktad\u0131r. Ya\u015fam\u0131n d\u00fcz yoldan ilerleyen bir olgu olmad\u0131\u011f\u0131n\u0131, kar\u015f\u0131la\u015fmalar ve yeni insanlar sayesinde ge\u00e7mi\u015fin en derin dehlizlerinde saklanan olaylar\u0131n g\u00fcn y\u00fcz\u00fcne \u00e7\u0131kabilme g\u00fcc\u00fcne vurgu yapan bir kitap ile kar\u015f\u0131 kar\u015f\u0131yas\u0131n\u0131z. Bar\u0131\u015f, barda yeni tan\u0131\u015ft\u0131\u011f\u0131 Nott ile muhabbet etmek ve kendisini yak\u0131ndan tan\u0131yabilmek i\u00e7in gece olmas\u0131n\u0131 bekleyip bara gitme arzusuyla hareket etmektedir. \u0130skandinav mitolojisinde Gecelerin Tanr\u0131\u00e7as\u0131 anlam\u0131na gelen Nott, t\u0131p bir tanr\u0131\u00e7a gibi sadece gece ortaya \u00e7\u0131kmakta ve hayat\u0131n\u0131n geri kalan\u0131 hakk\u0131nda bir bilgi payla\u015fmamakta. Nott, ge\u00e7mi\u015fin ortakla\u015ft\u0131ran g\u00fcc\u00fcyle iki kimlikli ya\u015fama bir son vermek i\u00e7in Bar\u0131\u015f ile g\u00f6r\u00fc\u015f\u00fcr ve kendini ona kar\u015f\u0131 sorumlu hissetti\u011fi duygular\u0131n\u0131 payla\u015f\u0131r.Bu kitap ya\u011fmurun yery\u00fcz\u00fcndeki b\u00fct\u00fcn k\u00f6t\u00fcl\u00fckleri yok sayaca\u011f\u0131na, yery\u00fcz\u00fcnden silip s\u00fcp\u00fcrece\u011fine inanm\u0131\u015ft\u0131r. Bu kitap ya\u011fmurda \u0131slanmam\u0131\u015f ve onu hissetmemi\u015ftir. Bu kitap ya\u011fmuru hi\u00e7 tan\u0131mam\u0131\u015ft\u0131r\u2026<\/p>\n","protected":false},"excerpt":{"rendered":"<p>Rauf ve Faik abinin yeni a\u00e7t\u0131\u011f\u0131 Bar Filozoflar\u0131\u2019nda Bar\u0131\u015f\u2019\u0131n ya\u015fam\u0131nda derin izler b\u0131rakan olaylar\u0131n bir muhasebesi niteli\u011finde olan bu ince ama bir o kadar da yo\u011fun<span class=\"excerpt-hellip\"> [\u2026]<\/span><\/p>\n","protected":false},"featured_media":0,"template":"","meta":{"_monsterinsights_skip_tracking":false,"_monsterinsights_sitenote_active":false,"_monsterinsights_sitenote_note":"","_monsterinsights_sitenote_category":0},"product_brand":[],"product_cat":[12291,12711],"product_tag":[],"class_list":{"0":"post-738886","1":"product","2":"type-product","3":"status-publish","5":"product_cat-edebiyat","6":"product_cat-roman-oyku","7":"pa_cilt-ciltsiz","8":"pa_tur-kitap","9":"pa_yayinevi-herdem-kitap","10":"pa_yazar-mehmet-can-celikkol","12":"first","13":"instock","14":"sale","15":"shipping-taxable","16":"purchasable","17":"product-type-simple"},"_links":{"self":[{"href":"https:\/\/roveyayinevi.com.tr\/index.php\/wp-json\/wp\/v2\/product\/738886","targetHints":{"allow":["GET"]}}],"collection":[{"href":"https:\/\/roveyayinevi.com.tr\/index.php\/wp-json\/wp\/v2\/product"}],"about":[{"href":"https:\/\/roveyayinevi.com.tr\/index.php\/wp-json\/wp\/v2\/types\/product"}],"wp:attachment":[{"href":"https:\/\/roveyayinevi.com.tr\/index.php\/wp-json\/wp\/v2\/media?parent=738886"}],"wp:term":[{"taxonomy":"product_brand","embeddable":true,"href":"https:\/\/roveyayinevi.com.tr\/index.php\/wp-json\/wp\/v2\/product_brand?post=738886"},{"taxonomy":"product_cat","embeddable":true,"href":"https:\/\/roveyayinevi.com.tr\/index.php\/wp-json\/wp\/v2\/product_cat?post=738886"},{"taxonomy":"product_tag","embeddable":true,"href":"https:\/\/roveyayinevi.com.tr\/index.php\/wp-json\/wp\/v2\/product_tag?post=738886"}],"curies":[{"name":"wp","href":"https:\/\/api.w.org\/{rel}","templated":true}]}}