{"id":738885,"date":"2025-08-27T23:59:07","date_gmt":"2025-08-27T20:59:07","guid":{"rendered":"https:\/\/roveyayinevi.com.tr\/index.php\/urun\/kiraz-tepesindeki-mucize\/"},"modified":"2026-04-16T02:49:15","modified_gmt":"2026-04-15T23:49:15","slug":"kiraz-tepesindeki-mucize","status":"publish","type":"product","link":"https:\/\/roveyayinevi.com.tr\/index.php\/urun\/kiraz-tepesindeki-mucize\/","title":{"rendered":"Kiraz Tepesindeki Mucize"},"content":{"rendered":"<p>Kang\u2019\u0131n b\u00fct\u00fcn hayat\u0131 adeta bir mucizedir. Yoksulluktan ba\u015far\u0131l\u0131 bir in\u015faat firmas\u0131n\u0131n sahibi olmaya kadar y\u00fckselmi\u015f bir adamd\u0131r. Ancak tam dinlenmeye ba\u015flayaca\u011f\u0131 y\u0131llarda beyninde bir t\u00fcm\u00f6r te\u015fhis edilir ve kalan g\u00fcnlerini sakin ge\u00e7irmek i\u00e7in \u00e7ocuklu\u011funun ge\u00e7ti\u011fi Kiraz Tepesi\u2019ne d\u00f6nmeye karar verir. T\u00fcm d\u00fcnyadan ka\u00e7may\u0131 planlayarak kendini geni\u015f bir arazi \u00fczerindeki eski bir eve kapat\u0131r ancak mahalle sakinlerinin akl\u0131nda ba\u015fka planlar vard\u0131r. Mahalleli, Kang\u2019\u0131n \u00f6zel arazisine serbest\u00e7e girip \u00e7\u0131kar. Peki ama, evin ve Kiraz Tepesi\u2019nin ger\u00e7ek sahibi kimdir? Mahalleyi kentsel d\u00f6n\u00fc\u015f\u00fcmle yenilemek isteyen in\u015faat firmas\u0131 m\u0131? Yoksa Kiraz Tepesi&#8217;ni nesillerdir oyun oynamak, d\u00fc\u015f\u00fcnmek, y\u00fcr\u00fcmek, do\u011fay\u0131 sevmek ve ke\u015ffetmek i\u00e7in kullanan mahalle sakinleri mi? Ya ac\u0131 dolu ve umutsuz bir adam olan Kang\u2019\u0131n \u00e7ocuklu\u011funun bu sihirli yerle nas\u0131l bir ba\u011flant\u0131s\u0131 var?Kiraz Tepesindeki Mucize, yaral\u0131 bir adam\u0131n insanl\u0131\u011fa inanc\u0131n\u0131 yeniden kazanmas\u0131n\u0131n ve manevi kurtulu\u015fa ula\u015fmas\u0131n\u0131n \u00f6yk\u00fcs\u00fc. G\u00fcney Kore\u2019de \u00e7ok sevilen bu eser, do\u011fan\u0131n ve insanlar\u0131n k\u0131r\u0131lganl\u0131\u011f\u0131n\u0131 vurguluyor.<\/p>\n","protected":false},"excerpt":{"rendered":"<p>Kang\u2019\u0131n b\u00fct\u00fcn hayat\u0131 adeta bir mucizedir. Yoksulluktan ba\u015far\u0131l\u0131 bir in\u015faat firmas\u0131n\u0131n sahibi olmaya kadar y\u00fckselmi\u015f bir adamd\u0131r. Ancak tam dinlenmeye ba\u015flayaca\u011f\u0131 y\u0131llarda beyninde bir t\u00fcm\u00f6r te\u015fhis<span class=\"excerpt-hellip\"> [\u2026]<\/span><\/p>\n","protected":false},"featured_media":0,"template":"","meta":{"_monsterinsights_skip_tracking":false,"_monsterinsights_sitenote_active":false,"_monsterinsights_sitenote_note":"","_monsterinsights_sitenote_category":0},"product_brand":[],"product_cat":[12291,12711],"product_tag":[],"class_list":{"0":"post-738885","1":"product","2":"type-product","3":"status-publish","5":"product_cat-edebiyat","6":"product_cat-roman-oyku","7":"pa_cilt-ciltsiz","8":"pa_tur-kitap","9":"pa_yayinevi-genc-timas","10":"pa_yazar-sun-mi-hwang","12":"first","13":"instock","14":"sale","15":"shipping-taxable","16":"purchasable","17":"product-type-simple"},"_links":{"self":[{"href":"https:\/\/roveyayinevi.com.tr\/index.php\/wp-json\/wp\/v2\/product\/738885","targetHints":{"allow":["GET"]}}],"collection":[{"href":"https:\/\/roveyayinevi.com.tr\/index.php\/wp-json\/wp\/v2\/product"}],"about":[{"href":"https:\/\/roveyayinevi.com.tr\/index.php\/wp-json\/wp\/v2\/types\/product"}],"wp:attachment":[{"href":"https:\/\/roveyayinevi.com.tr\/index.php\/wp-json\/wp\/v2\/media?parent=738885"}],"wp:term":[{"taxonomy":"product_brand","embeddable":true,"href":"https:\/\/roveyayinevi.com.tr\/index.php\/wp-json\/wp\/v2\/product_brand?post=738885"},{"taxonomy":"product_cat","embeddable":true,"href":"https:\/\/roveyayinevi.com.tr\/index.php\/wp-json\/wp\/v2\/product_cat?post=738885"},{"taxonomy":"product_tag","embeddable":true,"href":"https:\/\/roveyayinevi.com.tr\/index.php\/wp-json\/wp\/v2\/product_tag?post=738885"}],"curies":[{"name":"wp","href":"https:\/\/api.w.org\/{rel}","templated":true}]}}