{"id":738884,"date":"2025-08-27T23:59:06","date_gmt":"2025-08-27T20:59:06","guid":{"rendered":"https:\/\/roveyayinevi.com.tr\/index.php\/urun\/osmanli-super-beyinleri-2\/"},"modified":"2026-04-16T02:49:15","modified_gmt":"2026-04-15T23:49:15","slug":"osmanli-super-beyinleri-2","status":"publish","type":"product","link":"https:\/\/roveyayinevi.com.tr\/index.php\/urun\/osmanli-super-beyinleri-2\/","title":{"rendered":"Osmanl\u0131 S\u00fcper Beyinleri 2"},"content":{"rendered":"<p>Osmanl\u0131 S\u00fcper Beyinleri, uzun y\u0131llar sonra ikinci kitab\u0131yla sizlerle bulu\u015fmaya haz\u0131rlan\u0131yor! D\u00fcnyan\u0131n \u00f6nlerinde sayg\u0131yla e\u011fildi\u011fi &#8216;S\u00fcper Beyinler&#8217;, yine E\u011flenceli Tarih fark\u0131yla evlerinize konuk olacak. T\u0131ptan astronomiye, mimariden co\u011frafyaya kadar bir\u00e7ok bilim dal\u0131n\u0131n en yetenekli temsilcilerinin ya\u015fam ve ilim hik\u00e2yelerini bu bilim kokulu kitapta bulacaks\u0131n\u0131z. \u015eerefeddin Sabuncuo\u011flu&#8217;yla t\u0131p biliminin derinliklerine inecek, Mirim \u00c7elebi&#8217;yle g\u00f6klerdeki gizemi \u00e7\u00f6zeceksiniz. Sedefk\u00e2r Mehmed A\u011fa ile mimarinin en ince detaylar\u0131na h\u00e2kim olup \u00c2\u015f\u0131k Mehmed ile d\u00fcnya co\u011frafyas\u0131n\u0131n s\u0131rlar\u0131n\u0131 ke\u015ffedeceksiniz.<\/p>\n","protected":false},"excerpt":{"rendered":"<p>Osmanl\u0131 S\u00fcper Beyinleri, uzun y\u0131llar sonra ikinci kitab\u0131yla sizlerle bulu\u015fmaya haz\u0131rlan\u0131yor! D\u00fcnyan\u0131n \u00f6nlerinde sayg\u0131yla e\u011fildi\u011fi &#8216;S\u00fcper Beyinler&#8217;, yine E\u011flenceli Tarih fark\u0131yla evlerinize konuk olacak. T\u0131ptan astronomiye,<span class=\"excerpt-hellip\"> [\u2026]<\/span><\/p>\n","protected":false},"featured_media":0,"template":"","meta":{"_monsterinsights_skip_tracking":false,"_monsterinsights_sitenote_active":false,"_monsterinsights_sitenote_note":"","_monsterinsights_sitenote_category":0},"product_brand":[],"product_cat":[12312,12304],"product_tag":[],"class_list":{"0":"post-738884","1":"product","2":"type-product","3":"status-publish","5":"product_cat-diger","6":"product_cat-tarih","7":"pa_cilt-ciltsiz","8":"pa_tur-kitap","9":"pa_yayinevi-eglenceli-bilgi-yayinlari","10":"pa_yazar-mazlum-akin","12":"first","13":"instock","14":"sale","15":"shipping-taxable","16":"purchasable","17":"product-type-simple"},"_links":{"self":[{"href":"https:\/\/roveyayinevi.com.tr\/index.php\/wp-json\/wp\/v2\/product\/738884","targetHints":{"allow":["GET"]}}],"collection":[{"href":"https:\/\/roveyayinevi.com.tr\/index.php\/wp-json\/wp\/v2\/product"}],"about":[{"href":"https:\/\/roveyayinevi.com.tr\/index.php\/wp-json\/wp\/v2\/types\/product"}],"wp:attachment":[{"href":"https:\/\/roveyayinevi.com.tr\/index.php\/wp-json\/wp\/v2\/media?parent=738884"}],"wp:term":[{"taxonomy":"product_brand","embeddable":true,"href":"https:\/\/roveyayinevi.com.tr\/index.php\/wp-json\/wp\/v2\/product_brand?post=738884"},{"taxonomy":"product_cat","embeddable":true,"href":"https:\/\/roveyayinevi.com.tr\/index.php\/wp-json\/wp\/v2\/product_cat?post=738884"},{"taxonomy":"product_tag","embeddable":true,"href":"https:\/\/roveyayinevi.com.tr\/index.php\/wp-json\/wp\/v2\/product_tag?post=738884"}],"curies":[{"name":"wp","href":"https:\/\/api.w.org\/{rel}","templated":true}]}}