{"id":738883,"date":"2025-08-27T23:59:05","date_gmt":"2025-08-27T20:59:05","guid":{"rendered":"https:\/\/roveyayinevi.com.tr\/index.php\/urun\/arkadasim-fil-kari\/"},"modified":"2026-04-16T02:49:15","modified_gmt":"2026-04-15T23:49:15","slug":"arkadasim-fil-kari","status":"publish","type":"product","link":"https:\/\/roveyayinevi.com.tr\/index.php\/urun\/arkadasim-fil-kari\/","title":{"rendered":"Arkada\u015f\u0131m Fil Kari"},"content":{"rendered":"<p>Hindistan k\u0131rsal\u0131ndaki k\u00fc\u00e7\u00fck bir k\u00f6yden gizemli tropik ormanlara, Efsane \u015fehir Varanasi\u2019ye ve baharat kokulu diyarlara uzanan b\u00fcy\u00fcleyici bir macera. Zehirli y\u0131lanlarla kar\u015f\u0131la\u015fma, vah\u015fi fil s\u00fcr\u00fcs\u00fcyle zorlu bir m\u00fccadele, amans\u0131z bir kaplan av\u0131 ve fl\u00fct melodileri e\u015fli\u011finde yaban geyiklerinin dans\u0131\u2026 Sad\u0131k fil Kari, yaramaz maymun Kopee ve dokuz ya\u015f\u0131ndaki gen\u00e7 bak\u0131c\u0131lar\u0131n\u0131n, bir\u00e7ok tehlikenin \u00fcstesinden gelerek ger\u00e7ek arkada\u015fl\u0131\u011f\u0131n anlam\u0131n\u0131 \u00f6\u011frendikleri s\u0131ra d\u0131\u015f\u0131 bir arkada\u015fl\u0131k hik\u00e2yesi&#8230;<\/p>\n","protected":false},"excerpt":{"rendered":"<p>Hindistan k\u0131rsal\u0131ndaki k\u00fc\u00e7\u00fck bir k\u00f6yden gizemli tropik ormanlara, Efsane \u015fehir Varanasi\u2019ye ve baharat kokulu diyarlara uzanan b\u00fcy\u00fcleyici bir macera. Zehirli y\u0131lanlarla kar\u015f\u0131la\u015fma, vah\u015fi fil s\u00fcr\u00fcs\u00fcyle zorlu<span class=\"excerpt-hellip\"> [\u2026]<\/span><\/p>\n","protected":false},"featured_media":0,"template":"","meta":{"_monsterinsights_skip_tracking":false,"_monsterinsights_sitenote_active":false,"_monsterinsights_sitenote_note":"","_monsterinsights_sitenote_category":0},"product_brand":[],"product_cat":[12274,12284],"product_tag":[],"class_list":{"0":"post-738883","1":"product","2":"type-product","3":"status-publish","5":"product_cat-cocuk-ve-genclik-kitaplari","6":"product_cat-hikayeler","7":"pa_cilt-ciltsiz","8":"pa_tur-kitap","9":"pa_yayinevi-carpe-diem-kitaplari","10":"pa_yazar-dhan-gopal-mukerji","12":"first","13":"instock","14":"sale","15":"shipping-taxable","16":"purchasable","17":"product-type-simple"},"_links":{"self":[{"href":"https:\/\/roveyayinevi.com.tr\/index.php\/wp-json\/wp\/v2\/product\/738883","targetHints":{"allow":["GET"]}}],"collection":[{"href":"https:\/\/roveyayinevi.com.tr\/index.php\/wp-json\/wp\/v2\/product"}],"about":[{"href":"https:\/\/roveyayinevi.com.tr\/index.php\/wp-json\/wp\/v2\/types\/product"}],"wp:attachment":[{"href":"https:\/\/roveyayinevi.com.tr\/index.php\/wp-json\/wp\/v2\/media?parent=738883"}],"wp:term":[{"taxonomy":"product_brand","embeddable":true,"href":"https:\/\/roveyayinevi.com.tr\/index.php\/wp-json\/wp\/v2\/product_brand?post=738883"},{"taxonomy":"product_cat","embeddable":true,"href":"https:\/\/roveyayinevi.com.tr\/index.php\/wp-json\/wp\/v2\/product_cat?post=738883"},{"taxonomy":"product_tag","embeddable":true,"href":"https:\/\/roveyayinevi.com.tr\/index.php\/wp-json\/wp\/v2\/product_tag?post=738883"}],"curies":[{"name":"wp","href":"https:\/\/api.w.org\/{rel}","templated":true}]}}