{"id":738882,"date":"2025-08-27T23:59:03","date_gmt":"2025-08-27T20:59:03","guid":{"rendered":"https:\/\/roveyayinevi.com.tr\/index.php\/urun\/kan-ruyayi-bozar\/"},"modified":"2026-04-16T02:49:15","modified_gmt":"2026-04-15T23:49:15","slug":"kan-ruyayi-bozar","status":"publish","type":"product","link":"https:\/\/roveyayinevi.com.tr\/index.php\/urun\/kan-ruyayi-bozar\/","title":{"rendered":"Kan R\u00fcyay\u0131 Bozar"},"content":{"rendered":"<p>\u201cPandeminin b\u00fct\u00fcn zor ko\u015fullar\u0131na kar\u015f\u0131n 2021 y\u0131l\u0131 T\u00fcrk Polisiye Edebiyat\u0131\u2019nda verimli bir y\u0131l oldu.En az\u0131ndan 65 y\u0131ld\u0131r polisiye roman \u00e7okseveri olarak \u00fclkemizdeki geli\u015fmeleri izleyen beni en mutlu eden ise yeni yazarlar\u0131m\u0131z\u0131n ba\u015far\u0131lar\u0131n\u0131 izlemek oldu.S\u00fcleyman Ba\u015f\u2019\u0131n roman\u0131 bu ba\u011flamda en be\u011fendi\u011fim yap\u0131tlardan biri. Hem merakl\u0131 kurgusu, hem \u201ctoplumsal roman\u0131n i\u015flevini polisiye roman ald\u0131\u201d sav\u0131n\u0131n bir \u00f6rne\u011fi olarak verdi\u011fi toplumsal iletiler, hem muamma i\u00e7eren su\u00e7un anlat\u0131lmas\u0131 \u00fcst d\u00fczeyde\u2026S\u00fcleyman Ba\u015f\u2019\u0131n roman\u0131n\u0131 okuyacaklar\u0131n polisiye romandan bekledi\u011fimiz \u201cka\u00e7\u0131\u015f zevkini\u201d de bol bol tadacaklar\u0131n\u0131 umuyorum\u2026\u201d-Erol \u00dcyepazarc\u0131<\/p>\n","protected":false},"excerpt":{"rendered":"<p>\u201cPandeminin b\u00fct\u00fcn zor ko\u015fullar\u0131na kar\u015f\u0131n 2021 y\u0131l\u0131 T\u00fcrk Polisiye Edebiyat\u0131\u2019nda verimli bir y\u0131l oldu.En az\u0131ndan 65 y\u0131ld\u0131r polisiye roman \u00e7okseveri olarak \u00fclkemizdeki geli\u015fmeleri izleyen beni en<span class=\"excerpt-hellip\"> [\u2026]<\/span><\/p>\n","protected":false},"featured_media":0,"template":"","meta":{"_monsterinsights_skip_tracking":false,"_monsterinsights_sitenote_active":false,"_monsterinsights_sitenote_note":"","_monsterinsights_sitenote_category":0},"product_brand":[],"product_cat":[12291,12711],"product_tag":[],"class_list":{"0":"post-738882","1":"product","2":"type-product","3":"status-publish","5":"product_cat-edebiyat","6":"product_cat-roman-oyku","7":"pa_cilt-ciltsiz","8":"pa_tur-kitap","9":"pa_yayinevi-herdem-kitap","10":"pa_yazar-suleyman-bas","12":"first","13":"instock","14":"sale","15":"shipping-taxable","16":"purchasable","17":"product-type-simple"},"_links":{"self":[{"href":"https:\/\/roveyayinevi.com.tr\/index.php\/wp-json\/wp\/v2\/product\/738882","targetHints":{"allow":["GET"]}}],"collection":[{"href":"https:\/\/roveyayinevi.com.tr\/index.php\/wp-json\/wp\/v2\/product"}],"about":[{"href":"https:\/\/roveyayinevi.com.tr\/index.php\/wp-json\/wp\/v2\/types\/product"}],"wp:attachment":[{"href":"https:\/\/roveyayinevi.com.tr\/index.php\/wp-json\/wp\/v2\/media?parent=738882"}],"wp:term":[{"taxonomy":"product_brand","embeddable":true,"href":"https:\/\/roveyayinevi.com.tr\/index.php\/wp-json\/wp\/v2\/product_brand?post=738882"},{"taxonomy":"product_cat","embeddable":true,"href":"https:\/\/roveyayinevi.com.tr\/index.php\/wp-json\/wp\/v2\/product_cat?post=738882"},{"taxonomy":"product_tag","embeddable":true,"href":"https:\/\/roveyayinevi.com.tr\/index.php\/wp-json\/wp\/v2\/product_tag?post=738882"}],"curies":[{"name":"wp","href":"https:\/\/api.w.org\/{rel}","templated":true}]}}