{"id":738881,"date":"2025-08-27T23:59:02","date_gmt":"2025-08-27T20:59:02","guid":{"rendered":"https:\/\/roveyayinevi.com.tr\/index.php\/urun\/semsiyye\/"},"modified":"2026-04-16T02:49:15","modified_gmt":"2026-04-15T23:49:15","slug":"semsiyye","status":"publish","type":"product","link":"https:\/\/roveyayinevi.com.tr\/index.php\/urun\/semsiyye\/","title":{"rendered":"\u015eemsiyye"},"content":{"rendered":"<p>&#8220;Cehalet hastal\u0131\u011f\u0131n\u0131 giderme yolu \u00fc\u00e7t\u00fcr: Hizmet, halvet ve sohbettir.&#8221;&#8221;Babalar \u00fc\u00e7 tanedir. Birincisi, senin do\u011fumuna vesile olan; ikincisi, sana ilim \u00f6\u011freten; \u00fc\u00e7\u00fcnc\u00fcs\u00fc ise seni terbiye eden.&#8221;&#8221;Her kim tasavvuf ehlinin yolunda s\u00fclukunu tamamlayana kadar belalara, ihvan\u0131n me\u015fakkatlerine, a\u00e7l\u0131\u011fa ve di\u011fer \u015feylere sabrederse kendisi i\u00e7in z\u0131ll\u00ee varl\u0131\u011f\u0131n karanl\u0131\u011f\u0131ndan nuran\u00ee varl\u0131k g\u00fcne\u015fi do\u011far. Bu anlatt\u0131klar\u0131m\u0131z\u0131 yapmazsa olmaz!&#8221;Hz. Ebubekir Efendimizin s\u00f6yledi\u011fi rivayet edilen y\u00fcz \u00f6zl\u00fc s\u00f6ze XV. y\u00fczy\u0131l\u0131n b\u00fcy\u00fck g\u00f6n\u00fcl eri, Sadrazam Pir\u00ee Mehmed Pa\u015fa&#8217;n\u0131n babas\u0131, \u015eeyh\u00fclislam Zenbillil\u00ee Ali Cem\u00e2l\u00ee Efendi&#8217;nin amcas\u0131, Padi\u015fah B\u00e2yez\u0131d-\u0131 Vel\u00ee&#8217;nin son derece h\u00fcrmet etti\u011fi Halvet\u00ee \u015eeyhi Cem\u00e2l-i Halvet\u00ee&#8217;nin \u00f6zg\u00fcn yorumlar\u0131 tasavvuf yolunun anlay\u0131\u015f\u0131n\u0131, idrakini ve irfan\u0131n\u0131 ortaya koyuyor. \u0130bn Arab\u00ee&#8217;den Abd\u00fcrrezzak K\u00e2\u015f\u00e2n\u00ee&#8217;ye, \u015eeyh Ma\u011frib\u00ee&#8217;den Hallac-\u0131 Mansur&#8217;a, Beyaz\u0131d-i Bist\u00e2m\u00ee&#8217;den Eb\u00fc&#8217;l-Hasan Harak\u00e2n\u00ee&#8217;ye kadar \u00f6nemli zevat\u0131n s\u00f6zleriyle de s\u00fcslenen bu teviller hem Halvet\u00eelik yolunun zihniyetini hem de Osmanl\u0131 \u0130stanbulu&#8217;nda yerle\u015fmi\u015f tasavvuf anlay\u0131\u015f\u0131na \u0131\u015f\u0131k tutuyor.Kalbe tesir eden m\u00fcbarek s\u00f6zlere ilaveten bilhassa tevhid, marifet, s\u0131dk, a\u015fk, takva, muhabbet, Muhammed, nur, a\u00e7l\u0131k, k\u00fcf\u00fcr, cihad, Rab kelimeleri adeta yap\u0131 s\u00f6k\u00fcm\u00fcne u\u011frat\u0131lmakta ve her bir harfin i\u015faret etti\u011fi sembolik ve derin manalar \u015ferh edilmekte.\u00dc\u00e7 farkl\u0131 k\u00fct\u00fcphanedeki \u00fc\u00e7 farkl\u0131 Arap\u00e7a yazmadan istifade edilerek haz\u0131rlanm\u0131\u015f olan bu tahkikli ne\u015frin T\u00fcrk\u00e7e terc\u00fcmesi, Sufi Kitap taraf\u0131ndan ne\u015fredilecek olan Cem\u00e2l-i Halvet\u00ee&#8217;nin Arap\u00e7a k\u00fclliyat\u0131n\u0131n ilk kitab\u0131n\u0131 olu\u015fturmakta.<\/p>\n","protected":false},"excerpt":{"rendered":"<p>&#8220;Cehalet hastal\u0131\u011f\u0131n\u0131 giderme yolu \u00fc\u00e7t\u00fcr: Hizmet, halvet ve sohbettir.&#8221;&#8221;Babalar \u00fc\u00e7 tanedir. Birincisi, senin do\u011fumuna vesile olan; ikincisi, sana ilim \u00f6\u011freten; \u00fc\u00e7\u00fcnc\u00fcs\u00fc ise seni terbiye eden.&#8221;&#8221;Her kim<span class=\"excerpt-hellip\"> [\u2026]<\/span><\/p>\n","protected":false},"featured_media":0,"template":"","meta":{"_monsterinsights_skip_tracking":false,"_monsterinsights_sitenote_active":false,"_monsterinsights_sitenote_note":"","_monsterinsights_sitenote_category":0},"product_brand":[],"product_cat":[12718,12719],"product_tag":[],"class_list":{"0":"post-738881","1":"product","2":"type-product","3":"status-publish","5":"product_cat-din","6":"product_cat-islam","7":"pa_cilt-ciltsiz","8":"pa_tur-kitap","9":"pa_yayinevi-sufi-kitap","10":"pa_yazar-cemal-halveti","12":"first","13":"instock","14":"sale","15":"shipping-taxable","16":"purchasable","17":"product-type-simple"},"_links":{"self":[{"href":"https:\/\/roveyayinevi.com.tr\/index.php\/wp-json\/wp\/v2\/product\/738881","targetHints":{"allow":["GET"]}}],"collection":[{"href":"https:\/\/roveyayinevi.com.tr\/index.php\/wp-json\/wp\/v2\/product"}],"about":[{"href":"https:\/\/roveyayinevi.com.tr\/index.php\/wp-json\/wp\/v2\/types\/product"}],"wp:attachment":[{"href":"https:\/\/roveyayinevi.com.tr\/index.php\/wp-json\/wp\/v2\/media?parent=738881"}],"wp:term":[{"taxonomy":"product_brand","embeddable":true,"href":"https:\/\/roveyayinevi.com.tr\/index.php\/wp-json\/wp\/v2\/product_brand?post=738881"},{"taxonomy":"product_cat","embeddable":true,"href":"https:\/\/roveyayinevi.com.tr\/index.php\/wp-json\/wp\/v2\/product_cat?post=738881"},{"taxonomy":"product_tag","embeddable":true,"href":"https:\/\/roveyayinevi.com.tr\/index.php\/wp-json\/wp\/v2\/product_tag?post=738881"}],"curies":[{"name":"wp","href":"https:\/\/api.w.org\/{rel}","templated":true}]}}