{"id":738880,"date":"2025-08-27T23:59:01","date_gmt":"2025-08-27T20:59:01","guid":{"rendered":"https:\/\/roveyayinevi.com.tr\/index.php\/urun\/osmanli-imparatorlugu-ve-jon-turk-devrimi\/"},"modified":"2026-04-16T02:49:14","modified_gmt":"2026-04-15T23:49:14","slug":"osmanli-imparatorlugu-ve-jon-turk-devrimi","status":"publish","type":"product","link":"https:\/\/roveyayinevi.com.tr\/index.php\/urun\/osmanli-imparatorlugu-ve-jon-turk-devrimi\/","title":{"rendered":"Osmanl\u0131 \u0130mparatorlu\u011fu ve J\u00f6n T\u00fcrk Devrimi"},"content":{"rendered":"<p>1908 J\u00f6n T\u00fcrk Devrimi, Osmanl\u0131 \u0130mparatorlu\u011fu&#8217;nda, yank\u0131lar\u0131 Orta Do\u011fu ve Avrupa&#8217;da da hissedilecek olan yeni bir d\u00f6nemi ba\u015flatm\u0131\u015ft\u0131r. Balkanlarda ba\u015flayan asker\u00ee isyan, J\u00f6n T\u00fcrklerin  siyasi taleplerinin ve toplumsal hareketlili\u011fin ba\u015fat rol oynad\u0131\u011f\u0131 bir anayasal devrimi tetiklemi\u015fti. Osmanl\u0131 \u0130mparatorlu\u011fu ve J\u00f6n T\u00fcrk Devrimi, Balkanlar ve Anadolu&#8217;da devrimci co\u015fkudan yerel ve merkezde artan gerilimlere ge\u00e7i\u015fin \u00e7izgilerini \u00e7izen bu s\u00fcrecin yeni bir de\u011ferlendirmesini sunuyor. 1908&#8217;in hemen sonras\u0131ndaki uzla\u015fmalar, ba\u015far\u0131 ve ba\u015far\u0131s\u0131zl\u0131klara odaklanan ve yeni birincil kaynaklara dayanan bu kitap son d\u00f6nem Osmanl\u0131 ve modern T\u00fcrkiye tarihine bak\u0131\u015f\u0131m\u0131za esasl\u0131 bir katk\u0131 yap\u0131yor. &#8220;J\u00f6n T\u00fcrk Devrimi, T\u00fcrkiye Cumhuriyeti&#8217;nin kurulu\u015fuyla ta\u00e7lanan, ulus devlete giden yolu a\u00e7an bir efsane olarak kutlan\u0131yor. Bu nedenle, akademik d\u00fcnya, 2008&#8217;den beri 1908 y\u0131l\u0131n\u0131n \u0131st\u0131raplar\u0131ndan sonra ya\u015fanan olaylara odaklan\u0131yor. Noemi Levy-Aksu ve Fran\u00e7ois Georgeon taraf\u0131ndan derlenen Osmanl\u0131 \u0130mparatorlu\u011fu ve J\u00f6n T\u00fcrk Devrimi, devrim sonras\u0131 d\u00fczeni bi\u00e7imlendiren siyasi ve toplumsal dinamiklere \u0131\u015f\u0131k tutarak devrim sonras\u0131n\u0131n canl\u0131 ve dikkat \u00e7ekici bir foto\u011fraf\u0131n\u0131 \u00e7ekiyor. Devrimci co\u015fkudan yerelde ve merkezdeki artan gerilimli s\u00fcre\u00e7lere vurgu yapan bu k\u0131ymetli \u00f6zet, devrimin y\u00fcz\u00fcnc\u00fc y\u0131l\u0131nda yeni \u00e7al\u0131\u015fmalara kap\u0131 aral\u0131yor.&#8221;                                                                                                                                                                                             Prof. Dr. Zafer Toprak<\/p>\n","protected":false},"excerpt":{"rendered":"<p>1908 J\u00f6n T\u00fcrk Devrimi, Osmanl\u0131 \u0130mparatorlu\u011fu&#8217;nda, yank\u0131lar\u0131 Orta Do\u011fu ve Avrupa&#8217;da da hissedilecek olan yeni bir d\u00f6nemi ba\u015flatm\u0131\u015ft\u0131r. Balkanlarda ba\u015flayan asker\u00ee isyan, J\u00f6n T\u00fcrklerin siyasi taleplerinin<span class=\"excerpt-hellip\"> [\u2026]<\/span><\/p>\n","protected":false},"featured_media":0,"template":"","meta":{"_monsterinsights_skip_tracking":false,"_monsterinsights_sitenote_active":false,"_monsterinsights_sitenote_note":"","_monsterinsights_sitenote_category":0},"product_brand":[],"product_cat":[13072,12291],"product_tag":[],"class_list":{"0":"post-738880","1":"product","2":"type-product","3":"status-publish","5":"product_cat-arastirma-inceleme-referans","6":"product_cat-edebiyat","7":"pa_cilt-ciltsiz","8":"pa_tur-kitap","9":"pa_yayinevi-timas-akademi-yayinlari","10":"pa_yazar-francois-georgeon-noemi-levi-aksu","12":"first","13":"instock","14":"sale","15":"shipping-taxable","16":"purchasable","17":"product-type-simple"},"_links":{"self":[{"href":"https:\/\/roveyayinevi.com.tr\/index.php\/wp-json\/wp\/v2\/product\/738880","targetHints":{"allow":["GET"]}}],"collection":[{"href":"https:\/\/roveyayinevi.com.tr\/index.php\/wp-json\/wp\/v2\/product"}],"about":[{"href":"https:\/\/roveyayinevi.com.tr\/index.php\/wp-json\/wp\/v2\/types\/product"}],"wp:attachment":[{"href":"https:\/\/roveyayinevi.com.tr\/index.php\/wp-json\/wp\/v2\/media?parent=738880"}],"wp:term":[{"taxonomy":"product_brand","embeddable":true,"href":"https:\/\/roveyayinevi.com.tr\/index.php\/wp-json\/wp\/v2\/product_brand?post=738880"},{"taxonomy":"product_cat","embeddable":true,"href":"https:\/\/roveyayinevi.com.tr\/index.php\/wp-json\/wp\/v2\/product_cat?post=738880"},{"taxonomy":"product_tag","embeddable":true,"href":"https:\/\/roveyayinevi.com.tr\/index.php\/wp-json\/wp\/v2\/product_tag?post=738880"}],"curies":[{"name":"wp","href":"https:\/\/api.w.org\/{rel}","templated":true}]}}