{"id":738878,"date":"2025-08-27T23:58:58","date_gmt":"2025-08-27T20:58:58","guid":{"rendered":"https:\/\/roveyayinevi.com.tr\/index.php\/urun\/hitayname\/"},"modified":"2026-04-16T02:49:14","modified_gmt":"2026-04-15T23:49:14","slug":"hitayname","status":"publish","type":"product","link":"https:\/\/roveyayinevi.com.tr\/index.php\/urun\/hitayname\/","title":{"rendered":"H\u0131tayname"},"content":{"rendered":"<p>H\u0131t\u00e2yn\u00e2me, Ali Ekber taraf\u0131ndan 16. y\u00fczy\u0131l\u0131n ba\u015flar\u0131nda yaz\u0131lm\u0131\u015f, ad\u0131n\u0131 merkezi Pekin olan Sar\u0131 Nehir ile \u00c7in Seddi aras\u0131ndaki b\u00f6lgeden alan ve \u00f6nce Yavuz Sultan Selim\u2019e ard\u0131ndan Kanuni Sultan S\u00fcleyman\u2019a sunulan bir seyahatnamedir. Ayn\u0131 zamanda \u00c7in\u2019in y\u00f6netim \u015fekli hususunda vermi\u015f oldu\u011fu \u00f6nemli bilgiler nedeniyle bir siyasetname niteli\u011fi de ta\u015f\u0131maktad\u0131r.Dr. Deniz Er\u00e7avu\u015f ve \u015eeyda Ar\u0131soy taraf\u0131ndan Fars\u00e7adan \u00e7evrilerek yay\u0131na haz\u0131rlanan bu seyahatnamede; \u00c7in\u2019in s\u0131n\u0131rlar\u0131, \u00c7in\u2019e giden yollar, farkl\u0131 dinleri, \u0130slamiyet\u2019in \u00c7in\u2019deki durumu, \u015fehirleri, hisarlar\u0131 ve onlar\u0131n d\u00fczeni, saltanat sistemi, posta te\u015fkil\u00e2t\u0131, ordu te\u015fkil\u00e2t\u0131, \u015fehirlerdeki hazineleri, \u00c7in hakan\u0131n\u0131n saray\u0131, hazinesi ve hizmet\u00e7ileri, \u00c7in zindanlar\u0131, bayramlar\u0131, \u00c7in \u00fclkesinin on iki k\u0131sm\u0131, ziyafetleri, sayg\u0131 g\u00f6sterme tarzlar\u0131, ilim ve sanatlar\u0131, tedavi y\u00f6ntemleri, takvimleri, kanunlar\u0131, hattathaneleri, \u00c7in\u2019e gelip giden halk, Kalmuklar, Tibetliler ve Hintliler ile ili\u015fkileri, tar\u0131m ve mahsulleri, para birimleri ve resim at\u00f6lyeleri hakk\u0131nda \u00e7ok de\u011ferli bilgiler verilmektedir. Eser ihtiva etti\u011fi bu bilgiler sebebiyle en \u00f6nemli \u00c7in tarihi kaynaklar\u0131ndan biri olma \u00f6zelli\u011fini de ta\u015f\u0131maktad\u0131r.Tima\u015f Akademi, g\u00fcn\u00fcm\u00fcz d\u00fcnyas\u0131n\u0131n s\u00fcper g\u00fc\u00e7lerinden biri olan \u00c7in\u2019in 16. y\u00fczy\u0131lda nas\u0131l siyasi ve sosyal bir yap\u0131ya sahip oldu\u011funu merak eden okurlar\u0131n elinden b\u0131rakmayacaklar\u0131 bir eserle koleksiyonunu geni\u015fletmeye devam ediyor.<\/p>\n","protected":false},"excerpt":{"rendered":"<p>H\u0131t\u00e2yn\u00e2me, Ali Ekber taraf\u0131ndan 16. y\u00fczy\u0131l\u0131n ba\u015flar\u0131nda yaz\u0131lm\u0131\u015f, ad\u0131n\u0131 merkezi Pekin olan Sar\u0131 Nehir ile \u00c7in Seddi aras\u0131ndaki b\u00f6lgeden alan ve \u00f6nce Yavuz Sultan Selim\u2019e ard\u0131ndan<span class=\"excerpt-hellip\"> [\u2026]<\/span><\/p>\n","protected":false},"featured_media":0,"template":"","meta":{"_monsterinsights_skip_tracking":false,"_monsterinsights_sitenote_active":false,"_monsterinsights_sitenote_note":"","_monsterinsights_sitenote_category":0},"product_brand":[],"product_cat":[13072,12291],"product_tag":[],"class_list":{"0":"post-738878","1":"product","2":"type-product","3":"status-publish","5":"product_cat-arastirma-inceleme-referans","6":"product_cat-edebiyat","7":"pa_cilt-ciltsiz","8":"pa_tur-kitap","9":"pa_yayinevi-timas-akademi-yayinlari","10":"pa_yazar-ali-ekber-hitayi","12":"first","13":"instock","14":"sale","15":"shipping-taxable","16":"purchasable","17":"product-type-simple"},"_links":{"self":[{"href":"https:\/\/roveyayinevi.com.tr\/index.php\/wp-json\/wp\/v2\/product\/738878","targetHints":{"allow":["GET"]}}],"collection":[{"href":"https:\/\/roveyayinevi.com.tr\/index.php\/wp-json\/wp\/v2\/product"}],"about":[{"href":"https:\/\/roveyayinevi.com.tr\/index.php\/wp-json\/wp\/v2\/types\/product"}],"wp:attachment":[{"href":"https:\/\/roveyayinevi.com.tr\/index.php\/wp-json\/wp\/v2\/media?parent=738878"}],"wp:term":[{"taxonomy":"product_brand","embeddable":true,"href":"https:\/\/roveyayinevi.com.tr\/index.php\/wp-json\/wp\/v2\/product_brand?post=738878"},{"taxonomy":"product_cat","embeddable":true,"href":"https:\/\/roveyayinevi.com.tr\/index.php\/wp-json\/wp\/v2\/product_cat?post=738878"},{"taxonomy":"product_tag","embeddable":true,"href":"https:\/\/roveyayinevi.com.tr\/index.php\/wp-json\/wp\/v2\/product_tag?post=738878"}],"curies":[{"name":"wp","href":"https:\/\/api.w.org\/{rel}","templated":true}]}}