{"id":738877,"date":"2025-08-27T23:58:57","date_gmt":"2025-08-27T20:58:57","guid":{"rendered":"https:\/\/roveyayinevi.com.tr\/index.php\/urun\/kgb-kremlinin-gozleri\/"},"modified":"2026-04-16T02:49:14","modified_gmt":"2026-04-15T23:49:14","slug":"kgb-kremlinin-gozleri","status":"publish","type":"product","link":"https:\/\/roveyayinevi.com.tr\/index.php\/urun\/kgb-kremlinin-gozleri\/","title":{"rendered":"Kgb Kremlinin G\u00f6zleri"},"content":{"rendered":"<p>\u0130nsan, var oldu.Efendi oldu, ama \u00e7o\u011funlukla da k\u00f6le oldu.S\u0131n\u0131f, bir bak\u0131ma kader de oldu. Halklar ilk g\u00fcnden itibaren bask\u0131, s\u00f6m\u00fcr\u00fc ve adaletsizlik ile kavgal\u0131 oldu. 1789\u2019da ayakland\u0131, \u201c\u00f6zg\u00fcrl\u00fck, e\u015fitlik, karde\u015flik!\u201d dedi, kan d\u00f6kt\u00fc, can verdi, tiranlar\u0131 devirdi. Frans\u0131z Devrimi ile \u00fcmitlenir gibi olmu\u015ftu ki Sanayi Devrimi, eski d\u00fczeni yeniden kurdu; efendi yerine patron, k\u00f6le yerine i\u015f\u00e7i geldi. Karl Marx diye biri \u00e7\u0131kt\u0131. Kapitalizm bela, tarih dedi\u011fimiz s\u0131n\u0131f m\u00fccadelesi dedi. Kom\u00fcnizm diye bir hayal kurdu. S\u0131n\u0131f de\u011fil karde\u015flik, s\u00f6m\u00fcr\u00fc de\u011fil yolda\u015fl\u0131k olacakt\u0131. Adeta bir d\u00fcnya cenneti. B\u00f6yle bir d\u00fcnya m\u00fcmk\u00fcn, \u201czincirlerinizden kurtulun!\u201d dedi. Ve ekledi: \u201cKurtulun ve son bir devrim daha yap\u0131n!\u201d            Rusya\u2019da Lenin diye biri \u00e7\u0131kt\u0131, \u201cevet, m\u00fcmk\u00fcn!\u201d dedi. \u00d6nce \u00c7ar\u2019\u0131 devirdi, sonra her \u015feyi. Rusya\u2019y\u0131 yapt\u0131 Sovyetler Birli\u011fi. Olacakt\u0131 kom\u00fcnist bir d\u00fcnya cenneti. Ancak bu, hayal edilenden \u00e7ok farkl\u0131 bir kom\u00fcnizmdi. Diki\u015f tutmad\u0131, tutsun diye yarat\u0131ld\u0131 bir ter\u00f6r makinesi.Ad\u0131 KGB idi\u2026Daha iyi bir d\u00fcnya ad\u0131na yakt\u0131, y\u0131kt\u0131, ezdi ge\u00e7ti. Ezdik\u00e7e b\u00fcy\u00fcd\u00fc, b\u00fcy\u00fcd\u00fck\u00e7e daha \u00e7ok ezdi. Devrimlerle darbelerle d\u00fcnyan\u0131n yar\u0131s\u0131n\u0131 ele ge\u00e7irdi; herkesi izledi, herkesi dinledi; cennet idealinden yaratt\u0131 bir korku devleti. \u00d6zg\u00fcrl\u00fck ad\u0131na \u00f6zg\u00fcrl\u00fckleri, insanl\u0131k ad\u0131na insanlar\u0131 yok etti.Bizzat kendisini besleyip b\u00fcy\u00fctenleri bile\u2026Ve bir g\u00fcn geldi, kendi elleriyle kurdu\u011fu cennet hayalini, cehenneme d\u00f6n\u00fc\u015fm\u00fc\u015f bir k\u00e2bus olarak yine kendi elleriyle topra\u011fa verdi.            Belki de bu, daha en ba\u015f\u0131ndan itibaren yanl\u0131\u015f yerde, yanl\u0131\u015f zamanda yap\u0131lm\u0131\u015f bir devrimin hik\u00e2yesiydi&#8230;<\/p>\n","protected":false},"excerpt":{"rendered":"<p>\u0130nsan, var oldu.Efendi oldu, ama \u00e7o\u011funlukla da k\u00f6le oldu.S\u0131n\u0131f, bir bak\u0131ma kader de oldu. Halklar ilk g\u00fcnden itibaren bask\u0131, s\u00f6m\u00fcr\u00fc ve adaletsizlik ile kavgal\u0131 oldu. 1789\u2019da<span class=\"excerpt-hellip\"> [\u2026]<\/span><\/p>\n","protected":false},"featured_media":0,"template":"","meta":{"_monsterinsights_skip_tracking":false,"_monsterinsights_sitenote_active":false,"_monsterinsights_sitenote_note":"","_monsterinsights_sitenote_category":0},"product_brand":[],"product_cat":[12312,12304],"product_tag":[],"class_list":{"0":"post-738877","1":"product","2":"type-product","3":"status-publish","5":"product_cat-diger","6":"product_cat-tarih","7":"pa_cilt-ciltsiz","8":"pa_tur-kitap","9":"pa_yayinevi-timas-yayinlari","10":"pa_yazar-ali-cimen","12":"first","13":"instock","14":"sale","15":"shipping-taxable","16":"purchasable","17":"product-type-simple"},"_links":{"self":[{"href":"https:\/\/roveyayinevi.com.tr\/index.php\/wp-json\/wp\/v2\/product\/738877","targetHints":{"allow":["GET"]}}],"collection":[{"href":"https:\/\/roveyayinevi.com.tr\/index.php\/wp-json\/wp\/v2\/product"}],"about":[{"href":"https:\/\/roveyayinevi.com.tr\/index.php\/wp-json\/wp\/v2\/types\/product"}],"wp:attachment":[{"href":"https:\/\/roveyayinevi.com.tr\/index.php\/wp-json\/wp\/v2\/media?parent=738877"}],"wp:term":[{"taxonomy":"product_brand","embeddable":true,"href":"https:\/\/roveyayinevi.com.tr\/index.php\/wp-json\/wp\/v2\/product_brand?post=738877"},{"taxonomy":"product_cat","embeddable":true,"href":"https:\/\/roveyayinevi.com.tr\/index.php\/wp-json\/wp\/v2\/product_cat?post=738877"},{"taxonomy":"product_tag","embeddable":true,"href":"https:\/\/roveyayinevi.com.tr\/index.php\/wp-json\/wp\/v2\/product_tag?post=738877"}],"curies":[{"name":"wp","href":"https:\/\/api.w.org\/{rel}","templated":true}]}}