{"id":738874,"date":"2025-08-27T23:58:54","date_gmt":"2025-08-27T20:58:54","guid":{"rendered":"https:\/\/roveyayinevi.com.tr\/index.php\/urun\/itikadin-pesinde\/"},"modified":"2026-04-16T02:49:14","modified_gmt":"2026-04-15T23:49:14","slug":"itikadin-pesinde","status":"publish","type":"product","link":"https:\/\/roveyayinevi.com.tr\/index.php\/urun\/itikadin-pesinde\/","title":{"rendered":"\u0130tikad\u0131n Pe\u015finde"},"content":{"rendered":"<p>\u201cGe\u00e7 d\u00f6nem Osmanl\u0131 d\u00fcnyas\u0131nda faaliyet g\u00f6steren Amerikan misyonerlerine ev sahibi M\u00fcsl\u00fcmanlar\u0131n penceresinden bakan ciddi, ayr\u0131nt\u0131l\u0131 ve gerekli bir \u00e7al\u0131\u015fma.\u201dHans-Lukas KieserZ\u00fcrih \u00dcniversitesi Osmanl\u0131 Tarihi Profes\u00f6r\u00fc ve\u0130svi\u00e7re-T\u00fcrkiye Ara\u015ft\u0131rmalar\u0131 Derne\u011fi Ba\u015fkan\u0131 \u201cS\u00fcr\u00fckleyici anekdotlar\u0131yla M\u00fcsl\u00fcman-Hristiyan ili\u015fkilerini ve Amerika\u2019n\u0131n Osmanl\u0131larla ili\u015fkilerini daha kapsaml\u0131 bir \u015fekilde d\u00fc\u015f\u00fcnmemizi sa\u011fl\u0131yor.\u201dJoshua DonovanColumbia \u00dcniversitesi Tarih B\u00f6l\u00fcm\u00fc \u00d6\u011fretim \u00dcyesi veNew Books Network Sunucusu  \u201cKulland\u0131\u011f\u0131 kaynaklar sayesinde alanda \u00e7\u0131\u011f\u0131r a\u00e7an bir kitap.\u201dAndrew PatrickTennessee Eyalet \u00dcniversitesi Orta Do\u011fu \u00c7al\u0131\u015fmalar\u0131 Profes\u00f6r\u00fc \u201cOrta Do\u011fu\u2019daki Hristiyan misyonlar\u0131 \u00fczerine e\u015fi benzeri olmayan bir yorum.\u201dDeanna Feree WomackEmory \u00dcniversitesi \u0130lahiyat Profes\u00f6r\u00fc 20. y\u00fczy\u0131l\u0131n ba\u015flar\u0131nda Orta Do\u011fu ve Balkanlar\u2019da iki y\u00fcz civar\u0131nda Amerikal\u0131 misyoner hummal\u0131 bir faaliyetin i\u00e7indeydi. 1830\u2019lardan beri dalga dalga gelen bu misyonerlere ait y\u00fczlerce okul, hastane, yay\u0131nevi ve papaz okulu mevcuttu. Misyoner kaynaklar\u0131 ve bak\u0131\u015f a\u00e7\u0131lar\u0131 tarihin bu kesitine \u0131\u015f\u0131k tutsa da, Osmanl\u0131 yetkililerinin hen\u00fcz anlat\u0131lmam\u0131\u015f tecr\u00fcbeleri de Hristiyanl\u0131k ve \u0130slamiyet aras\u0131ndaki \u00e7at\u0131\u015fmalar\u0131 anlamada en az misyonerlerin tecr\u00fcbeleri kadar de\u011ferli ve \u00f6nemlidir.\u0130tikad\u0131n Pe\u015finde: Osmanl\u0131 B\u00fcrokratlar\u0131 ve Amerikan Misyonerleri adl\u0131 bu kitab\u0131n ana karakterleri aras\u0131nda \u0130stanbul\u2019dan k\u0131talararas\u0131 bir imparatorlu\u011fa h\u00fckmeden devlet erk\u00e2n\u0131, ba\u015fkentten gelen emirleri uygulayan ta\u015fra g\u00f6revlileri ve bu g\u00f6revlilerle farkl\u0131 ortamlarda muhatap olan misyonerler vard\u0131r. Osmanl\u0131lar\u0131n Amerikan misyonerlere kar\u015f\u0131 yakla\u015f\u0131mlar\u0131n\u0131 ilgin\u00e7 bir kurguya d\u00f6n\u00fc\u015ft\u00fcren Emrah \u015eahin, nezaret kaynaklar\u0131ndan zaptiye raporlar\u0131na, mahall\u00ee dilek\u00e7elerden uluslararas\u0131 evraklara ve misyoner koleksiyonlar\u0131na kadar pek \u00e7ok kayna\u011f\u0131 g\u00fcn y\u00fcz\u00fcne \u00e7\u0131karmaktad\u0131r. B\u00f6ylece siyasi ve sosyal \u00e7alkant\u0131larla dolu bir d\u00f6nemde Osmanl\u0131 Devleti\u2019nin misyoner varl\u0131\u011f\u0131n\u0131 tespit, tefti\u015f ve tahdit etmek amac\u0131yla geli\u015ftirdi\u011fi manevralara ve muhataplar aras\u0131ndaki etkile\u015fimlerin bilinmeyen y\u00f6nlerine \u0131\u015f\u0131k tutmaktad\u0131r.<\/p>\n","protected":false},"excerpt":{"rendered":"<p>\u201cGe\u00e7 d\u00f6nem Osmanl\u0131 d\u00fcnyas\u0131nda faaliyet g\u00f6steren Amerikan misyonerlerine ev sahibi M\u00fcsl\u00fcmanlar\u0131n penceresinden bakan ciddi, ayr\u0131nt\u0131l\u0131 ve gerekli bir \u00e7al\u0131\u015fma.\u201dHans-Lukas KieserZ\u00fcrih \u00dcniversitesi Osmanl\u0131 Tarihi Profes\u00f6r\u00fc ve\u0130svi\u00e7re-T\u00fcrkiye Ara\u015ft\u0131rmalar\u0131<span class=\"excerpt-hellip\"> [\u2026]<\/span><\/p>\n","protected":false},"featured_media":0,"template":"","meta":{"_monsterinsights_skip_tracking":false,"_monsterinsights_sitenote_active":false,"_monsterinsights_sitenote_note":"","_monsterinsights_sitenote_category":0},"product_brand":[],"product_cat":[13517,12304],"product_tag":[],"class_list":{"0":"post-738874","1":"product","2":"type-product","3":"status-publish","5":"product_cat-osmanli-tarihi","6":"product_cat-tarih","7":"pa_cilt-ciltsiz","8":"pa_tur-kitap","9":"pa_yayinevi-timas-yayinlari","10":"pa_yazar-emrah-sahin","12":"first","13":"instock","14":"sale","15":"shipping-taxable","16":"purchasable","17":"product-type-simple"},"_links":{"self":[{"href":"https:\/\/roveyayinevi.com.tr\/index.php\/wp-json\/wp\/v2\/product\/738874","targetHints":{"allow":["GET"]}}],"collection":[{"href":"https:\/\/roveyayinevi.com.tr\/index.php\/wp-json\/wp\/v2\/product"}],"about":[{"href":"https:\/\/roveyayinevi.com.tr\/index.php\/wp-json\/wp\/v2\/types\/product"}],"wp:attachment":[{"href":"https:\/\/roveyayinevi.com.tr\/index.php\/wp-json\/wp\/v2\/media?parent=738874"}],"wp:term":[{"taxonomy":"product_brand","embeddable":true,"href":"https:\/\/roveyayinevi.com.tr\/index.php\/wp-json\/wp\/v2\/product_brand?post=738874"},{"taxonomy":"product_cat","embeddable":true,"href":"https:\/\/roveyayinevi.com.tr\/index.php\/wp-json\/wp\/v2\/product_cat?post=738874"},{"taxonomy":"product_tag","embeddable":true,"href":"https:\/\/roveyayinevi.com.tr\/index.php\/wp-json\/wp\/v2\/product_tag?post=738874"}],"curies":[{"name":"wp","href":"https:\/\/api.w.org\/{rel}","templated":true}]}}