{"id":738871,"date":"2025-08-27T23:58:51","date_gmt":"2025-08-27T20:58:51","guid":{"rendered":"https:\/\/roveyayinevi.com.tr\/index.php\/urun\/siyah-gozlerine-beni-de-gotur\/"},"modified":"2026-04-16T02:48:59","modified_gmt":"2026-04-15T23:48:59","slug":"siyah-gozlerine-beni-de-gotur","status":"publish","type":"product","link":"https:\/\/roveyayinevi.com.tr\/index.php\/urun\/siyah-gozlerine-beni-de-gotur\/","title":{"rendered":"Siyah G\u00f6zlerine Beni De G\u00f6t\u00fcr"},"content":{"rendered":"<p>Nurullah Gen\u00e7&#8217;in hayata arma\u011fan etti\u011fi kelimeler, \u015fiirin en g\u00fczel duraklar\u0131na g\u00f6t\u00fcr\u00fcyor okuru yeniden.Daha dokunmadan kurudu irem\u00c7\u00f6llere bir t\u00fcrl\u00fc ya\u011fam\u0131yorumYeni bir ko\u015funun ba\u015flang\u0131c\u0131ndaBiraz deprem sonras\u0131Biraz \u015fehir h\u00fclyas\u0131Bir kalp yang\u0131n\u0131ndan geriye kalanSiyah g\u00f6zlerine beni de g\u00f6t\u00fcrArt\u0131k bu yerlere s\u0131\u011fam\u0131yorum<\/p>\n","protected":false},"excerpt":{"rendered":"<p>Nurullah Gen\u00e7&#8217;in hayata arma\u011fan etti\u011fi kelimeler, \u015fiirin en g\u00fczel duraklar\u0131na g\u00f6t\u00fcr\u00fcyor okuru yeniden.Daha dokunmadan kurudu irem\u00c7\u00f6llere bir t\u00fcrl\u00fc ya\u011fam\u0131yorumYeni bir ko\u015funun ba\u015flang\u0131c\u0131ndaBiraz deprem sonras\u0131Biraz \u015fehir h\u00fclyas\u0131Bir<span class=\"excerpt-hellip\"> [\u2026]<\/span><\/p>\n","protected":false},"featured_media":0,"template":"","meta":{"_monsterinsights_skip_tracking":false,"_monsterinsights_sitenote_active":false,"_monsterinsights_sitenote_note":"","_monsterinsights_sitenote_category":0},"product_brand":[],"product_cat":[12291,12509],"product_tag":[],"class_list":{"0":"post-738871","1":"product","2":"type-product","3":"status-publish","5":"product_cat-edebiyat","6":"product_cat-siir","7":"pa_cilt-ciltsiz","8":"pa_tur-kitap","9":"pa_yayinevi-timas-yayinlari","10":"pa_yazar-nurullah-genc","12":"first","13":"instock","14":"sale","15":"shipping-taxable","16":"purchasable","17":"product-type-simple"},"_links":{"self":[{"href":"https:\/\/roveyayinevi.com.tr\/index.php\/wp-json\/wp\/v2\/product\/738871","targetHints":{"allow":["GET"]}}],"collection":[{"href":"https:\/\/roveyayinevi.com.tr\/index.php\/wp-json\/wp\/v2\/product"}],"about":[{"href":"https:\/\/roveyayinevi.com.tr\/index.php\/wp-json\/wp\/v2\/types\/product"}],"wp:attachment":[{"href":"https:\/\/roveyayinevi.com.tr\/index.php\/wp-json\/wp\/v2\/media?parent=738871"}],"wp:term":[{"taxonomy":"product_brand","embeddable":true,"href":"https:\/\/roveyayinevi.com.tr\/index.php\/wp-json\/wp\/v2\/product_brand?post=738871"},{"taxonomy":"product_cat","embeddable":true,"href":"https:\/\/roveyayinevi.com.tr\/index.php\/wp-json\/wp\/v2\/product_cat?post=738871"},{"taxonomy":"product_tag","embeddable":true,"href":"https:\/\/roveyayinevi.com.tr\/index.php\/wp-json\/wp\/v2\/product_tag?post=738871"}],"curies":[{"name":"wp","href":"https:\/\/api.w.org\/{rel}","templated":true}]}}