{"id":738870,"date":"2025-08-27T23:58:49","date_gmt":"2025-08-27T20:58:49","guid":{"rendered":"https:\/\/roveyayinevi.com.tr\/index.php\/urun\/issiz-ev-2\/"},"modified":"2026-04-16T02:48:59","modified_gmt":"2026-04-15T23:48:59","slug":"issiz-ev-2","status":"publish","type":"product","link":"https:\/\/roveyayinevi.com.tr\/index.php\/urun\/issiz-ev-2\/","title":{"rendered":"Iss\u0131z Ev"},"content":{"rendered":"<p>Francesca, \u00e7evreci bir aktivist ve sorumlu bir bilim insan\u0131d\u0131r. Caroline\u2019in \u00fcvey annesi, Pauly\u2019nin annesidir. Bir g\u00fcn televizyonda Pasifik\u2019teki bir adan\u0131n sular alt\u0131nda kal\u0131\u015f\u0131n\u0131 izledikten sonra harekete ge\u00e7er ve bir taraftan insanlar\u0131 uyarmak, di\u011fer taraftan \u00e7ocuklar\u0131na bir s\u0131\u011f\u0131nak haz\u0131rlamak i\u00e7in evi terk eder. Francesca bir sahil kasabas\u0131n\u0131n tepesindeki Iss\u0131z Ev\u2019i sellere, f\u0131rt\u0131nalara, so\u011fu\u011fa ve t\u00fcrl\u00fc \u00e7e\u015fit afete dayanacak \u015fekilde jenerat\u00f6r\u00fcnden meyve-sebze bah\u00e7esine, k\u00fcmesine, erzak ambar\u0131na kadar ba\u015ftan a\u015fa\u011f\u0131 ak\u0131ll\u0131ca d\u00fczenler. Bir noktada k\u00fcresel \u0131s\u0131nma ve iklim de\u011fi\u015fikli\u011fi \u00f6yle bir hal al\u0131r ki, Iss\u0131z Ev bir tatil evi olmaktan \u00e7\u0131k\u0131p insanl\u0131\u011f\u0131 tufandan koruyacak Nuh\u2019un gemisine d\u00f6n\u00fc\u015f\u00fcr. Ekilir bi\u00e7ilir, mevsimler de\u011fi\u015fir, kay\u0131plar ya\u015fan\u0131r, ama g\u00fcn\u00fcn sonunda insana s\u0131\u011f\u0131nan insan ve iyilik kazanacakt\u0131r. Iss\u0131z Ev, bir zamanlar \u00e7ok uzak ya da imk\u00e2ns\u0131z gibi g\u00f6r\u00fcnen bir de\u011fi\u015fime nas\u0131l al\u0131\u015ft\u0131\u011f\u0131m\u0131z\u0131, k\u0131yamet senaryosu sand\u0131klar\u0131m\u0131z\u0131n asl\u0131nda ne kadar yakla\u015ft\u0131\u011f\u0131n\u0131, sevgi ve ailenin de en az temel ihtiya\u00e7lar kadar hayatta kalmaya dair bir olgu oldu\u011funu g\u00f6zler \u00f6n\u00fcne seriyor. \u201cKarakterlerin varolu\u015flar\u0131 ve gezegenin kaderiyle ad\u0131m ad\u0131m hesapla\u015fmas\u0131, Greengrass\u2019\u0131n \u00e7arp\u0131c\u0131 anlat\u0131m\u0131yla y\u00fcrek par\u00e7alayan bir deneyime d\u00f6n\u00fc\u015f\u00fcyor. Ac\u0131 verici ve b\u00fcy\u00fcleyici, bu ka\u00e7\u0131r\u0131lmamas\u0131 gereken bir roman.\u201d \u2014Publishers Weekly\u201cBu post-apokaliptik, i\u00e7ed\u00f6n\u00fc\u015f hik\u00e2yesi aile sevgisi, yaln\u0131zl\u0131k, umutsuzluk ve hayatta kalma \u00e7abas\u0131na odaklan\u0131yor. Okurlar \u015fu soruyu soracaklar: Daha \u00f6nce sahip oldu\u011funuz hayat\u0131 ve kaybedilen her \u015feyi hat\u0131rlamak m\u0131 daha iyi, yoksa sadece bu yeni ba\u015flang\u0131c\u0131 bilmek mi?\u201d \u2014Booklist\u201cA\u00e7\u0131l\u0131\u015f karanl\u0131k ama Greengrass\u2019\u0131n duygu dolu anlat\u0131m\u0131 \u0131\u015f\u0131l \u0131\u015f\u0131l parl\u0131yor&#8230; Y\u0131k\u0131mlara ra\u011fmen, bu tam olarak aile olamayan ailenin hik\u00e2yesi, k\u00fc\u00e7\u00fck sevgi ve mutluluk anlar\u0131 sunuyor.\u201d \u2014The Times Literary Supplement \u201cHem al\u0131\u015f\u0131lmad\u0131k bir ailenin portresi hem de amans\u0131z bir \u00e7evre trajedisinin hik\u00e2yesi, ola\u011fan\u00fcst\u00fc derecede dokunakl\u0131 bir roman.\u201d \u2014The Bookseller\u201c\u0130nsan ili\u015fkilerinin usta bir g\u00f6zlemcisi Jessie Greengrass.\u201d \u2014Max Porter\u201cCesur, g\u00fc\u00e7l\u00fc ve zarif bir hik\u00e2ye&#8230; En karanl\u0131k zamanlar bile g\u00fczellik ve \u00fcmitvar anlarla ayd\u0131nlan\u0131yor ve okur, Greengrass\u2019\u0131n kurtulu\u015fun hayatta kalmak i\u00e7in birbirimizle rekabet etmekten de\u011fil, sevdiklerimize yard\u0131m etmekten ve birle\u015fmekten ge\u00e7ti\u011fine olan inanc\u0131yla canlan\u0131yor.\u201d \u2014Sigrid Nunez<\/p>\n","protected":false},"excerpt":{"rendered":"<p>Francesca, \u00e7evreci bir aktivist ve sorumlu bir bilim insan\u0131d\u0131r. Caroline\u2019in \u00fcvey annesi, Pauly\u2019nin annesidir. Bir g\u00fcn televizyonda Pasifik\u2019teki bir adan\u0131n sular alt\u0131nda kal\u0131\u015f\u0131n\u0131 izledikten sonra harekete<span class=\"excerpt-hellip\"> [\u2026]<\/span><\/p>\n","protected":false},"featured_media":0,"template":"","meta":{"_monsterinsights_skip_tracking":false,"_monsterinsights_sitenote_active":false,"_monsterinsights_sitenote_note":"","_monsterinsights_sitenote_category":0},"product_brand":[],"product_cat":[12291,12711],"product_tag":[],"class_list":{"0":"post-738870","1":"product","2":"type-product","3":"status-publish","5":"product_cat-edebiyat","6":"product_cat-roman-oyku","7":"pa_cilt-ciltsiz","8":"pa_tur-kitap","9":"pa_yayinevi-timas-yayinlari","10":"pa_yazar-jessie-greengrass","12":"first","13":"instock","14":"sale","15":"shipping-taxable","16":"purchasable","17":"product-type-simple"},"_links":{"self":[{"href":"https:\/\/roveyayinevi.com.tr\/index.php\/wp-json\/wp\/v2\/product\/738870","targetHints":{"allow":["GET"]}}],"collection":[{"href":"https:\/\/roveyayinevi.com.tr\/index.php\/wp-json\/wp\/v2\/product"}],"about":[{"href":"https:\/\/roveyayinevi.com.tr\/index.php\/wp-json\/wp\/v2\/types\/product"}],"wp:attachment":[{"href":"https:\/\/roveyayinevi.com.tr\/index.php\/wp-json\/wp\/v2\/media?parent=738870"}],"wp:term":[{"taxonomy":"product_brand","embeddable":true,"href":"https:\/\/roveyayinevi.com.tr\/index.php\/wp-json\/wp\/v2\/product_brand?post=738870"},{"taxonomy":"product_cat","embeddable":true,"href":"https:\/\/roveyayinevi.com.tr\/index.php\/wp-json\/wp\/v2\/product_cat?post=738870"},{"taxonomy":"product_tag","embeddable":true,"href":"https:\/\/roveyayinevi.com.tr\/index.php\/wp-json\/wp\/v2\/product_tag?post=738870"}],"curies":[{"name":"wp","href":"https:\/\/api.w.org\/{rel}","templated":true}]}}