{"id":738869,"date":"2025-08-27T23:58:48","date_gmt":"2025-08-27T20:58:48","guid":{"rendered":"https:\/\/roveyayinevi.com.tr\/index.php\/urun\/hannibal-2\/"},"modified":"2026-04-16T02:48:58","modified_gmt":"2026-04-15T23:48:58","slug":"hannibal-2","status":"publish","type":"product","link":"https:\/\/roveyayinevi.com.tr\/index.php\/urun\/hannibal-2\/","title":{"rendered":"Hannibal"},"content":{"rendered":"<p>Ayn\u0131 denizin kar\u015f\u0131 k\u0131y\u0131lar\u0131nda iki d\u00fc\u015fman devlet: Uyru\u011funda bir s\u00f6m\u00fcrge art\u0131\u011f\u0131 olman\u0131n erdemine inanm\u0131\u015f Roma ve onlar\u0131n hasta ruhlu maceraperestler olarak d\u00fc\u015f\u00fcnd\u00fc\u011f\u00fc insanlar\u0131n \u00fclkesi, kadim Kartaca&#8230;\u0130\u015fte bu Roma\u2019y\u0131 yok etmeye ant i\u00e7mi\u015f Kartacal\u0131 bir general: Hannibal&#8230;O, Kartacal\u0131 b\u00fcy\u00fck komutan Hamilcar Barca\u2019n\u0131n o\u011fluydu. Kaderi, daha k\u00fc\u00e7\u00fcc\u00fck bir \u00e7ocukken babas\u0131n\u0131n yan\u0131nda sava\u015f meydan\u0131n\u0131n tozunu yuttu\u011funda belli olmu\u015ftu.Babas\u0131na verdi\u011fi bir s\u00f6z vard\u0131: Roma\u2019ya duydu\u011fu kini her daim taze tutacakt\u0131. S\u00f6z\u00fcnden d\u00f6nmedi; atalar\u0131ndan ald\u0131\u011f\u0131 mirasla Roma\u2019n\u0131n en b\u00fcy\u00fck d\u00fc\u015fman\u0131 oldu. Bu u\u011furda filleri ve ordusuyla \u0130ber Yar\u0131madas\u0131\u2019n\u0131, Pireneler\u2019i, Alpler\u2019i ve Apeninler\u2019i a\u015ft\u0131.Eserleri alt\u0131 dile \u00e7evrilen, T\u00fcrkiye\u2019nin en \u00e7ok okunan tarih\u00ee romanlar\u0131n\u0131n yazar\u0131, okurlar\u0131 taraf\u0131ndan \u201cG\u00fcn\u00fcm\u00fcz\u00fcn Peyami Safa\u2019s\u0131\u201d olarak an\u0131lan Okay Tiryakio\u011flu\u2019nun kaleminde asker\u00ee dehas\u0131, stratejileri ve korkusuzlu\u011fuyla nam salm\u0131\u015f efsanevi komutan Hannibal\u2019a dair nefes kesici bir roman&#8230; \u201cKan kokusu t\u00fcm le\u015f\u00e7illeri toplar ama aslan yere y\u0131k\u0131lmadan hi\u00e7biri sald\u0131rmaya cesaret edemez! Ayakta oldu\u011fumuz s\u00fcrece umut vard\u0131r\u2026\u201d<\/p>\n","protected":false},"excerpt":{"rendered":"<p>Ayn\u0131 denizin kar\u015f\u0131 k\u0131y\u0131lar\u0131nda iki d\u00fc\u015fman devlet: Uyru\u011funda bir s\u00f6m\u00fcrge art\u0131\u011f\u0131 olman\u0131n erdemine inanm\u0131\u015f Roma ve onlar\u0131n hasta ruhlu maceraperestler olarak d\u00fc\u015f\u00fcnd\u00fc\u011f\u00fc insanlar\u0131n \u00fclkesi, kadim Kartaca&#8230;\u0130\u015fte<span class=\"excerpt-hellip\"> [\u2026]<\/span><\/p>\n","protected":false},"featured_media":0,"template":"","meta":{"_monsterinsights_skip_tracking":false,"_monsterinsights_sitenote_active":false,"_monsterinsights_sitenote_note":"","_monsterinsights_sitenote_category":0},"product_brand":[],"product_cat":[12291,12711],"product_tag":[],"class_list":{"0":"post-738869","1":"product","2":"type-product","3":"status-publish","5":"product_cat-edebiyat","6":"product_cat-roman-oyku","7":"pa_cilt-ciltsiz","8":"pa_tur-kitap","9":"pa_yayinevi-timas-yayinlari","10":"pa_yazar-okay-tiryakioglu","12":"first","13":"instock","14":"sale","15":"shipping-taxable","16":"purchasable","17":"product-type-simple"},"_links":{"self":[{"href":"https:\/\/roveyayinevi.com.tr\/index.php\/wp-json\/wp\/v2\/product\/738869","targetHints":{"allow":["GET"]}}],"collection":[{"href":"https:\/\/roveyayinevi.com.tr\/index.php\/wp-json\/wp\/v2\/product"}],"about":[{"href":"https:\/\/roveyayinevi.com.tr\/index.php\/wp-json\/wp\/v2\/types\/product"}],"wp:attachment":[{"href":"https:\/\/roveyayinevi.com.tr\/index.php\/wp-json\/wp\/v2\/media?parent=738869"}],"wp:term":[{"taxonomy":"product_brand","embeddable":true,"href":"https:\/\/roveyayinevi.com.tr\/index.php\/wp-json\/wp\/v2\/product_brand?post=738869"},{"taxonomy":"product_cat","embeddable":true,"href":"https:\/\/roveyayinevi.com.tr\/index.php\/wp-json\/wp\/v2\/product_cat?post=738869"},{"taxonomy":"product_tag","embeddable":true,"href":"https:\/\/roveyayinevi.com.tr\/index.php\/wp-json\/wp\/v2\/product_tag?post=738869"}],"curies":[{"name":"wp","href":"https:\/\/api.w.org\/{rel}","templated":true}]}}