{"id":738868,"date":"2025-08-27T23:58:46","date_gmt":"2025-08-27T20:58:46","guid":{"rendered":"https:\/\/roveyayinevi.com.tr\/index.php\/urun\/tanrinin-golgesi-yavuz-sultan-selim-ve-bilinmeyen-hikayesi\/"},"modified":"2026-04-16T02:48:58","modified_gmt":"2026-04-15T23:48:58","slug":"tanrinin-golgesi-yavuz-sultan-selim-ve-bilinmeyen-hikayesi","status":"publish","type":"product","link":"https:\/\/roveyayinevi.com.tr\/index.php\/urun\/tanrinin-golgesi-yavuz-sultan-selim-ve-bilinmeyen-hikayesi\/","title":{"rendered":"Tanr\u0131\u2019n\u0131n G\u00f6lgesi Yavuz Sultan Selim ve Bilinmeyen Hikayesi"},"content":{"rendered":"<p>\u201cY\u0131l\u0131n En \u0130yi Kitab\u0131.\u201d -Times Literary Supplement, Publishers Weekly, History Today. New York Times Book Review En \u0130yi Kurgu D\u0131\u015f\u0131 Kitap \u00d6d\u00fcl\u00fc.   D\u00fcnya tarihi alan\u0131ndaki \u00e7al\u0131\u015fmalarda uzun s\u00fcredir ihmal edilmi\u015f olan Osmanl\u0131 \u0130mparatorlu\u011fu, 16. y\u00fczy\u0131lda g\u00fcc\u00fcn\u00fcn zirvesinde bir jeopolitik g\u00fc\u00e7 ve \u00e7o\u011fulcu y\u00f6netimin merkeziydi. Osmanl\u0131lar, askeri h\u00e2kimiyetleri ve ticaret yollar\u0131 \u00fczerindeki tekelleri ile Avrupal\u0131lar\u0131 Akdeniz\u2019den uzakla\u015ft\u0131r\u0131p yeni d\u00fcnyaya gitmeye zorlayarak daha fazla topra\u011fa ve t\u00fcm d\u00fcnya g\u00fc\u00e7lerinden daha fazla n\u00fcfusa sahip oldular. Modern d\u00fcnyan\u0131n y\u00fckseli\u015findeki etkisine ve merkezili\u011fine ra\u011fmen, Osmanl\u0131 \u0130mparatorlu\u011fu&#8217;nun g\u00f6rkemli tarihi y\u00fczy\u0131llar i\u00e7inde \u00e7arp\u0131t\u0131ld\u0131, yanl\u0131\u015f yans\u0131t\u0131ld\u0131 ve \u00f6zellikle Bat\u0131\u2019da g\u00f6rmezden gelinip bast\u0131r\u0131ld\u0131. Tanr\u0131\u2019n\u0131n G\u00f6lgesi ile Alan Mikhail, Osmanl\u0131\u2019n\u0131n bir d\u00f6neminin hayati \u00f6neme sahip yeni bir anlat\u0131s\u0131n\u0131 sunuyor ve Osmanl\u0131\u2019n\u0131n fetih hik\u00e2yesini Sultan Selim\u2019in hayat\u0131 \u00fczerinden taptaze bir tarihi bak\u0131\u015fla anlat\u0131yor.   Bir cariye olan annesiyle padi\u015fah babas\u0131n\u0131n sekiz o\u011flundan d\u00f6rd\u00fcnc\u00fcs\u00fc olan Selim\u2019in taht\u0131 devral\u0131\u015f\u0131 bug\u00fcn h\u00e2l\u00e2 tart\u0131\u015fma konusudur. G\u00fc\u00e7l\u00fc, kat\u0131 karakteri ve askeri cesaretinin yan\u0131 s\u0131ra annesi G\u00fclbahar\u2019\u0131n da rehberli\u011fiyle tahta ge\u00e7en Selim, b\u00fcy\u00fck bir h\u0131rsla Osmanl\u0131\u2019n\u0131n topraklar\u0131n\u0131 \u00fc\u00e7 kat\u0131na \u00e7\u0131kararak yeni bir idari yap\u0131 in\u015fa etti ve imparatorlu\u011fun y\u00fckseli\u015finde istikrar\u0131n simgesi oldu. Mikhail\u2019in orijinal haritalar ve \u00e7arp\u0131c\u0131 \u00e7izimler e\u015fli\u011findeki ezber bozan metni, Selim\u2019in hayat\u0131n\u0131 ola\u011fan\u00fcst\u00fc ak\u0131c\u0131 ve ustal\u0131kl\u0131 bir \u00fcslupla aktar\u0131rken \u0130slam tarihi hakk\u0131ndaki \u00f6nyarg\u0131lar\u0131 da y\u0131llardan beri egemen olan \u201cBat\u0131&#8217;n\u0131n y\u00fckseli\u015fi\u201d teorileriyle birlikte alt\u00fcst ediyor. Kristof Kolomb\u2019un Amerika\u2019ya yapt\u0131\u011f\u0131 yolculuklar\u0131 M\u00fcsl\u00fcmanlar\u0131 katletmeye y\u00f6nelik beceriksizce giri\u015fimler olarak hik\u00e2ye edi\u015fini, Osmanl\u0131\u2019da k\u00f6lelerin toplumun se\u00e7kinleri h\u00e2line geli\u015fini, H\u0131ristiyan devletlerin k\u00f6le ticaretinde d\u00fcnyaya sald\u0131\u011f\u0131 vah\u015feti aktar\u0131rken, Selim\u2019in Osmanl\u0131\u2019s\u0131n\u0131n d\u00fcnya tarihindeki \u00f6nemine dair bak\u0131\u015f\u0131m\u0131z\u0131 tazeliyor.   Tanr\u0131\u2019n\u0131n G\u00f6lgesi, bir tarih kitab\u0131n\u0131 o sava\u015f meydan\u0131nda, o sarayda, o ota\u011f\u0131n i\u00e7inde, o gemide, o haremde, o limanda, o sofradaym\u0131\u015f gibi hissederek okumak isteyenler i\u00e7in&#8230;<\/p>\n","protected":false},"excerpt":{"rendered":"<p>\u201cY\u0131l\u0131n En \u0130yi Kitab\u0131.\u201d -Times Literary Supplement, Publishers Weekly, History Today. New York Times Book Review En \u0130yi Kurgu D\u0131\u015f\u0131 Kitap \u00d6d\u00fcl\u00fc. D\u00fcnya tarihi alan\u0131ndaki \u00e7al\u0131\u015fmalarda<span class=\"excerpt-hellip\"> [\u2026]<\/span><\/p>\n","protected":false},"featured_media":0,"template":"","meta":{"_monsterinsights_skip_tracking":false,"_monsterinsights_sitenote_active":false,"_monsterinsights_sitenote_note":"","_monsterinsights_sitenote_category":0},"product_brand":[],"product_cat":[12291,50487],"product_tag":[],"class_list":{"0":"post-738868","1":"product","2":"type-product","3":"status-publish","5":"product_cat-edebiyat","6":"product_cat-kurgu","7":"pa_cilt-ciltsiz","8":"pa_tur-kitap","9":"pa_yayinevi-epsilon-yayinlari","10":"pa_yazar-alan-mikhail","12":"first","13":"instock","14":"sale","15":"shipping-taxable","16":"purchasable","17":"product-type-simple"},"_links":{"self":[{"href":"https:\/\/roveyayinevi.com.tr\/index.php\/wp-json\/wp\/v2\/product\/738868","targetHints":{"allow":["GET"]}}],"collection":[{"href":"https:\/\/roveyayinevi.com.tr\/index.php\/wp-json\/wp\/v2\/product"}],"about":[{"href":"https:\/\/roveyayinevi.com.tr\/index.php\/wp-json\/wp\/v2\/types\/product"}],"wp:attachment":[{"href":"https:\/\/roveyayinevi.com.tr\/index.php\/wp-json\/wp\/v2\/media?parent=738868"}],"wp:term":[{"taxonomy":"product_brand","embeddable":true,"href":"https:\/\/roveyayinevi.com.tr\/index.php\/wp-json\/wp\/v2\/product_brand?post=738868"},{"taxonomy":"product_cat","embeddable":true,"href":"https:\/\/roveyayinevi.com.tr\/index.php\/wp-json\/wp\/v2\/product_cat?post=738868"},{"taxonomy":"product_tag","embeddable":true,"href":"https:\/\/roveyayinevi.com.tr\/index.php\/wp-json\/wp\/v2\/product_tag?post=738868"}],"curies":[{"name":"wp","href":"https:\/\/api.w.org\/{rel}","templated":true}]}}