{"id":738867,"date":"2025-08-27T23:58:45","date_gmt":"2025-08-27T20:58:45","guid":{"rendered":"https:\/\/roveyayinevi.com.tr\/index.php\/urun\/gergedan-buyuk-kufur-kitabi\/"},"modified":"2026-04-16T02:48:58","modified_gmt":"2026-04-15T23:48:58","slug":"gergedan-buyuk-kufur-kitabi","status":"publish","type":"product","link":"https:\/\/roveyayinevi.com.tr\/index.php\/urun\/gergedan-buyuk-kufur-kitabi\/","title":{"rendered":"Gergedan &#8211; B\u00fcy\u00fck K\u00fcf\u00fcr Kitab\u0131"},"content":{"rendered":"<p>U\u00e7suz bucaks\u0131z bir batakl\u0131kta bir gergedan bize do\u011fru ko\u015fuyor kinle ve senin cesedin k\u00f6t\u00fc kokuyor o gece. Annem a\u011fz\u0131n\u0131 her a\u00e7t\u0131\u011f\u0131nda, koku daha da kesifle\u015fiyor. Cesedin masada \u00e7\u00fcr\u00fcyor. Ak\u015fam koltukta \u00e7\u00fcr\u00fcmeye devam edecek. Sonra yata\u011f\u0131nda \u00e7\u00fcr\u00fcyeceksin. Sabah kahvalt\u0131 sofras\u0131nda. Arada kap\u0131n\u0131n \u00f6n\u00fcne \u00e7\u0131kacak, orada y\u00fcz\u00fcn g\u00fcne\u015fe d\u00f6n\u00fck \u00e7\u00fcr\u00fcyeceksin. Bazen sokaklarda dola\u015facaks\u0131n. Kokun, o kesif kokun da pe\u015finden gelecek. Sonra eve d\u00f6neceksin. Kap\u0131y\u0131 a\u00e7madan \u00f6nce biraz d\u00fc\u015f\u00fcneceksin. \u00d6fkeli bir gergedan sabr\u0131yla. Mine S\u00f6\u011f\u00fct, Gergedan\u2019daki \u00e7arp\u0131c\u0131 hik\u00e2yelerinde tematik bir b\u00fct\u00fcn olu\u015fturarak modern hayata sinmi\u015f vah\u015fetin \u00f6rt\u00fcs\u00fcn\u00fc kald\u0131r\u0131yor. Bazen keskin bir ironi bazen so\u011fuk mesafelenmelerle, yer yer de groteske yaslanarak orta s\u0131n\u0131f\u0131n, aile kurumunun s\u0131radanl\u0131k cehennemini, kad\u00fck toplum hayat\u0131n\u0131, erkeklerin, kurallar\u0131n, gelene\u011fin yoz iktidar\u0131n\u0131 g\u00f6zler \u00f6n\u00fcne sererek okuru adeta k\u0131\u015fk\u0131rt\u0131yor; par\u00e7as\u0131 oldu\u011fu konformizm \u00e7a\u011f\u0131n\u0131 sorgulamaya \u00e7a\u011f\u0131r\u0131yor. <\/p>\n","protected":false},"excerpt":{"rendered":"<p>U\u00e7suz bucaks\u0131z bir batakl\u0131kta bir gergedan bize do\u011fru ko\u015fuyor kinle ve senin cesedin k\u00f6t\u00fc kokuyor o gece. Annem a\u011fz\u0131n\u0131 her a\u00e7t\u0131\u011f\u0131nda, koku daha da kesifle\u015fiyor. Cesedin<span class=\"excerpt-hellip\"> [\u2026]<\/span><\/p>\n","protected":false},"featured_media":0,"template":"","meta":{"_monsterinsights_skip_tracking":false,"_monsterinsights_sitenote_active":false,"_monsterinsights_sitenote_note":"","_monsterinsights_sitenote_category":0},"product_brand":[],"product_cat":[12291,12711],"product_tag":[],"class_list":{"0":"post-738867","1":"product","2":"type-product","3":"status-publish","5":"product_cat-edebiyat","6":"product_cat-roman-oyku","7":"pa_cilt-ciltsiz","8":"pa_tur-kitap","9":"pa_yayinevi-can-yayinlari","10":"pa_yazar-mine-sogut","12":"first","13":"instock","14":"sale","15":"shipping-taxable","16":"purchasable","17":"product-type-simple"},"_links":{"self":[{"href":"https:\/\/roveyayinevi.com.tr\/index.php\/wp-json\/wp\/v2\/product\/738867","targetHints":{"allow":["GET"]}}],"collection":[{"href":"https:\/\/roveyayinevi.com.tr\/index.php\/wp-json\/wp\/v2\/product"}],"about":[{"href":"https:\/\/roveyayinevi.com.tr\/index.php\/wp-json\/wp\/v2\/types\/product"}],"wp:attachment":[{"href":"https:\/\/roveyayinevi.com.tr\/index.php\/wp-json\/wp\/v2\/media?parent=738867"}],"wp:term":[{"taxonomy":"product_brand","embeddable":true,"href":"https:\/\/roveyayinevi.com.tr\/index.php\/wp-json\/wp\/v2\/product_brand?post=738867"},{"taxonomy":"product_cat","embeddable":true,"href":"https:\/\/roveyayinevi.com.tr\/index.php\/wp-json\/wp\/v2\/product_cat?post=738867"},{"taxonomy":"product_tag","embeddable":true,"href":"https:\/\/roveyayinevi.com.tr\/index.php\/wp-json\/wp\/v2\/product_tag?post=738867"}],"curies":[{"name":"wp","href":"https:\/\/api.w.org\/{rel}","templated":true}]}}