{"id":738865,"date":"2025-08-27T23:58:43","date_gmt":"2025-08-27T20:58:43","guid":{"rendered":"https:\/\/roveyayinevi.com.tr\/index.php\/urun\/bilissel-davranisci-terapilerde-ev-odevleri\/"},"modified":"2026-04-16T02:48:58","modified_gmt":"2026-04-15T23:48:58","slug":"bilissel-davranisci-terapilerde-ev-odevleri","status":"publish","type":"product","link":"https:\/\/roveyayinevi.com.tr\/index.php\/urun\/bilissel-davranisci-terapilerde-ev-odevleri\/","title":{"rendered":"Bili\u015fsel Davran\u0131\u015f\u00e7\u0131 Terapilerde Ev \u00d6devleri"},"content":{"rendered":"<p>Psikoterapi, etkileri terapist ile dan\u0131\u015fan\/hasta aras\u0131ndaki terap\u00f6tik ili\u015fkiye ba\u011fl\u0131 olan tedavi s\u00fcre\u00e7 ve y\u00f6ntemlerini i\u00e7erir. Terap\u00f6tik ili\u015fki kat\u0131l\u0131m gerektirir, bu da dan\u0131\u015fan\u0131n de\u011fi\u015fime y\u00f6nelik aktif ad\u0131mlar att\u0131\u011f\u0131 hissiyle de alakal\u0131d\u0131r. Seans i\u00e7i terap\u00f6tik \u00e7al\u0131\u015fmay\u0131 seanslar aras\u0131 aktivite yoluyla genelle\u015ftirme s\u00fcrecinin psikoterapide uzun bir ge\u00e7mi\u015fi vard\u0131r. Bu \u00e7al\u0131\u015fma, ev \u00f6devlerinin psikoterapi uygulamas\u0131na nas\u0131l entegre edilece\u011fine ve ev \u00f6devi uyumu sorunlar\u0131n\u0131n a\u015f\u0131lmas\u0131na, etkili \u00f6dev uygulamalar\u0131 tasarlaman\u0131n mihenk noktalar\u0131na odaklanm\u0131\u015ft\u0131r. Genel olarak konu\u015fursak, ev \u00f6devi, bir dan\u0131\u015fan taraf\u0131ndan terap\u00f6tik hedeflere ula\u015fmak i\u00e7in genellikle terapistle i\u015fbirli\u011fi i\u00e7inde ger\u00e7ekle\u015ftirilen herhangi bir say\u0131da seans i\u00e7i ve seans aras\u0131 aktiviteyi kapsamaktad\u0131r.Ev \u00f6devleri dan\u0131\u015fanlara, terapi seanslar\u0131nda tart\u0131\u015f\u0131lan i\u00e7g\u00f6r\u00fcleri veya ba\u015fa \u00e7\u0131kma davran\u0131\u015flar\u0131n\u0131 uygulama ve de\u011ferlendirme f\u0131rsat\u0131 vermektedir. Ev \u00f6devi uygulamalar\u0131 genellikle \u00e7e\u015fitli konularda fark\u0131ndal\u0131\u011f\u0131n\u0131, dan\u0131\u015fan\u0131n sadece de\u011fi\u015fim hakk\u0131nda konu\u015fmaktan ziyade de\u011fi\u015fiklik yaparak takip etme beklentisini artt\u0131r\u0131r. Ev \u00f6devi ayr\u0131ca dan\u0131\u015fanlar\u0131n yeni davran\u0131\u015flar\u0131 denemesine izin vererek bu deneyimleri i\u015flemek i\u00e7in bir sonraki oturuma geri getirir. Ev \u00f6devi terapi seans\u0131nda i\u015flenirken dan\u0131\u015fan\u0131n d\u00fc\u015f\u00fcncelerinde, duygular\u0131nda veya davran\u0131\u015flar\u0131nda de\u011fi\u015fiklikler yap\u0131labilir. Yurtd\u0131\u015f\u0131nda Terap\u00f6tik Ev \u00d6devi Planlay\u0131c\u0131s\u0131 kitaplar\u0131n\u0131n \u00e7e\u015fitlili\u011fi (Yeti\u015fkinler \u0130\u00e7in K\u0131sa S\u00fcreli Terapi \u00d6devlerinden Ergen, \u00c7ocuk, \u00c7iftler, Grup, Aile, Ba\u011f\u0131ml\u0131l\u0131klar, Bo\u015fanma Yas, \u00c7al\u0131\u015fan Yard\u0131m\u0131 ve Okul Dan\u0131\u015fmanl\u0131\u011f\u0131\/Okul Sosyal Hizmet \u00d6dev Planlay\u0131c\u0131lar\u0131)olduk\u00e7a geni\u015ftir. Bu kitaplar\u0131n her biri tek ba\u015f\u0131na veya e\u015flik eden Tedavi Planlay\u0131c\u0131 ile birlikte kullan\u0131labilmekte ya da tek ba\u015f\u0131na da \u00f6dev uygulamalar\u0131nda kullan\u0131lmaktad\u0131r.\u00dclkemizde spesifik sorunlarla ve kategorilerle \u00f6rne\u011fin \u00e7ocuk ve ergenler (akran zorbal\u0131\u011f\u0131, evlat edinme, \u00f6fke y\u00f6netimi, kay\u0131p ve yas s\u00fcreci, bo\u015fanma, DEHB, davran\u0131m bozukluklar\u0131 vb.) ile \u00e7al\u0131\u015f\u0131rken ya da klinik problemlere \u00f6zg\u00fc (Depresyon, yeme bozukluklar\u0131, cinsel istismar, DEHB, Borderline Ki\u015filik Bozuklu\u011fu, Obsesif Kompulsif Bozukluk, Anksiyete Bozukluklar\u0131 vb.) ev \u00f6devi planlay\u0131c\u0131s\u0131 kitaplara gereksinim bulunmaktad\u0131r. Bu \u00e7al\u0131\u015fman\u0131n T\u00fcrk\u00e7ede terap\u00f6tik ev \u00f6devi planlay\u0131c\u0131s\u0131 \u00e7al\u0131\u015fmalar\u0131na gereksinimi de g\u00f6r\u00fcn\u00fcr k\u0131lmas\u0131n\u0131 ve bu do\u011frultuda yay\u0131nlara vesile olmas\u0131n\u0131 umuyoruz.<\/p>\n","protected":false},"excerpt":{"rendered":"<p>Psikoterapi, etkileri terapist ile dan\u0131\u015fan\/hasta aras\u0131ndaki terap\u00f6tik ili\u015fkiye ba\u011fl\u0131 olan tedavi s\u00fcre\u00e7 ve y\u00f6ntemlerini i\u00e7erir. Terap\u00f6tik ili\u015fki kat\u0131l\u0131m gerektirir, bu da dan\u0131\u015fan\u0131n de\u011fi\u015fime y\u00f6nelik aktif ad\u0131mlar<span class=\"excerpt-hellip\"> [\u2026]<\/span><\/p>\n","protected":false},"featured_media":0,"template":"","meta":{"_monsterinsights_skip_tracking":false,"_monsterinsights_sitenote_active":false,"_monsterinsights_sitenote_note":"","_monsterinsights_sitenote_category":0},"product_brand":[],"product_cat":[25175,12357],"product_tag":[],"class_list":{"0":"post-738865","1":"product","2":"type-product","3":"status-publish","5":"product_cat-egitim-psikolojisi","6":"product_cat-psikoloji","7":"pa_cilt-ciltsiz","8":"pa_tur-kitap","9":"pa_yayinevi-egiten-kitap","10":"pa_yazar-kahraman-guler-mahmut-yilmaz","12":"first","13":"instock","14":"sale","15":"shipping-taxable","16":"purchasable","17":"product-type-simple"},"_links":{"self":[{"href":"https:\/\/roveyayinevi.com.tr\/index.php\/wp-json\/wp\/v2\/product\/738865","targetHints":{"allow":["GET"]}}],"collection":[{"href":"https:\/\/roveyayinevi.com.tr\/index.php\/wp-json\/wp\/v2\/product"}],"about":[{"href":"https:\/\/roveyayinevi.com.tr\/index.php\/wp-json\/wp\/v2\/types\/product"}],"wp:attachment":[{"href":"https:\/\/roveyayinevi.com.tr\/index.php\/wp-json\/wp\/v2\/media?parent=738865"}],"wp:term":[{"taxonomy":"product_brand","embeddable":true,"href":"https:\/\/roveyayinevi.com.tr\/index.php\/wp-json\/wp\/v2\/product_brand?post=738865"},{"taxonomy":"product_cat","embeddable":true,"href":"https:\/\/roveyayinevi.com.tr\/index.php\/wp-json\/wp\/v2\/product_cat?post=738865"},{"taxonomy":"product_tag","embeddable":true,"href":"https:\/\/roveyayinevi.com.tr\/index.php\/wp-json\/wp\/v2\/product_tag?post=738865"}],"curies":[{"name":"wp","href":"https:\/\/api.w.org\/{rel}","templated":true}]}}