{"id":738864,"date":"2025-08-27T23:58:42","date_gmt":"2025-08-27T20:58:42","guid":{"rendered":"https:\/\/roveyayinevi.com.tr\/index.php\/urun\/musaade-ederseniz-bazi-itirazlarim-olacak\/"},"modified":"2026-04-16T02:48:58","modified_gmt":"2026-04-15T23:48:58","slug":"musaade-ederseniz-bazi-itirazlarim-olacak","status":"publish","type":"product","link":"https:\/\/roveyayinevi.com.tr\/index.php\/urun\/musaade-ederseniz-bazi-itirazlarim-olacak\/","title":{"rendered":"M\u00fcsaade Ederseniz Baz\u0131 \u0130tirazlar\u0131m Olacak"},"content":{"rendered":"<p>Genel itibariyle b\u00fcy\u00fck d\u00fc\u015f\u00fcn\u00fcrlerin her s\u00f6z\u00fcn\u00fc do\u011frudan kabullenme e\u011filimindeyiz. Parlak aforizmalar\u0131 hayranl\u0131kla okuyup tasdik ederiz. Derin filozoflar\u0131n, y\u00fczy\u0131llar\u0131n duvar\u0131n\u0131 a\u015f\u0131p gelen s\u00f6zlerinden \u015f\u00fcphe etmek haddimize de\u011fildir!          Bu kitab\u0131mla s\u00f6z konusu yakla\u015f\u0131mdaki kolayc\u0131 ve kabullenici yan\u0131m\u0131z\u0131 sarsmak istedim. &#8220;M\u00fcsaade Ederseniz Baz\u0131 \u0130tirazlar\u0131m Olacak&#8221; deyip s\u00f6ze girdim. Bazen Einstein&#8217;a kafa tuttum. Yeri geldi Dostoyevski&#8217;ye itiraz ettim. H\u0131z\u0131m\u0131 alamad\u0131m, Konf\u00fc\u00e7y\u00fcs&#8217;e efelendim. Devam edip Zweig&#8217;a \u00e7att\u0131m. Ukalal\u0131kta s\u0131n\u0131r m\u0131 var? \u0130nsan yeterince cahilse b\u00fct\u00fcn s\u0131n\u0131rlar\u0131 a\u015fabilir. Yanl\u0131\u015f anlamay\u0131n, espri mahiyetli gevezelikler de\u011fil bunlar. Kendince tutarl\u0131 olmaya \u00e7al\u0131\u015fan alternatif fikir denemelerinden ibaret.          Dosyay\u0131 haz\u0131rlama a\u015famas\u0131ndayken sadece me\u015fhur filozoflar\u0131 de\u011fil, baz\u0131 yerli yazarlar\u0131m\u0131z\u0131 da kitab\u0131mda misafir etmeye niyetlendim. G\u00fcncel okuma ser\u00fcvenimin kimi ele\u015ftirel yans\u0131malar\u0131n\u0131 da dosyama ekledim.          \u00dc\u00e7 t\u00fcrl\u00fc okumaya a\u00e7\u0131k bir kitap haz\u0131rlad\u0131m: \u0130steyenler benim yazd\u0131klar\u0131m\u0131 atlayarak sadece \u00fcnl\u00fc yazarlar\u0131n g\u00f6r\u00fc\u015flerini okuyup faydal\u0131 bilgiler edinebilir. \u0130steyenler sadece benim yorumlar\u0131m\u0131 okuyabilir -ki bunu pek tavsiye etmem-. \u0130steyenlerse usta yazarlar\u0131n s\u00f6zleriyle, benim itirazlar\u0131m\u0131 birlikte, kar\u015f\u0131la\u015ft\u0131rmal\u0131 okuyabilir.          Elinizdeki kitap, yaz\u0131n alan\u0131ndaki umutsuz hedefime ula\u015fma \u00e7abas\u0131yla s\u00fcrd\u00fcrd\u00fc\u011f\u00fcm tuhaf seyahatimdeki kilometre ta\u015flar\u0131ndan birisi mahiyetinde alg\u0131lan\u0131rsa sevinece\u011fim. Kendi kadim can s\u0131k\u0131nt\u0131m\u0131 hafifletmek gayesiyle karalad\u0131\u011f\u0131m bu sat\u0131rlar\u0131mla, birka\u00e7 ki\u015fiye bile mevcut can s\u0131k\u0131nt\u0131m\u0131 bula\u015ft\u0131rmay\u0131 ba\u015farabilirsem ne mutlu bana! <\/p>\n","protected":false},"excerpt":{"rendered":"<p>Genel itibariyle b\u00fcy\u00fck d\u00fc\u015f\u00fcn\u00fcrlerin her s\u00f6z\u00fcn\u00fc do\u011frudan kabullenme e\u011filimindeyiz. Parlak aforizmalar\u0131 hayranl\u0131kla okuyup tasdik ederiz. Derin filozoflar\u0131n, y\u00fczy\u0131llar\u0131n duvar\u0131n\u0131 a\u015f\u0131p gelen s\u00f6zlerinden \u015f\u00fcphe etmek haddimize de\u011fildir!<span class=\"excerpt-hellip\"> [\u2026]<\/span><\/p>\n","protected":false},"featured_media":0,"template":"","meta":{"_monsterinsights_skip_tracking":false,"_monsterinsights_sitenote_active":false,"_monsterinsights_sitenote_note":"","_monsterinsights_sitenote_category":0},"product_brand":[],"product_cat":[12777,12291],"product_tag":[],"class_list":{"0":"post-738864","1":"product","2":"type-product","3":"status-publish","5":"product_cat-deneme","6":"product_cat-edebiyat","7":"pa_cilt-ciltsiz","8":"pa_tur-kitap","9":"pa_yayinevi-myrina-yayinlari","10":"pa_yazar-polat-onat","12":"first","13":"instock","14":"sale","15":"shipping-taxable","16":"purchasable","17":"product-type-simple"},"_links":{"self":[{"href":"https:\/\/roveyayinevi.com.tr\/index.php\/wp-json\/wp\/v2\/product\/738864","targetHints":{"allow":["GET"]}}],"collection":[{"href":"https:\/\/roveyayinevi.com.tr\/index.php\/wp-json\/wp\/v2\/product"}],"about":[{"href":"https:\/\/roveyayinevi.com.tr\/index.php\/wp-json\/wp\/v2\/types\/product"}],"wp:attachment":[{"href":"https:\/\/roveyayinevi.com.tr\/index.php\/wp-json\/wp\/v2\/media?parent=738864"}],"wp:term":[{"taxonomy":"product_brand","embeddable":true,"href":"https:\/\/roveyayinevi.com.tr\/index.php\/wp-json\/wp\/v2\/product_brand?post=738864"},{"taxonomy":"product_cat","embeddable":true,"href":"https:\/\/roveyayinevi.com.tr\/index.php\/wp-json\/wp\/v2\/product_cat?post=738864"},{"taxonomy":"product_tag","embeddable":true,"href":"https:\/\/roveyayinevi.com.tr\/index.php\/wp-json\/wp\/v2\/product_tag?post=738864"}],"curies":[{"name":"wp","href":"https:\/\/api.w.org\/{rel}","templated":true}]}}