{"id":738861,"date":"2025-08-27T23:58:39","date_gmt":"2025-08-27T20:58:39","guid":{"rendered":"https:\/\/roveyayinevi.com.tr\/index.php\/urun\/dervis-kelami\/"},"modified":"2026-04-08T02:56:55","modified_gmt":"2026-04-07T23:56:55","slug":"dervis-kelami","status":"publish","type":"product","link":"https:\/\/roveyayinevi.com.tr\/index.php\/urun\/dervis-kelami\/","title":{"rendered":"Dervi\u015f Kelam\u0131"},"content":{"rendered":"<p>DERV\u0130\u015e KELAMI   \u201cAyn\u0131 damdan d\u00fc\u015fenler anlayabiliyordu i\u015fte birbirlerini, ancak ayn\u0131 yerden vurulanlar biliyordu kar\u015f\u0131s\u0131ndakinin kur\u015fun yerini.\u201d     \u201cD\u00fcnyada olabilecek her bir olay i\u00e7in misal aleminde say\u0131s\u0131z ihtimal uyur. Siz a\u011fz\u0131n\u0131zdan \u00e7\u0131kard\u0131\u011f\u0131n\u0131z s\u00f6zlerle o ihtimalleri uyand\u0131r\u0131rs\u0131n\u0131z. G\u00fczel kelimeler s\u00f6yleyin ki g\u00fczel ihtimaller uyans\u0131n. \u0130nsan\u0131n kaderine m\u00fcdahalesi buradad\u0131r\u2026\u201d   Mevlana Celaleddin Rumi   Bu kitap d\u00fcnyan\u0131n b\u00fct\u00fcn y\u00fcklerini tek ba\u015f\u0131na s\u0131rtlamaya \u00e7al\u0131\u015fan yorgun g\u00f6n\u00fcllere, o y\u00fckleri s\u0131rtlar\u0131ndan indirmeye yard\u0131mc\u0131 olmak niyetiyle yaz\u0131ld\u0131. Bu nedenle bu kitap yaln\u0131zca bir roman de\u011fildir, sat\u0131r aralar\u0131na kangrenle\u015fmi\u015f d\u00fc\u011f\u00fcmlerin \u00e7\u00f6z\u00fcmleri, onulmaz yaralar\u0131n devas\u0131 ili\u015ftirilmi\u015ftir. Yazar bunu yaparken iki ayr\u0131 mesle\u011finden gelen tecr\u00fcbelerini kullanm\u0131\u015f; tasavvufla psikoloji, sosyoloji ve pedagoji bilgilerini harmanlam\u0131\u015ft\u0131r.   Dervi\u015f Kelam\u0131, \u00fc\u00e7 kitaptan olu\u015fan \u00e7ok \u00f6zel bir yolculu\u011fun son par\u00e7as\u0131d\u0131r. Dervi\u015f Dede s\u00f6ylesin biz dinleyelim o vakit.   Funda U\u00e7uk Er Bir sonbahar sabah\u0131, Adana&#8217;n\u0131n \u0131l\u0131k kollar\u0131na do\u011fdu. Ye\u015filin her bir tonuna meftun bir gezgin, do\u011fan\u0131n t\u00fcm g\u00fczelli\u011fini tefekk\u00fcrle ke\u015ffeden bir ka\u015fif, kendine olan tekam\u00fcl\u00fcnde tasavvuf yolunda bir yolcu, \u00f6\u011frencilerine sevecen bir \u00f6\u011fretmen ve ruhu yazma tutkusu ile \u00e7evrili, heyecanl\u0131 bir yazar. 13 y\u0131ll\u0131k evli ve iki \u00e7ocuk annesi. Daha evvel yay\u0131nlanm\u0131\u015f Annelik En G\u00fczel Delilik, Liya\u2019n\u0131n Karde\u015fi P\u0131rt P\u0131rt, Hu\u015fu A\u011fac\u0131 ve Asude Bah\u00e7e isimli d\u00f6rt kitab\u0131 bulunmaktad\u0131r. Dervi\u015f Kelam\u0131, yazar\u0131n be\u015finci ve son kitab\u0131d\u0131r.  Yazar, Aile Dan\u0131\u015fmanl\u0131\u011f\u0131 e\u011fitimlerini tamamlad\u0131. Yurt genelinde e\u011fitim, \u00e7ocuk ve aile \u00fczerine g\u00f6n\u00fcll\u00fc seminerler verdi, veriyor ve ebeveynlerin dikkatini unuttuklar\u0131 de\u011ferlere \u00e7ekmeyi hedefliyor. Zira \u00e7ocuklu\u011fu insan\u0131n anavatan\u0131ysa ona hepimizin sahip \u00e7\u0131kmas\u0131 gerekmez mi? <\/p>\n","protected":false},"excerpt":{"rendered":"<p>DERV\u0130\u015e KELAMI \u201cAyn\u0131 damdan d\u00fc\u015fenler anlayabiliyordu i\u015fte birbirlerini, ancak ayn\u0131 yerden vurulanlar biliyordu kar\u015f\u0131s\u0131ndakinin kur\u015fun yerini.\u201d \u201cD\u00fcnyada olabilecek her bir olay i\u00e7in misal aleminde say\u0131s\u0131z ihtimal<span class=\"excerpt-hellip\"> [\u2026]<\/span><\/p>\n","protected":false},"featured_media":0,"template":"","meta":{"_monsterinsights_skip_tracking":false,"_monsterinsights_sitenote_active":false,"_monsterinsights_sitenote_note":"","_monsterinsights_sitenote_category":0},"product_brand":[],"product_cat":[12291,12711],"product_tag":[],"class_list":{"0":"post-738861","1":"product","2":"type-product","3":"status-publish","5":"product_cat-edebiyat","6":"product_cat-roman-oyku","7":"pa_cilt-ciltsiz","8":"pa_tur-kitap","9":"pa_yayinevi-hayykitap","10":"pa_yazar-funda-ucuk-er","12":"first","13":"instock","14":"sale","15":"shipping-taxable","16":"purchasable","17":"product-type-simple"},"_links":{"self":[{"href":"https:\/\/roveyayinevi.com.tr\/index.php\/wp-json\/wp\/v2\/product\/738861","targetHints":{"allow":["GET"]}}],"collection":[{"href":"https:\/\/roveyayinevi.com.tr\/index.php\/wp-json\/wp\/v2\/product"}],"about":[{"href":"https:\/\/roveyayinevi.com.tr\/index.php\/wp-json\/wp\/v2\/types\/product"}],"wp:attachment":[{"href":"https:\/\/roveyayinevi.com.tr\/index.php\/wp-json\/wp\/v2\/media?parent=738861"}],"wp:term":[{"taxonomy":"product_brand","embeddable":true,"href":"https:\/\/roveyayinevi.com.tr\/index.php\/wp-json\/wp\/v2\/product_brand?post=738861"},{"taxonomy":"product_cat","embeddable":true,"href":"https:\/\/roveyayinevi.com.tr\/index.php\/wp-json\/wp\/v2\/product_cat?post=738861"},{"taxonomy":"product_tag","embeddable":true,"href":"https:\/\/roveyayinevi.com.tr\/index.php\/wp-json\/wp\/v2\/product_tag?post=738861"}],"curies":[{"name":"wp","href":"https:\/\/api.w.org\/{rel}","templated":true}]}}