{"id":738860,"date":"2025-08-27T23:58:37","date_gmt":"2025-08-27T20:58:37","guid":{"rendered":"https:\/\/roveyayinevi.com.tr\/index.php\/urun\/eve-doner-insan-hep\/"},"modified":"2026-04-16T02:48:58","modified_gmt":"2026-04-15T23:48:58","slug":"eve-doner-insan-hep","status":"publish","type":"product","link":"https:\/\/roveyayinevi.com.tr\/index.php\/urun\/eve-doner-insan-hep\/","title":{"rendered":"Eve D\u00f6ner \u0130nsan Hep"},"content":{"rendered":"<p>EVE D\u00d6NER \u0130NSAN HEP   \u201c\u00c7\u00fcnk\u00fc ev seni g\u00f6\u011fs\u00fcne bast\u0131r\u0131r.\u201d     \u201cEn babas\u0131z evlerin, yetim kalm\u0131\u015f odalar\u0131nda \u00e7i\u00e7ekler b\u00fcy\u00fctm\u00fc\u015f kad\u0131nlar kadar can\u0131m yand\u0131 o gece. Kaburgalar\u0131ma saplanm\u0131\u015f en pasl\u0131 han\u00e7erleri s\u00f6k\u00fcp, geceye y\u00fcr\u00fcd\u00fcm korkusuz. Ellerinin beyazl\u0131\u011f\u0131n\u0131 arad\u0131m kuytularda, yoktu. Tutacak bir el bulamad\u0131\u011f\u0131 ilk yerden, eve d\u00f6ner insan hep.\u201d   Ev dedi\u011fimiz, ev bildi\u011fimiz o yer neresi? E\u011fer bu sorunun cevab\u0131n\u0131, d\u00f6rt duvar bir \u00e7at\u0131ya ithafen veriyorsan\u0131z, en b\u00fcy\u00fck yan\u0131lg\u0131das\u0131n\u0131z demektir.   Gregor bu kitapta okurlar\u0131na, t\u00fcm ya\u015fanm\u0131\u015fl\u0131klar\u0131n\u0131 kabullenerek kendini sevmeyi \u00f6\u011frenenlerin as\u0131l evinin, insan\u0131n g\u00f6\u011f\u00fcs kafesi yani asl\u0131 oldu\u011funu anlat\u0131yor ve \u00e7ok daha i\u00e7sel bir olgunun anla\u015f\u0131lmas\u0131ndan bahsediyor. Kelimelerin ahengi i\u00e7erisinde, birini severken insan\u0131n, etraf\u0131n\u0131 ve kendini nas\u0131l g\u00fczelle\u015ftirebilece\u011fine dair detaylara da rastlayaca\u011f\u0131n\u0131z bu kitap size her kelimesiyle sar\u0131l\u0131yor ve \u201cKorkma, ben hep var\u0131m\u201d diyor. Gregor \u2013 Ali Bayam Uzun s\u00fcredir sosyal platformlarda insanlar\u0131n anlatamad\u0131\u011f\u0131, dile getiremedi\u011fi hisleri yaz\u0131ya d\u00f6ken Gregor, art\u0131k matbu bir eserim olmal\u0131 diyerek yola \u00e7\u0131kt\u0131. \u0130lk kitab\u0131 \u201cEve D\u00f6ner \u0130nsan Hep\u201d t\u00fcm dile gelmeyen o hisleri muhteva eden bir ba\u015fucu kitab\u0131 olmaya aday. Gregor; sosyal platformlarda yazmakta, ara\u015ft\u0131rmac\u0131 edit\u00f6rl\u00fck yapmakta ve belirli aral\u0131klarla internet radyoculu\u011fu ba\u011flam\u0131ndaki yay\u0131nlar\u0131n\u0131 s\u00fcrd\u00fcrmektedir. Yazar\u0131n edebiyat, felsefe, psikoloji ve insan ili\u015fkileri \u00fczerine tek ba\u015f\u0131na yapt\u0131\u011f\u0131 Podcast serileri de mevcut. <\/p>\n","protected":false},"excerpt":{"rendered":"<p>EVE D\u00d6NER \u0130NSAN HEP \u201c\u00c7\u00fcnk\u00fc ev seni g\u00f6\u011fs\u00fcne bast\u0131r\u0131r.\u201d \u201cEn babas\u0131z evlerin, yetim kalm\u0131\u015f odalar\u0131nda \u00e7i\u00e7ekler b\u00fcy\u00fctm\u00fc\u015f kad\u0131nlar kadar can\u0131m yand\u0131 o gece. Kaburgalar\u0131ma saplanm\u0131\u015f en<span class=\"excerpt-hellip\"> [\u2026]<\/span><\/p>\n","protected":false},"featured_media":0,"template":"","meta":{"_monsterinsights_skip_tracking":false,"_monsterinsights_sitenote_active":false,"_monsterinsights_sitenote_note":"","_monsterinsights_sitenote_category":0},"product_brand":[],"product_cat":[12777,12291],"product_tag":[],"class_list":{"0":"post-738860","1":"product","2":"type-product","3":"status-publish","5":"product_cat-deneme","6":"product_cat-edebiyat","7":"pa_cilt-ciltsiz","8":"pa_tur-kitap","9":"pa_yayinevi-hayykitap","10":"pa_yazar-gregor-ali-bayam","12":"first","13":"instock","14":"sale","15":"shipping-taxable","16":"purchasable","17":"product-type-simple"},"_links":{"self":[{"href":"https:\/\/roveyayinevi.com.tr\/index.php\/wp-json\/wp\/v2\/product\/738860","targetHints":{"allow":["GET"]}}],"collection":[{"href":"https:\/\/roveyayinevi.com.tr\/index.php\/wp-json\/wp\/v2\/product"}],"about":[{"href":"https:\/\/roveyayinevi.com.tr\/index.php\/wp-json\/wp\/v2\/types\/product"}],"wp:attachment":[{"href":"https:\/\/roveyayinevi.com.tr\/index.php\/wp-json\/wp\/v2\/media?parent=738860"}],"wp:term":[{"taxonomy":"product_brand","embeddable":true,"href":"https:\/\/roveyayinevi.com.tr\/index.php\/wp-json\/wp\/v2\/product_brand?post=738860"},{"taxonomy":"product_cat","embeddable":true,"href":"https:\/\/roveyayinevi.com.tr\/index.php\/wp-json\/wp\/v2\/product_cat?post=738860"},{"taxonomy":"product_tag","embeddable":true,"href":"https:\/\/roveyayinevi.com.tr\/index.php\/wp-json\/wp\/v2\/product_tag?post=738860"}],"curies":[{"name":"wp","href":"https:\/\/api.w.org\/{rel}","templated":true}]}}