{"id":738859,"date":"2025-08-27T23:58:36","date_gmt":"2025-08-27T20:58:36","guid":{"rendered":"https:\/\/roveyayinevi.com.tr\/index.php\/urun\/turkce-egitiminde-yeni-yonelimler\/"},"modified":"2026-04-03T02:54:08","modified_gmt":"2026-04-02T23:54:08","slug":"turkce-egitiminde-yeni-yonelimler","status":"publish","type":"product","link":"https:\/\/roveyayinevi.com.tr\/index.php\/urun\/turkce-egitiminde-yeni-yonelimler\/","title":{"rendered":"T\u00fcrk\u00e7e E\u011fitiminde Yeni Y\u00f6nelimler"},"content":{"rendered":"<p>Kitapta ele al\u0131nan konular incelendi\u011finde \u00f6zellikle ya\u015fan\u0131lan dijital \u00e7a\u011f\u0131n \u00f6\u011frenme ortamlar\u0131na entegrasyonuyla beraber ortaya \u00e7\u0131kan teknoloji k\u00f6kenli yeni ba\u015fl\u0131klar\u0131n varl\u0131\u011f\u0131 g\u00f6ze \u00e7arpmaktad\u0131r. Bununla birlikte etkili yaz\u0131l\u0131 ve s\u00f6zl\u00fc ileti\u015fim, sosyal ve k\u00fclt\u00fcrel becerilerin geli\u015fimi, yarat\u0131c\u0131l\u0131k, yenilenme ve i\u015f birli\u011fine dayal\u0131 yakla\u015f\u0131m, y\u00f6ntem, teknik ve etkinliklerin ele al\u0131nd\u0131\u011f\u0131 g\u00f6r\u00fclmektedir.   Bu ba\u011flamda haz\u0131rlanan kitap arac\u0131l\u0131\u011f\u0131yla T\u00fcrk\u00e7e e\u011fitiminde 21. y\u00fczy\u0131l becerilerinin geli\u015ftirilmesine y\u00f6nelik yeni bak\u0131\u015f a\u00e7\u0131lar\u0131n\u0131n okuyuculara sunulaca\u011f\u0131 ve alana katk\u0131 sa\u011flanaca\u011f\u0131 d\u00fc\u015f\u00fcn\u00fclmektedir\u2026<\/p>\n","protected":false},"excerpt":{"rendered":"<p>Kitapta ele al\u0131nan konular incelendi\u011finde \u00f6zellikle ya\u015fan\u0131lan dijital \u00e7a\u011f\u0131n \u00f6\u011frenme ortamlar\u0131na entegrasyonuyla beraber ortaya \u00e7\u0131kan teknoloji k\u00f6kenli yeni ba\u015fl\u0131klar\u0131n varl\u0131\u011f\u0131 g\u00f6ze \u00e7arpmaktad\u0131r. Bununla birlikte etkili yaz\u0131l\u0131<span class=\"excerpt-hellip\"> [\u2026]<\/span><\/p>\n","protected":false},"featured_media":0,"template":"","meta":{"_monsterinsights_skip_tracking":false,"_monsterinsights_sitenote_active":false,"_monsterinsights_sitenote_note":"","_monsterinsights_sitenote_category":0},"product_brand":[],"product_cat":[12567,12566],"product_tag":[],"class_list":{"0":"post-738859","1":"product","2":"type-product","3":"status-publish","5":"product_cat-diger-egitim","6":"product_cat-egitim","7":"pa_cilt-ciltsiz","8":"pa_tur-kitap","9":"pa_yayinevi-egiten-kitap","10":"pa_yazar-ilhan-erdem-sedat-erol","12":"first","13":"instock","14":"sale","15":"shipping-taxable","16":"purchasable","17":"product-type-simple"},"_links":{"self":[{"href":"https:\/\/roveyayinevi.com.tr\/index.php\/wp-json\/wp\/v2\/product\/738859","targetHints":{"allow":["GET"]}}],"collection":[{"href":"https:\/\/roveyayinevi.com.tr\/index.php\/wp-json\/wp\/v2\/product"}],"about":[{"href":"https:\/\/roveyayinevi.com.tr\/index.php\/wp-json\/wp\/v2\/types\/product"}],"wp:attachment":[{"href":"https:\/\/roveyayinevi.com.tr\/index.php\/wp-json\/wp\/v2\/media?parent=738859"}],"wp:term":[{"taxonomy":"product_brand","embeddable":true,"href":"https:\/\/roveyayinevi.com.tr\/index.php\/wp-json\/wp\/v2\/product_brand?post=738859"},{"taxonomy":"product_cat","embeddable":true,"href":"https:\/\/roveyayinevi.com.tr\/index.php\/wp-json\/wp\/v2\/product_cat?post=738859"},{"taxonomy":"product_tag","embeddable":true,"href":"https:\/\/roveyayinevi.com.tr\/index.php\/wp-json\/wp\/v2\/product_tag?post=738859"}],"curies":[{"name":"wp","href":"https:\/\/api.w.org\/{rel}","templated":true}]}}