{"id":738858,"date":"2025-08-27T23:58:35","date_gmt":"2025-08-27T20:58:35","guid":{"rendered":"https:\/\/roveyayinevi.com.tr\/index.php\/urun\/baska-zaman-kutuphaneleri\/"},"modified":"2026-04-16T02:48:58","modified_gmt":"2026-04-15T23:48:58","slug":"baska-zaman-kutuphaneleri","status":"publish","type":"product","link":"https:\/\/roveyayinevi.com.tr\/index.php\/urun\/baska-zaman-kutuphaneleri\/","title":{"rendered":"Ba\u015fka Zaman K\u00fct\u00fcphaneleri"},"content":{"rendered":"<p>\u00dcnlu\u0308 S\u0131rp yazar Zoran Zivkovi\u00e7, 2003 Du\u0308nya Fantezi \u00f6du\u0308llu\u0308 mozaik roman\u0131 Ba\u015fka Zaman Ku\u0308tu\u0308phaneleri\u2019nde okurlar\u0131n\u0131 kitaplar ve ku\u0308tu\u0308phaneler u\u0308zerine e\u011flenceli bir maceraya \u00e7a\u011f\u0131r\u0131yor. Bir yazar, bir internet ku\u0308tu\u0308phanesinde henu\u0308z yazmad\u0131\u011f\u0131 kitaplar\u0131n da listelendi\u011fini g\u00f6rse ne yapar? Ya da posta kutusunda kendili\u011finden beliren dev ciltlerle evine bir Du\u0308nya Edebiyat\u0131 Ku\u0308tu\u0308phanesi kurmak zorunda kalan biri? Peki ya siz, du\u0308nyaya gelmi\u015f bu\u0308tu\u0308n insanlar\u0131n biyografilerinin bulundu\u011fu bir ku\u0308tu\u0308phaneye rastlasan\u0131z ne yapard\u0131n\u0131z? Bu\u0308tu\u0308n kitaplar\u0131 i\u00e7inde bar\u0131nd\u0131ran tek bir kitab\u0131n\u0131z olsa veya bir arkada\u015f\u0131n\u0131z size yok edilmesi imk\u00e2ns\u0131z, pe\u015finizi de asla b\u0131rakmayan bir kitap arma\u011fan etse? S\u0131rad\u0131\u015f\u0131 bir hayal gu\u0308cu\u0308nu\u0308n eseri olan Ba\u015fka Zaman Ku\u0308tu\u0308phaneleri, postmodern fantezi tu\u0308ru\u0308nu\u0308n unutamayaca\u011f\u0131n\u0131z bir \u00f6rne\u011fi.<\/p>\n","protected":false},"excerpt":{"rendered":"<p>\u00dcnlu\u0308 S\u0131rp yazar Zoran Zivkovi\u00e7, 2003 Du\u0308nya Fantezi \u00f6du\u0308llu\u0308 mozaik roman\u0131 Ba\u015fka Zaman Ku\u0308tu\u0308phaneleri\u2019nde okurlar\u0131n\u0131 kitaplar ve ku\u0308tu\u0308phaneler u\u0308zerine e\u011flenceli bir maceraya \u00e7a\u011f\u0131r\u0131yor. Bir yazar, bir<span class=\"excerpt-hellip\"> [\u2026]<\/span><\/p>\n","protected":false},"featured_media":0,"template":"","meta":{"_monsterinsights_skip_tracking":false,"_monsterinsights_sitenote_active":false,"_monsterinsights_sitenote_note":"","_monsterinsights_sitenote_category":0},"product_brand":[],"product_cat":[12291,12711],"product_tag":[],"class_list":{"0":"post-738858","1":"product","2":"type-product","3":"status-publish","5":"product_cat-edebiyat","6":"product_cat-roman-oyku","7":"pa_cilt-ciltsiz","8":"pa_tur-kitap","9":"pa_yayinevi-ketebe-yayinlari","10":"pa_yazar-zoran-zivkovic","12":"first","13":"instock","14":"sale","15":"shipping-taxable","16":"purchasable","17":"product-type-simple"},"_links":{"self":[{"href":"https:\/\/roveyayinevi.com.tr\/index.php\/wp-json\/wp\/v2\/product\/738858","targetHints":{"allow":["GET"]}}],"collection":[{"href":"https:\/\/roveyayinevi.com.tr\/index.php\/wp-json\/wp\/v2\/product"}],"about":[{"href":"https:\/\/roveyayinevi.com.tr\/index.php\/wp-json\/wp\/v2\/types\/product"}],"wp:attachment":[{"href":"https:\/\/roveyayinevi.com.tr\/index.php\/wp-json\/wp\/v2\/media?parent=738858"}],"wp:term":[{"taxonomy":"product_brand","embeddable":true,"href":"https:\/\/roveyayinevi.com.tr\/index.php\/wp-json\/wp\/v2\/product_brand?post=738858"},{"taxonomy":"product_cat","embeddable":true,"href":"https:\/\/roveyayinevi.com.tr\/index.php\/wp-json\/wp\/v2\/product_cat?post=738858"},{"taxonomy":"product_tag","embeddable":true,"href":"https:\/\/roveyayinevi.com.tr\/index.php\/wp-json\/wp\/v2\/product_tag?post=738858"}],"curies":[{"name":"wp","href":"https:\/\/api.w.org\/{rel}","templated":true}]}}