{"id":738853,"date":"2025-08-27T23:58:31","date_gmt":"2025-08-27T20:58:31","guid":{"rendered":"https:\/\/roveyayinevi.com.tr\/index.php\/urun\/cevre-egitimi-3\/"},"modified":"2026-04-16T02:48:58","modified_gmt":"2026-04-15T23:48:58","slug":"cevre-egitimi-3","status":"publish","type":"product","link":"https:\/\/roveyayinevi.com.tr\/index.php\/urun\/cevre-egitimi-3\/","title":{"rendered":"\u00c7evre E\u011fitimi"},"content":{"rendered":"<p>D\u00fcnya art\u0131k bir yok olu\u015fa gidiyor. Bir\u00e7ok \u00fclkede d\u00fczenlenen bilimsel toplant\u0131lar, imzalanan anla\u015fmalar, kamu spotlar\u0131, bu konuda akademik d\u00fczeyde yap\u0131lan giri\u015fimler ve yap\u0131lan bir\u00e7ok \u015fey bo\u015funa yap\u0131lm\u0131yor. D\u00fcnyay\u0131 berbat etti\u011fimizin resmi de\u011fil mi asl\u0131nda? K\u00fcreselle\u015fme asl\u0131nda \u00e7evresel so\u00acrunlar\u0131 da k\u00fcreselle\u015ftirerek; d\u00fcnyan\u0131n, t\u00fcm insanlar\u0131n ortak bir evi oldu\u011funu ger\u00e7e\u011fini bir kez daha g\u00f6sterdi bizlere.<\/p>\n","protected":false},"excerpt":{"rendered":"<p>D\u00fcnya art\u0131k bir yok olu\u015fa gidiyor. Bir\u00e7ok \u00fclkede d\u00fczenlenen bilimsel toplant\u0131lar, imzalanan anla\u015fmalar, kamu spotlar\u0131, bu konuda akademik d\u00fczeyde yap\u0131lan giri\u015fimler ve yap\u0131lan bir\u00e7ok \u015fey bo\u015funa<span class=\"excerpt-hellip\"> [\u2026]<\/span><\/p>\n","protected":false},"featured_media":0,"template":"","meta":{"_monsterinsights_skip_tracking":false,"_monsterinsights_sitenote_active":false,"_monsterinsights_sitenote_note":"","_monsterinsights_sitenote_category":0},"product_brand":[],"product_cat":[12567,12566],"product_tag":[],"class_list":{"0":"post-738853","1":"product","2":"type-product","3":"status-publish","5":"product_cat-diger-egitim","6":"product_cat-egitim","7":"pa_cilt-ciltsiz","8":"pa_tur-kitap","9":"pa_yayinevi-egiten-kitap","10":"pa_yazar-nazim-kasot","12":"first","13":"instock","14":"sale","15":"shipping-taxable","16":"purchasable","17":"product-type-simple"},"_links":{"self":[{"href":"https:\/\/roveyayinevi.com.tr\/index.php\/wp-json\/wp\/v2\/product\/738853","targetHints":{"allow":["GET"]}}],"collection":[{"href":"https:\/\/roveyayinevi.com.tr\/index.php\/wp-json\/wp\/v2\/product"}],"about":[{"href":"https:\/\/roveyayinevi.com.tr\/index.php\/wp-json\/wp\/v2\/types\/product"}],"wp:attachment":[{"href":"https:\/\/roveyayinevi.com.tr\/index.php\/wp-json\/wp\/v2\/media?parent=738853"}],"wp:term":[{"taxonomy":"product_brand","embeddable":true,"href":"https:\/\/roveyayinevi.com.tr\/index.php\/wp-json\/wp\/v2\/product_brand?post=738853"},{"taxonomy":"product_cat","embeddable":true,"href":"https:\/\/roveyayinevi.com.tr\/index.php\/wp-json\/wp\/v2\/product_cat?post=738853"},{"taxonomy":"product_tag","embeddable":true,"href":"https:\/\/roveyayinevi.com.tr\/index.php\/wp-json\/wp\/v2\/product_tag?post=738853"}],"curies":[{"name":"wp","href":"https:\/\/api.w.org\/{rel}","templated":true}]}}