{"id":738851,"date":"2025-08-27T23:58:30","date_gmt":"2025-08-27T20:58:30","guid":{"rendered":"https:\/\/roveyayinevi.com.tr\/index.php\/urun\/hurma-risalesi\/"},"modified":"2026-04-16T02:48:57","modified_gmt":"2026-04-15T23:48:57","slug":"hurma-risalesi","status":"publish","type":"product","link":"https:\/\/roveyayinevi.com.tr\/index.php\/urun\/hurma-risalesi\/","title":{"rendered":"Hurma Risalesi"},"content":{"rendered":"<p>Kem\u00e2l \u00d6zer Hurma Ris\u00e2lesi\u2019nde okuru sa\u011fl\u0131kl\u0131 beslenmeye, \u015fifa bulmaya, \u2018hurma\u2019 yemeye davet ediyor! Mucize meyve \u2018hurma\u2019y\u0131 A\u2019dan Z\u2019ye tan\u0131tan \u00d6zer, hurman\u0131n zengin i\u00e7eri\u011finden, \u0130slam dinindeki \u00f6neminden, i\u00e7inde \u015fifa deposu hurma meyvesinin yer ald\u0131\u011f\u0131 tariflerden, hangi zararl\u0131 besinlere alternatif oldu\u011fundan ve faydalar\u0131ndan bahsederek, hurman\u0131n \u00e7a\u011f\u0131m\u0131z\u0131n en bu\u0308yu\u0308k problemlerine \u201cAnti-diyabet, Anti-oksidan, Anti-kanser, Anti-mikrobiyal ve \u00dcreme destekleyici\u201d \u00f6zellikleriyle \u00e7are oldu\u011funu bildiriyor! \u201cBu \u00e7al\u0131\u015fmam\u0131zda hurman\u0131n besleyicili\u011fi ve haf\u0131zay\u0131 gu\u0308\u00e7lendirmesinin yan\u0131 s\u0131ra iktidars\u0131zl\u0131k, k\u0131s\u0131rl\u0131k, kanser, diyabet, u\u0308lser, yu\u0308ksek tansiyon, b\u00f6brek rahats\u0131zl\u0131klar\u0131 gibi hastal\u0131klara etkisi ele al\u0131n\u0131yor. Hurma hakk\u0131ndaki kelime zenginli\u011fi, hurma tu\u0308rlerinin isimleri, bebe\u011fin do\u011far do\u011fmaz hurma ile tahn\u00eek edilmesi, hurma ilk\u00e2h\u0131, gebelikle irtibat\u0131 gibi hususlar \u2018efr\u00e2d\u0131n\u0131 c\u00e2mi, a\u011fy\u00e2r\u0131n\u0131 m\u00e2ni\u2019 say\u0131labilecek bir \u015fekilde dercedilmeye \u00e7al\u0131\u015f\u0131ld\u0131. Bu husus \u00f6ylesine derya deniz ki, elbette daha fazlas\u0131 da gerektir.\u201d Kem\u00e2l \u00d6zer<\/p>\n","protected":false},"excerpt":{"rendered":"<p>Kem\u00e2l \u00d6zer Hurma Ris\u00e2lesi\u2019nde okuru sa\u011fl\u0131kl\u0131 beslenmeye, \u015fifa bulmaya, \u2018hurma\u2019 yemeye davet ediyor! Mucize meyve \u2018hurma\u2019y\u0131 A\u2019dan Z\u2019ye tan\u0131tan \u00d6zer, hurman\u0131n zengin i\u00e7eri\u011finden, \u0130slam dinindeki \u00f6neminden,<span class=\"excerpt-hellip\"> [\u2026]<\/span><\/p>\n","protected":false},"featured_media":0,"template":"","meta":{"_monsterinsights_skip_tracking":false,"_monsterinsights_sitenote_active":false,"_monsterinsights_sitenote_note":"","_monsterinsights_sitenote_category":0},"product_brand":[],"product_cat":[13402,13365],"product_tag":[],"class_list":{"0":"post-738851","1":"product","2":"type-product","3":"status-publish","5":"product_cat-beslenme-ve-diyet","6":"product_cat-saglik","7":"pa_cilt-ciltsiz","8":"pa_tur-kitap","9":"pa_yayinevi-ketebe-yayinlari","10":"pa_yazar-kemal-ozer","12":"first","13":"instock","14":"sale","15":"shipping-taxable","16":"purchasable","17":"product-type-simple"},"_links":{"self":[{"href":"https:\/\/roveyayinevi.com.tr\/index.php\/wp-json\/wp\/v2\/product\/738851","targetHints":{"allow":["GET"]}}],"collection":[{"href":"https:\/\/roveyayinevi.com.tr\/index.php\/wp-json\/wp\/v2\/product"}],"about":[{"href":"https:\/\/roveyayinevi.com.tr\/index.php\/wp-json\/wp\/v2\/types\/product"}],"wp:attachment":[{"href":"https:\/\/roveyayinevi.com.tr\/index.php\/wp-json\/wp\/v2\/media?parent=738851"}],"wp:term":[{"taxonomy":"product_brand","embeddable":true,"href":"https:\/\/roveyayinevi.com.tr\/index.php\/wp-json\/wp\/v2\/product_brand?post=738851"},{"taxonomy":"product_cat","embeddable":true,"href":"https:\/\/roveyayinevi.com.tr\/index.php\/wp-json\/wp\/v2\/product_cat?post=738851"},{"taxonomy":"product_tag","embeddable":true,"href":"https:\/\/roveyayinevi.com.tr\/index.php\/wp-json\/wp\/v2\/product_tag?post=738851"}],"curies":[{"name":"wp","href":"https:\/\/api.w.org\/{rel}","templated":true}]}}