{"id":738850,"date":"2025-08-27T23:58:29","date_gmt":"2025-08-27T20:58:29","guid":{"rendered":"https:\/\/roveyayinevi.com.tr\/index.php\/urun\/arastirmaci-ogretmen-egitimi-modeli-aoem\/"},"modified":"2026-04-16T02:48:57","modified_gmt":"2026-04-15T23:48:57","slug":"arastirmaci-ogretmen-egitimi-modeli-aoem","status":"publish","type":"product","link":"https:\/\/roveyayinevi.com.tr\/index.php\/urun\/arastirmaci-ogretmen-egitimi-modeli-aoem\/","title":{"rendered":"Ara\u015ft\u0131rmac\u0131 \u00d6\u011fretmen E\u011fitimi Modeli (A\u00d6EM)"},"content":{"rendered":"<p>\u00d6nerilen \u201cara\u015ft\u0131rmac\u0131 \u00f6\u011fretmen\u201d e\u011fitimi modeli [A\u00d6EM]\u201dnin vizyonu \u201cSorgulayan ve ara\u015ft\u0131ran toplum i\u00e7in ara\u015ft\u0131rmac\u0131 \u00f6\u011fretmen\u201d dir. Toplumdaki bireylere bilgi toplumu olman\u0131n bir gere\u011fi olarak sorgulayan d\u00fc\u015f\u00fcnce yap\u0131s\u0131 ve sorgulama becerisi, ara\u015ft\u0131rmac\u0131 bak\u0131\u015f a\u00e7\u0131s\u0131 ve ara\u015ft\u0131rma becerisinin y\u0131llarca devam etti\u011fi e\u011fitim kurumlar\u0131 ve e\u011fitim kurumlar\u0131ndaki \u00f6\u011fretmenler arac\u0131l\u0131\u011f\u0131yla kazand\u0131r\u0131lm\u0131\u015f olmas\u0131 gerekmektedir. Aksi takdirde bireyin hem e\u011fitim kurumlar\u0131ndaki y\u0131llar\u0131n\u0131n bo\u015fa ge\u00e7mesi hem de bilgi toplumunu gere\u011fi olan sorgulama ve ara\u015ft\u0131rma becerisini kazanabilmek i\u00e7in e\u011fitimden etkili bir bi\u00e7imde yararlanamamas\u0131 demektir ki bu birey ve toplum i\u00e7in \u00e7ok b\u00fcy\u00fck kay\u0131pt\u0131r. Bireyde \u201csorgulama\u201d ve \u201cara\u015ft\u0131rma\u201dn\u0131n bir beceri haline getirilerek bireyin, dolay\u0131s\u0131yla toplumun s\u00fcrekli sorgulamay\u0131 ve ara\u015ft\u0131rmay\u0131 ger\u00e7ekle\u015ftirebilmesi ancak \u201cara\u015ft\u0131rmac\u0131 \u00f6\u011fretmen\u201din yeti\u015ftirilmesiyle m\u00fcmk\u00fcn olabilecektir. \u00d6nerilen \u201cara\u015ft\u0131rmac\u0131 \u00f6\u011fretmen\u201d e\u011fitimi modeli [A\u00d6EM]\u201dyle bunun ger\u00e7ekle\u015ftirilmesi m\u00fcmk\u00fcnd\u00fcr.<\/p>\n","protected":false},"excerpt":{"rendered":"<p>\u00d6nerilen \u201cara\u015ft\u0131rmac\u0131 \u00f6\u011fretmen\u201d e\u011fitimi modeli [A\u00d6EM]\u201dnin vizyonu \u201cSorgulayan ve ara\u015ft\u0131ran toplum i\u00e7in ara\u015ft\u0131rmac\u0131 \u00f6\u011fretmen\u201d dir. Toplumdaki bireylere bilgi toplumu olman\u0131n bir gere\u011fi olarak sorgulayan d\u00fc\u015f\u00fcnce yap\u0131s\u0131<span class=\"excerpt-hellip\"> [\u2026]<\/span><\/p>\n","protected":false},"featured_media":0,"template":"","meta":{"_monsterinsights_skip_tracking":false,"_monsterinsights_sitenote_active":false,"_monsterinsights_sitenote_note":"","_monsterinsights_sitenote_category":0},"product_brand":[],"product_cat":[12573,12566],"product_tag":[],"class_list":{"0":"post-738850","1":"product","2":"type-product","3":"status-publish","5":"product_cat-akademik-kitaplar","6":"product_cat-egitim","7":"pa_cilt-ciltsiz","8":"pa_tur-kitap","9":"pa_yayinevi-egiten-kitap","10":"pa_yazar-ali-riza-erdem","12":"first","13":"instock","14":"sale","15":"shipping-taxable","16":"purchasable","17":"product-type-simple"},"_links":{"self":[{"href":"https:\/\/roveyayinevi.com.tr\/index.php\/wp-json\/wp\/v2\/product\/738850","targetHints":{"allow":["GET"]}}],"collection":[{"href":"https:\/\/roveyayinevi.com.tr\/index.php\/wp-json\/wp\/v2\/product"}],"about":[{"href":"https:\/\/roveyayinevi.com.tr\/index.php\/wp-json\/wp\/v2\/types\/product"}],"wp:attachment":[{"href":"https:\/\/roveyayinevi.com.tr\/index.php\/wp-json\/wp\/v2\/media?parent=738850"}],"wp:term":[{"taxonomy":"product_brand","embeddable":true,"href":"https:\/\/roveyayinevi.com.tr\/index.php\/wp-json\/wp\/v2\/product_brand?post=738850"},{"taxonomy":"product_cat","embeddable":true,"href":"https:\/\/roveyayinevi.com.tr\/index.php\/wp-json\/wp\/v2\/product_cat?post=738850"},{"taxonomy":"product_tag","embeddable":true,"href":"https:\/\/roveyayinevi.com.tr\/index.php\/wp-json\/wp\/v2\/product_tag?post=738850"}],"curies":[{"name":"wp","href":"https:\/\/api.w.org\/{rel}","templated":true}]}}