{"id":738845,"date":"2025-08-27T23:58:25","date_gmt":"2025-08-27T20:58:25","guid":{"rendered":"https:\/\/roveyayinevi.com.tr\/index.php\/urun\/egitim-bilimine-giris-8\/"},"modified":"2026-04-16T02:48:57","modified_gmt":"2026-04-15T23:48:57","slug":"egitim-bilimine-giris-8","status":"publish","type":"product","link":"https:\/\/roveyayinevi.com.tr\/index.php\/urun\/egitim-bilimine-giris-8\/","title":{"rendered":"E\u011fitim Bilimine Giri\u015f"},"content":{"rendered":"<p>Arka Kapak Yaz\u0131s\u0131 (Tan\u0131t\u0131m B\u00fclteninden) E\u011fitim sistemi bir \u00fclkenin en \u00f6nemli kurumsal yap\u0131s\u0131d\u0131r. E\u011fer e\u011fitim sistemine gereken \u00f6nem verilirse o \u00fclkeden nitelikli \u00f6\u011fretmenler, nitelikli doktorlar, nitelikli avukatlar, k\u0131sacas\u0131 nitelikli insanlar yeti\u015fir. Nitelikli yeti\u015fen insan top\u00acluluklar\u0131 ise \u00fclkelerinin kalk\u0131nmas\u0131nda ve mutlulu\u011funda b\u00fcy\u00fck \u00f6neme sahiptirler. Ayr\u0131ca nitelikli e\u011fitim g\u00f6rm\u00fc\u015f bireylerin fazla oldu\u011fu toplumlar\u0131n daha fazla evrensel de\u011ferleri benimsemi\u015f olmalar\u0131 beklenir. \u0130nsanca ya\u015fan\u0131l\u0131r bir d\u00fcnya, payla\u015f\u0131mc\u0131 bir d\u00fcnya, sava\u015fs\u0131z bir d\u00fcnya, \u00fcretken bir d\u00fcnya yaratabilmek bu evrensel de\u011ferlere sahip bireyler yeti\u015ftirebilen e\u011fitim sistemleriyle m\u00fcmk\u00fcn olabilir ancak.<\/p>\n","protected":false},"excerpt":{"rendered":"<p>Arka Kapak Yaz\u0131s\u0131 (Tan\u0131t\u0131m B\u00fclteninden) E\u011fitim sistemi bir \u00fclkenin en \u00f6nemli kurumsal yap\u0131s\u0131d\u0131r. E\u011fer e\u011fitim sistemine gereken \u00f6nem verilirse o \u00fclkeden nitelikli \u00f6\u011fretmenler, nitelikli doktorlar, nitelikli<span class=\"excerpt-hellip\"> [\u2026]<\/span><\/p>\n","protected":false},"featured_media":0,"template":"","meta":{"_monsterinsights_skip_tracking":false,"_monsterinsights_sitenote_active":false,"_monsterinsights_sitenote_note":"","_monsterinsights_sitenote_category":0},"product_brand":[],"product_cat":[12573,12566],"product_tag":[],"class_list":{"0":"post-738845","1":"product","2":"type-product","3":"status-publish","5":"product_cat-akademik-kitaplar","6":"product_cat-egitim","7":"pa_cilt-ciltsiz","8":"pa_tur-kitap","9":"pa_yayinevi-egiten-kitap","10":"pa_yazar-kolektif","12":"first","13":"instock","14":"sale","15":"shipping-taxable","16":"purchasable","17":"product-type-simple"},"_links":{"self":[{"href":"https:\/\/roveyayinevi.com.tr\/index.php\/wp-json\/wp\/v2\/product\/738845","targetHints":{"allow":["GET"]}}],"collection":[{"href":"https:\/\/roveyayinevi.com.tr\/index.php\/wp-json\/wp\/v2\/product"}],"about":[{"href":"https:\/\/roveyayinevi.com.tr\/index.php\/wp-json\/wp\/v2\/types\/product"}],"wp:attachment":[{"href":"https:\/\/roveyayinevi.com.tr\/index.php\/wp-json\/wp\/v2\/media?parent=738845"}],"wp:term":[{"taxonomy":"product_brand","embeddable":true,"href":"https:\/\/roveyayinevi.com.tr\/index.php\/wp-json\/wp\/v2\/product_brand?post=738845"},{"taxonomy":"product_cat","embeddable":true,"href":"https:\/\/roveyayinevi.com.tr\/index.php\/wp-json\/wp\/v2\/product_cat?post=738845"},{"taxonomy":"product_tag","embeddable":true,"href":"https:\/\/roveyayinevi.com.tr\/index.php\/wp-json\/wp\/v2\/product_tag?post=738845"}],"curies":[{"name":"wp","href":"https:\/\/api.w.org\/{rel}","templated":true}]}}