{"id":738844,"date":"2025-08-27T23:58:23","date_gmt":"2025-08-27T20:58:23","guid":{"rendered":"https:\/\/roveyayinevi.com.tr\/index.php\/urun\/deli-kadin-hikayeleri\/"},"modified":"2026-04-08T02:56:54","modified_gmt":"2026-04-07T23:56:54","slug":"deli-kadin-hikayeleri","status":"publish","type":"product","link":"https:\/\/roveyayinevi.com.tr\/index.php\/urun\/deli-kadin-hikayeleri\/","title":{"rendered":"Deli Kad\u0131n Hikayeleri"},"content":{"rendered":"<p>Size kad\u0131nl\u0131kla lanetlenmi\u015f bir varolu\u015f hezeyan\u0131 anlataca\u011f\u0131m. Sizi sa\u00e7lar\u0131n\u0131n ve ayaklar\u0131n\u0131n ucu aras\u0131nda olup biten \u015feylerden ibaret, do\u011furmaya mahk\u00fbm, \u00e7ocuklar\u0131n\u0131 kaybetmekle m\u00fch\u00fcrl\u00fc, yaln\u0131z, yapayaln\u0131z bir kalabal\u0131kta dola\u015ft\u0131raca\u011f\u0131m. \u0130\u00e7lerine a\u00e7\u0131lan kap\u0131lar\u0131n arkas\u0131na saklanm\u0131\u015f kad\u0131nlar\u0131n delirerek bedenlerinden d\u0131\u015far\u0131 a\u00e7t\u0131klar\u0131 pencerelerden bakaca\u011f\u0131m. O pencerelerden tekrar ve tekrar ve tekrar kendimi a\u015fa\u011f\u0131 ataca\u011f\u0131m.   O pencerelerden tekrar ve tekrar ve tekrar kendimi a\u015fa\u011f\u0131 ataca\u011f\u0131m. Mine S\u00f6\u011f\u00fct unutulmaz \u00f6yk\u00fc derlemesi Deli Kad\u0131n Hik\u00e2yeleri\u2019nde toplumun bask\u0131lad\u0131\u011f\u0131, kurumlar\u0131n k\u0131s\u0131tlad\u0131\u011f\u0131, kurallar\u0131n heba etti\u011fi, farkl\u0131 oldu\u011fu i\u00e7in d\u0131\u015flanan, yok edilen; g\u00fc\u00e7s\u00fczl\u00fc\u011fe, delirmeye, cinnete terk edilen kad\u0131nlar\u0131 anlat\u0131yor. \u0130lk bask\u0131s\u0131 2011\u2019de yap\u0131lan bu 21 delilik hik\u00e2yesi g\u00fcncelli\u011finden ve g\u00fcc\u00fcnden hi\u00e7bir \u015fey kaybetmeksizin okurlar\u0131n derinlerine n\u00fcfuz etmeyi s\u00fcrd\u00fcr\u00fcyor. <\/p>\n","protected":false},"excerpt":{"rendered":"<p>Size kad\u0131nl\u0131kla lanetlenmi\u015f bir varolu\u015f hezeyan\u0131 anlataca\u011f\u0131m. Sizi sa\u00e7lar\u0131n\u0131n ve ayaklar\u0131n\u0131n ucu aras\u0131nda olup biten \u015feylerden ibaret, do\u011furmaya mahk\u00fbm, \u00e7ocuklar\u0131n\u0131 kaybetmekle m\u00fch\u00fcrl\u00fc, yaln\u0131z, yapayaln\u0131z bir kalabal\u0131kta<span class=\"excerpt-hellip\"> [\u2026]<\/span><\/p>\n","protected":false},"featured_media":0,"template":"","meta":{"_monsterinsights_skip_tracking":false,"_monsterinsights_sitenote_active":false,"_monsterinsights_sitenote_note":"","_monsterinsights_sitenote_category":0},"product_brand":[],"product_cat":[12291,12711],"product_tag":[],"class_list":{"0":"post-738844","1":"product","2":"type-product","3":"status-publish","5":"product_cat-edebiyat","6":"product_cat-roman-oyku","7":"pa_cilt-ciltsiz","8":"pa_tur-kitap","9":"pa_yayinevi-can-yayinlari","10":"pa_yazar-mine-sogut","12":"first","13":"instock","14":"sale","15":"shipping-taxable","16":"purchasable","17":"product-type-simple"},"_links":{"self":[{"href":"https:\/\/roveyayinevi.com.tr\/index.php\/wp-json\/wp\/v2\/product\/738844","targetHints":{"allow":["GET"]}}],"collection":[{"href":"https:\/\/roveyayinevi.com.tr\/index.php\/wp-json\/wp\/v2\/product"}],"about":[{"href":"https:\/\/roveyayinevi.com.tr\/index.php\/wp-json\/wp\/v2\/types\/product"}],"wp:attachment":[{"href":"https:\/\/roveyayinevi.com.tr\/index.php\/wp-json\/wp\/v2\/media?parent=738844"}],"wp:term":[{"taxonomy":"product_brand","embeddable":true,"href":"https:\/\/roveyayinevi.com.tr\/index.php\/wp-json\/wp\/v2\/product_brand?post=738844"},{"taxonomy":"product_cat","embeddable":true,"href":"https:\/\/roveyayinevi.com.tr\/index.php\/wp-json\/wp\/v2\/product_cat?post=738844"},{"taxonomy":"product_tag","embeddable":true,"href":"https:\/\/roveyayinevi.com.tr\/index.php\/wp-json\/wp\/v2\/product_tag?post=738844"}],"curies":[{"name":"wp","href":"https:\/\/api.w.org\/{rel}","templated":true}]}}