{"id":738842,"date":"2025-08-27T23:58:21","date_gmt":"2025-08-27T20:58:21","guid":{"rendered":"https:\/\/roveyayinevi.com.tr\/index.php\/urun\/carlin-kitabi-olum-senden-bir-sey-aldiginda-onu-geri-ver\/"},"modified":"2025-09-15T14:08:31","modified_gmt":"2025-09-15T11:08:31","slug":"carlin-kitabi-olum-senden-bir-sey-aldiginda-onu-geri-ver","status":"publish","type":"product","link":"https:\/\/roveyayinevi.com.tr\/index.php\/urun\/carlin-kitabi-olum-senden-bir-sey-aldiginda-onu-geri-ver\/","title":{"rendered":"Carl\u2019\u0131n Kitab\u0131 \u00d6l\u00fcm Senden  Bir \u015eey Ald\u0131\u011f\u0131nda  Onu Geri Ver"},"content":{"rendered":"<p>Carl\u2019\u0131n Kitab\u0131, bir \u015fairin ya\u015fad\u0131\u011f\u0131 \u00e7ok derin bir \u00f6l\u00fcm ac\u0131s\u0131yla ba\u015flayan sorgulamalar\u0131n\u0131, benzer duygular\u0131 dile getirmi\u015f ba\u015fka \u015fair ve yazarlar\u0131n eserleriyle harmanlad\u0131\u011f\u0131 modern bir a\u011f\u0131t. Danimarkal\u0131 \u015fair Naja Marie Aidt, o\u011flunu kaybetmesiyle ba\u015flayan iki y\u0131ll\u0131k bir zaman dilimini sat\u0131rlara d\u00f6kerken ya\u015fam ve \u00f6l\u00fcm \u00fczerine d\u00fc\u015f\u00fcn\u00fcyor, \u00f6l\u00fcm\u00fcn geriye b\u0131rakt\u0131\u011f\u0131 bo\u015flu\u011fu tan\u0131mlamaya, kalanlardan g\u00f6t\u00fcrd\u00fcklerini anlamland\u0131rmaya \u00e7abal\u0131yor. Kitab\u0131n ilk bak\u0131\u015fta kavranmas\u0131 zor altba\u015fl\u0131\u011f\u0131 da, ki\u015finin kendini yokluktan \u00e7ekip \u00e7\u0131karmaya \u00e7al\u0131\u015ft\u0131\u011f\u0131 bu b\u00fcy\u00fck yas yolculu\u011fu, ba\u015f\u0131ndan sonuna takip edildi\u011finde anlam kazan\u0131yor: \u00d6l\u00fcm senden bir \u015fey ald\u0131\u011f\u0131nda onu geri ver! <\/p>\n","protected":false},"excerpt":{"rendered":"<p>Carl\u2019\u0131n Kitab\u0131, bir \u015fairin ya\u015fad\u0131\u011f\u0131 \u00e7ok derin bir \u00f6l\u00fcm ac\u0131s\u0131yla ba\u015flayan sorgulamalar\u0131n\u0131, benzer duygular\u0131 dile getirmi\u015f ba\u015fka \u015fair ve yazarlar\u0131n eserleriyle harmanlad\u0131\u011f\u0131 modern bir a\u011f\u0131t. Danimarkal\u0131<span class=\"excerpt-hellip\"> [\u2026]<\/span><\/p>\n","protected":false},"featured_media":0,"template":"","meta":{"_monsterinsights_skip_tracking":false,"_monsterinsights_sitenote_active":false,"_monsterinsights_sitenote_note":"","_monsterinsights_sitenote_category":0},"product_brand":[],"product_cat":[18545,12291],"product_tag":[],"class_list":{"0":"post-738842","1":"product","2":"type-product","3":"status-publish","5":"product_cat-anlati","6":"product_cat-edebiyat","7":"pa_cilt-ciltsiz","8":"pa_tur-kitap","9":"pa_yayinevi-everest-yayinlari","10":"pa_yazar-naja-marie-aidt","12":"first","13":"instock","14":"sale","15":"shipping-taxable","16":"purchasable","17":"product-type-simple"},"_links":{"self":[{"href":"https:\/\/roveyayinevi.com.tr\/index.php\/wp-json\/wp\/v2\/product\/738842","targetHints":{"allow":["GET"]}}],"collection":[{"href":"https:\/\/roveyayinevi.com.tr\/index.php\/wp-json\/wp\/v2\/product"}],"about":[{"href":"https:\/\/roveyayinevi.com.tr\/index.php\/wp-json\/wp\/v2\/types\/product"}],"wp:attachment":[{"href":"https:\/\/roveyayinevi.com.tr\/index.php\/wp-json\/wp\/v2\/media?parent=738842"}],"wp:term":[{"taxonomy":"product_brand","embeddable":true,"href":"https:\/\/roveyayinevi.com.tr\/index.php\/wp-json\/wp\/v2\/product_brand?post=738842"},{"taxonomy":"product_cat","embeddable":true,"href":"https:\/\/roveyayinevi.com.tr\/index.php\/wp-json\/wp\/v2\/product_cat?post=738842"},{"taxonomy":"product_tag","embeddable":true,"href":"https:\/\/roveyayinevi.com.tr\/index.php\/wp-json\/wp\/v2\/product_tag?post=738842"}],"curies":[{"name":"wp","href":"https:\/\/api.w.org\/{rel}","templated":true}]}}