{"id":738841,"date":"2025-08-27T23:58:19","date_gmt":"2025-08-27T20:58:19","guid":{"rendered":"https:\/\/roveyayinevi.com.tr\/index.php\/urun\/golun-sirri\/"},"modified":"2026-04-16T02:48:57","modified_gmt":"2026-04-15T23:48:57","slug":"golun-sirri","status":"publish","type":"product","link":"https:\/\/roveyayinevi.com.tr\/index.php\/urun\/golun-sirri\/","title":{"rendered":"G\u00f6l\u00fcn S\u0131rr\u0131"},"content":{"rendered":"<p>Brandenburg\u2019da bir g\u00f6l k\u0131y\u0131s\u0131nda gen\u00e7 bir mimar hayallerinin evini in\u015fa eder. Ne var ki ev bireysel felaketler, siyasal \u00e7alkant\u0131lar ve ideolojik d\u00f6n\u00fc\u015f\u00fcmlerle g\u00f6lgelenen \u015fiddet dolu, karanl\u0131k bir tarihe sahne olur: Yahudi kom\u015fular birer birer ortadan kaybolurken elden \u00e7\u0131kar\u0131l\u0131r, ard\u0131ndan K\u0131z\u0131l Ordu el koyar, gen\u00e7 bir adam \u00f6zg\u00fcr Bat\u0131\u2019ya y\u00fczerek buradan ka\u00e7ar.   Jenny Erpenbeck, G\u00f6l\u00fcn S\u0131rr\u0131\u2019nda sava\u015f\u0131n trajedisinden toplama kamplar\u0131n\u0131n deh\u015fetine, dikta rejimlerinin yol a\u00e7t\u0131\u011f\u0131 s\u00fcrg\u00fcnlere uzanan 20. y\u00fczy\u0131l tarihini bir ev kurgusu \u00fczerinden \u00f6yk\u00fcl\u00fcyor. Tarihin hayaletlerini b\u0131rakt\u0131\u011f\u0131 ve vatan, toprak, aidiyet gibi kurucu kavramlar\u0131n musallat oldu\u011fu bir ev bu: Sakinleri i\u00e7in yuva olmaktan \u00e7\u0131kan, zorla al\u0131nan, terk edilmeye mahk\u00fbm bir ev. Bir 20. y\u00fczy\u0131l in\u015fas\u0131. <\/p>\n","protected":false},"excerpt":{"rendered":"<p>Brandenburg\u2019da bir g\u00f6l k\u0131y\u0131s\u0131nda gen\u00e7 bir mimar hayallerinin evini in\u015fa eder. Ne var ki ev bireysel felaketler, siyasal \u00e7alkant\u0131lar ve ideolojik d\u00f6n\u00fc\u015f\u00fcmlerle g\u00f6lgelenen \u015fiddet dolu, karanl\u0131k<span class=\"excerpt-hellip\"> [\u2026]<\/span><\/p>\n","protected":false},"featured_media":0,"template":"","meta":{"_monsterinsights_skip_tracking":false,"_monsterinsights_sitenote_active":false,"_monsterinsights_sitenote_note":"","_monsterinsights_sitenote_category":0},"product_brand":[],"product_cat":[12291,12711],"product_tag":[],"class_list":{"0":"post-738841","1":"product","2":"type-product","3":"status-publish","5":"product_cat-edebiyat","6":"product_cat-roman-oyku","7":"pa_cilt-ciltsiz","8":"pa_tur-kitap","9":"pa_yayinevi-can-yayinlari","10":"pa_yazar-jenny-erpenbeck","12":"first","13":"instock","14":"sale","15":"shipping-taxable","16":"purchasable","17":"product-type-simple"},"_links":{"self":[{"href":"https:\/\/roveyayinevi.com.tr\/index.php\/wp-json\/wp\/v2\/product\/738841","targetHints":{"allow":["GET"]}}],"collection":[{"href":"https:\/\/roveyayinevi.com.tr\/index.php\/wp-json\/wp\/v2\/product"}],"about":[{"href":"https:\/\/roveyayinevi.com.tr\/index.php\/wp-json\/wp\/v2\/types\/product"}],"wp:attachment":[{"href":"https:\/\/roveyayinevi.com.tr\/index.php\/wp-json\/wp\/v2\/media?parent=738841"}],"wp:term":[{"taxonomy":"product_brand","embeddable":true,"href":"https:\/\/roveyayinevi.com.tr\/index.php\/wp-json\/wp\/v2\/product_brand?post=738841"},{"taxonomy":"product_cat","embeddable":true,"href":"https:\/\/roveyayinevi.com.tr\/index.php\/wp-json\/wp\/v2\/product_cat?post=738841"},{"taxonomy":"product_tag","embeddable":true,"href":"https:\/\/roveyayinevi.com.tr\/index.php\/wp-json\/wp\/v2\/product_tag?post=738841"}],"curies":[{"name":"wp","href":"https:\/\/api.w.org\/{rel}","templated":true}]}}