{"id":738840,"date":"2025-08-27T23:58:18","date_gmt":"2025-08-27T20:58:18","guid":{"rendered":"https:\/\/roveyayinevi.com.tr\/index.php\/urun\/turkce-egitiminde-bir-cinar-cahit-kavcar\/"},"modified":"2026-04-16T02:48:57","modified_gmt":"2026-04-15T23:48:57","slug":"turkce-egitiminde-bir-cinar-cahit-kavcar","status":"publish","type":"product","link":"https:\/\/roveyayinevi.com.tr\/index.php\/urun\/turkce-egitiminde-bir-cinar-cahit-kavcar\/","title":{"rendered":"T\u00fcrk\u00e7e E\u011fitiminde Bir \u00c7\u0131nar: Cahit Kavcar"},"content":{"rendered":"<p>Olanaks\u0131zl\u0131klar i\u00e7inde, bir k\u00f6yde yeti\u015fen inan\u00e7l\u0131 bir \u00e7ocu\u011fun, Ayd\u0131n Ortaklar \u00d6\u011fretmen Okulunu kazanarak oradan profes\u00f6rl\u00fc\u011fe uzanan \u00f6yk\u00fcs\u00fc; yaln\u0131zca \u00f6\u011fretmenlik mesle\u011fine g\u00f6n\u00fcl verenlerce de\u011fil i\u015fini a\u015fkla yapan herkesin ilgisini \u00e7ekecektir.Bu kitapta ilmek ilmek i\u015flenmi\u015f onurlu bir ya\u015fam bulacaks\u0131n\u0131z.<\/p>\n","protected":false},"excerpt":{"rendered":"<p>Olanaks\u0131zl\u0131klar i\u00e7inde, bir k\u00f6yde yeti\u015fen inan\u00e7l\u0131 bir \u00e7ocu\u011fun, Ayd\u0131n Ortaklar \u00d6\u011fretmen Okulunu kazanarak oradan profes\u00f6rl\u00fc\u011fe uzanan \u00f6yk\u00fcs\u00fc; yaln\u0131zca \u00f6\u011fretmenlik mesle\u011fine g\u00f6n\u00fcl verenlerce de\u011fil i\u015fini a\u015fkla yapan<span class=\"excerpt-hellip\"> [\u2026]<\/span><\/p>\n","protected":false},"featured_media":0,"template":"","meta":{"_monsterinsights_skip_tracking":false,"_monsterinsights_sitenote_active":false,"_monsterinsights_sitenote_note":"","_monsterinsights_sitenote_category":0},"product_brand":[],"product_cat":[14009,12291],"product_tag":[],"class_list":{"0":"post-738840","1":"product","2":"type-product","3":"status-publish","5":"product_cat-biyografi-otobiyografi-edebiyat","6":"product_cat-edebiyat","7":"pa_cilt-ciltsiz","8":"pa_tur-kitap","9":"pa_yayinevi-egiten-kitap","10":"pa_yazar-merve-yilmaz","12":"first","13":"instock","14":"sale","15":"shipping-taxable","16":"purchasable","17":"product-type-simple"},"_links":{"self":[{"href":"https:\/\/roveyayinevi.com.tr\/index.php\/wp-json\/wp\/v2\/product\/738840","targetHints":{"allow":["GET"]}}],"collection":[{"href":"https:\/\/roveyayinevi.com.tr\/index.php\/wp-json\/wp\/v2\/product"}],"about":[{"href":"https:\/\/roveyayinevi.com.tr\/index.php\/wp-json\/wp\/v2\/types\/product"}],"wp:attachment":[{"href":"https:\/\/roveyayinevi.com.tr\/index.php\/wp-json\/wp\/v2\/media?parent=738840"}],"wp:term":[{"taxonomy":"product_brand","embeddable":true,"href":"https:\/\/roveyayinevi.com.tr\/index.php\/wp-json\/wp\/v2\/product_brand?post=738840"},{"taxonomy":"product_cat","embeddable":true,"href":"https:\/\/roveyayinevi.com.tr\/index.php\/wp-json\/wp\/v2\/product_cat?post=738840"},{"taxonomy":"product_tag","embeddable":true,"href":"https:\/\/roveyayinevi.com.tr\/index.php\/wp-json\/wp\/v2\/product_tag?post=738840"}],"curies":[{"name":"wp","href":"https:\/\/api.w.org\/{rel}","templated":true}]}}