{"id":738837,"date":"2025-08-27T23:58:14","date_gmt":"2025-08-27T20:58:14","guid":{"rendered":"https:\/\/roveyayinevi.com.tr\/index.php\/urun\/ayi-ve-kurt-ciltli\/"},"modified":"2026-04-16T02:48:57","modified_gmt":"2026-04-15T23:48:57","slug":"ayi-ve-kurt-ciltli","status":"publish","type":"product","link":"https:\/\/roveyayinevi.com.tr\/index.php\/urun\/ayi-ve-kurt-ciltli\/","title":{"rendered":"Ay\u0131 ve Kurt (Ciltli)"},"content":{"rendered":"<p>Ay\u0131 ve kurt, karl\u0131 bir gece vakti orman\u0131n derinliklerinde kar\u015f\u0131la\u015ft\u0131lar. Birlikte, p\u0131r\u0131l p\u0131r\u0131l beyazl\u0131\u011f\u0131n i\u00e7inde bir yolculu\u011fa \u00e7\u0131kt\u0131lar. Nefes kesen do\u011fan\u0131n mucizelerine tan\u0131kl\u0131k ettiler.   Arkada\u015fl\u0131k kavram\u0131na dikkat \u00e7eken Ay\u0131 ve Kurt, \u00e7ocuklar\u0131 do\u011fan\u0131n uyan\u0131\u015f\u0131na ve bahar\u0131n geli\u015fine tan\u0131k ediyor.   <\/p>\n","protected":false},"excerpt":{"rendered":"<p>Ay\u0131 ve kurt, karl\u0131 bir gece vakti orman\u0131n derinliklerinde kar\u015f\u0131la\u015ft\u0131lar. Birlikte, p\u0131r\u0131l p\u0131r\u0131l beyazl\u0131\u011f\u0131n i\u00e7inde bir yolculu\u011fa \u00e7\u0131kt\u0131lar. Nefes kesen do\u011fan\u0131n mucizelerine tan\u0131kl\u0131k ettiler. Arkada\u015fl\u0131k kavram\u0131na<span class=\"excerpt-hellip\"> [\u2026]<\/span><\/p>\n","protected":false},"featured_media":0,"template":"","meta":{"_monsterinsights_skip_tracking":false,"_monsterinsights_sitenote_active":false,"_monsterinsights_sitenote_note":"","_monsterinsights_sitenote_category":0},"product_brand":[],"product_cat":[12274,12284],"product_tag":[],"class_list":{"0":"post-738837","1":"product","2":"type-product","3":"status-publish","5":"product_cat-cocuk-ve-genclik-kitaplari","6":"product_cat-hikayeler","7":"pa_cilt-ciltli","8":"pa_tur-kitap","9":"pa_yayinevi-ketebe-yayinlari","10":"pa_yazar-daniel-salmieri","12":"first","13":"instock","14":"sale","15":"shipping-taxable","16":"purchasable","17":"product-type-simple"},"_links":{"self":[{"href":"https:\/\/roveyayinevi.com.tr\/index.php\/wp-json\/wp\/v2\/product\/738837","targetHints":{"allow":["GET"]}}],"collection":[{"href":"https:\/\/roveyayinevi.com.tr\/index.php\/wp-json\/wp\/v2\/product"}],"about":[{"href":"https:\/\/roveyayinevi.com.tr\/index.php\/wp-json\/wp\/v2\/types\/product"}],"wp:attachment":[{"href":"https:\/\/roveyayinevi.com.tr\/index.php\/wp-json\/wp\/v2\/media?parent=738837"}],"wp:term":[{"taxonomy":"product_brand","embeddable":true,"href":"https:\/\/roveyayinevi.com.tr\/index.php\/wp-json\/wp\/v2\/product_brand?post=738837"},{"taxonomy":"product_cat","embeddable":true,"href":"https:\/\/roveyayinevi.com.tr\/index.php\/wp-json\/wp\/v2\/product_cat?post=738837"},{"taxonomy":"product_tag","embeddable":true,"href":"https:\/\/roveyayinevi.com.tr\/index.php\/wp-json\/wp\/v2\/product_tag?post=738837"}],"curies":[{"name":"wp","href":"https:\/\/api.w.org\/{rel}","templated":true}]}}