{"id":738834,"date":"2025-08-27T23:58:11","date_gmt":"2025-08-27T20:58:11","guid":{"rendered":"https:\/\/roveyayinevi.com.tr\/index.php\/urun\/cocuklarin-ruyalari-ciltli\/"},"modified":"2025-11-07T07:43:39","modified_gmt":"2025-11-07T04:43:39","slug":"cocuklarin-ruyalari-ciltli","status":"publish","type":"product","link":"https:\/\/roveyayinevi.com.tr\/index.php\/urun\/cocuklarin-ruyalari-ciltli\/","title":{"rendered":"\u00c7ocuklar\u0131n R\u00fcyalar\u0131 (Ciltli)"},"content":{"rendered":"<p>D\u00fcnya \u00e7ocuklar\u0131n\u0131n hayallerine muhte\u015fem renkleri ve \u015fiirleriyle e\u015flik eden Sonja Danowski; bizlere hayal g\u00fcc\u00fcn\u00fc harekete ge\u00e7iren, sakin ve derin bir resimli kitap sunuyor.   Peki ya sen? Sen bu gece r\u00fcyanda ne g\u00f6receksin?   <\/p>\n","protected":false},"excerpt":{"rendered":"<p>D\u00fcnya \u00e7ocuklar\u0131n\u0131n hayallerine muhte\u015fem renkleri ve \u015fiirleriyle e\u015flik eden Sonja Danowski; bizlere hayal g\u00fcc\u00fcn\u00fc harekete ge\u00e7iren, sakin ve derin bir resimli kitap sunuyor. Peki ya sen?<span class=\"excerpt-hellip\"> [\u2026]<\/span><\/p>\n","protected":false},"featured_media":0,"template":"","meta":{"_monsterinsights_skip_tracking":false,"_monsterinsights_sitenote_active":false,"_monsterinsights_sitenote_note":"","_monsterinsights_sitenote_category":0},"product_brand":[],"product_cat":[12274,12284],"product_tag":[],"class_list":{"0":"post-738834","1":"product","2":"type-product","3":"status-publish","5":"product_cat-cocuk-ve-genclik-kitaplari","6":"product_cat-hikayeler","7":"pa_cilt-ciltli","8":"pa_tur-kitap","9":"pa_yayinevi-ketebe-yayinlari","10":"pa_yazar-sonja-danowski","12":"first","13":"instock","14":"sale","15":"shipping-taxable","16":"purchasable","17":"product-type-simple"},"_links":{"self":[{"href":"https:\/\/roveyayinevi.com.tr\/index.php\/wp-json\/wp\/v2\/product\/738834","targetHints":{"allow":["GET"]}}],"collection":[{"href":"https:\/\/roveyayinevi.com.tr\/index.php\/wp-json\/wp\/v2\/product"}],"about":[{"href":"https:\/\/roveyayinevi.com.tr\/index.php\/wp-json\/wp\/v2\/types\/product"}],"wp:attachment":[{"href":"https:\/\/roveyayinevi.com.tr\/index.php\/wp-json\/wp\/v2\/media?parent=738834"}],"wp:term":[{"taxonomy":"product_brand","embeddable":true,"href":"https:\/\/roveyayinevi.com.tr\/index.php\/wp-json\/wp\/v2\/product_brand?post=738834"},{"taxonomy":"product_cat","embeddable":true,"href":"https:\/\/roveyayinevi.com.tr\/index.php\/wp-json\/wp\/v2\/product_cat?post=738834"},{"taxonomy":"product_tag","embeddable":true,"href":"https:\/\/roveyayinevi.com.tr\/index.php\/wp-json\/wp\/v2\/product_tag?post=738834"}],"curies":[{"name":"wp","href":"https:\/\/api.w.org\/{rel}","templated":true}]}}